{"id":20192,"date":"2026-02-09T19:13:43","date_gmt":"2026-02-09T17:13:43","guid":{"rendered":"https:\/\/zbranebudai.sk\/?post_type=product&#038;p=20192"},"modified":"2026-02-10T14:40:00","modified_gmt":"2026-02-10T12:40:00","slug":"deerhunter-atlas-erdo-zold-noi-polar-melleny","status":"publish","type":"product","link":"https:\/\/zbranebudai.sk\/hu\/product\/deerhunter-atlas-forest-green-damska-polarna-vesta\/","title":{"rendered":"Deerhunter Atlas Forest Green n\u0151i pol\u00e1r mell\u00e9ny"},"content":{"rendered":"<p><strong>Deerhunter Atlas Forest Green n\u0151i pol\u00e1r mell\u00e9ny<\/strong> praktikus \u00e9s sokoldal\u00fa ruhadarab, amely ide\u00e1lis r\u00e9teges viseletk\u00e9nt h\u0171v\u00f6sebb napokon vagy \u00f6n\u00e1ll\u00f3 ruhadarabk\u00e9nt enyh\u00e9bb id\u0151ben. Alkalmas vad\u00e1szathoz, t\u00far\u00e1z\u00e1shoz, horg\u00e1szathoz vagy mindennapi haszn\u00e1latra a szabadban. Puha \u00e9s meleg\u00edt\u0151 pol\u00e1r fleece anyagb\u00f3l k\u00e9sz\u00fclt, amely kiv\u00e1l\u00f3 h\u0151szigetel\u00e9st biztos\u00edt, mik\u00f6zben k\u00f6nny\u0171 \u00e9s l\u00e9legz\u0151 marad. A k\u00e9tir\u00e1ny\u00fa sztreccs szabad mozg\u00e1st tesz lehet\u0151v\u00e9. A teljes hossz\u00fas\u00e1g\u00fa cipz\u00e1r k\u00f6nny\u0171 fel- \u00e9s lev\u00e9telt biztos\u00edt. A mell\u00e9ny k\u00e9t praktikus oldalzsebbel \u00e9s egy-egy cipz\u00e1ras mellzsebbel rendelkezik, amelyek biztons\u00e1gos helyet biztos\u00edtanak az apr\u00f3bb t\u00e1rgyak vagy k\u00e9zmeleg\u00edt\u0151k t\u00e1rol\u00e1s\u00e1ra. K\u00f6nnyen kombin\u00e1lhat\u00f3 m\u00e1s k\u00fclt\u00e9ri ruh\u00e1zattal.<\/p>\n<h2>A term\u00e9k jellemz\u0151i<\/h2>\n<ul>\n<li><strong>Sz\u00edn:<\/strong> erd\u0151 z\u00f6ld<\/li>\n<li><strong>Anyag:<\/strong> 100 % poli\u00e9szter<\/li>\n<li><strong>Aj\u00e1nlott mos\u00e1s:<\/strong> 40 \u00b0C, kiford\u00edtva mossa, ne haszn\u00e1ljon l\u00e1gy\u00edt\u00f3t, ne feh\u00e9r\u00edtse, ne sz\u00e1r\u00edtsa sz\u00e1r\u00edt\u00f3g\u00e9pben, ne vasalja.<\/li>\n<li><strong>Gondoskod\u00e1s:<\/strong> hasonl\u00f3 sz\u00ednekkel moshat\u00f3, l\u00f3g\u00f3sz\u00e1r\u00edt\u00e1ssal, nem tiszt\u00edthat\u00f3 sz\u00e1razon.<\/li>\n<\/ul>\n<h2>Term\u00e9k param\u00e9terek<\/h2>\n<ul>\n<li>Puha \u00e9s csendes anyag<\/li>\n<li>L\u00e9legz\u0151<\/li>\n<li>Praktikus cipz\u00e1ras zsebek<\/li>\n<li>Univerz\u00e1lis tervez\u00e9s<\/li>\n<li>OEKO-TEX\u00ae tan\u00fas\u00edtv\u00e1ny<\/li>\n<\/ul>","protected":false},"excerpt":{"rendered":"<p>A Deerhunter Atlas Forest Green n\u0151i pol\u00e1r mell\u00e9ny puha, meleg \u00e9s halk anyag\u00e1val ide\u00e1lis r\u00e9teges \u00f6lt\u00f6zk\u00f6d\u00e9shez h\u0171v\u00f6sebb napokon, vagy \u00f6n\u00e1ll\u00f3 viseletk\u00e9nt enyh\u00e9bb id\u0151ben. L\u00e9g\u00e1tereszt\u0151 kialak\u00edt\u00e1sa \u00e9s cipz\u00e1ras zsebei k\u00e9nyelmes mozg\u00e1st \u00e9s praktikus t\u00e1rol\u00e1st biztos\u00edtanak vad\u00e1szathoz, t\u00far\u00e1z\u00e1shoz \u00e9s mindennapi szabadt\u00e9ri haszn\u00e1lathoz.<\/p>","protected":false},"featured_media":20244,"template":"","meta":{"_gspb_post_css":""},"product_brand":[],"product_cat":[2574],"product_tag":[2638,2322],"class_list":{"0":"post-20192","1":"product","2":"type-product","3":"status-publish","4":"has-post-thumbnail","6":"product_cat-bundy-a-svetre","7":"product_tag-atlas","8":"product_tag-deerhunter","10":"first","11":"instock","12":"taxable","13":"shipping-taxable","14":"purchasable","15":"product-type-variable","16":"has-default-attributes"},"ct_brands":[],"_links":{"self":[{"href":"https:\/\/zbranebudai.sk\/hu\/wp-json\/wp\/v2\/product\/20192","targetHints":{"allow":["GET"]}}],"collection":[{"href":"https:\/\/zbranebudai.sk\/hu\/wp-json\/wp\/v2\/product"}],"about":[{"href":"https:\/\/zbranebudai.sk\/hu\/wp-json\/wp\/v2\/types\/product"}],"wp:featuredmedia":[{"embeddable":true,"href":"https:\/\/zbranebudai.sk\/hu\/wp-json\/wp\/v2\/media\/20244"}],"wp:attachment":[{"href":"https:\/\/zbranebudai.sk\/hu\/wp-json\/wp\/v2\/media?parent=20192"}],"wp:term":[{"taxonomy":"product_brand","embeddable":true,"href":"https:\/\/zbranebudai.sk\/hu\/wp-json\/wp\/v2\/product_brand?post=20192"},{"taxonomy":"product_cat","embeddable":true,"href":"https:\/\/zbranebudai.sk\/hu\/wp-json\/wp\/v2\/product_cat?post=20192"},{"taxonomy":"product_tag","embeddable":true,"href":"https:\/\/zbranebudai.sk\/hu\/wp-json\/wp\/v2\/product_tag?post=20192"}],"curies":[{"name":"wp","href":"https:\/\/api.w.org\/{rel}","templated":true}]}}