{"id":20187,"date":"2026-02-09T19:13:43","date_gmt":"2026-02-09T17:13:43","guid":{"rendered":"https:\/\/zbranebudai.sk\/?post_type=product&#038;p=20187"},"modified":"2026-02-10T15:28:38","modified_gmt":"2026-02-10T13:28:38","slug":"deerhunter-rogaland-cipzarral-barna-level-melange-ferfi-melegitofelso","status":"publish","type":"product","link":"https:\/\/zbranebudai.sk\/hu\/product\/deerhunter-rogaland-so-zipsom-brown-leaf-melange-panska-mikina\/","title":{"rendered":"Deerhunter Rogaland cipz\u00e1rral Brown Leaf Melange f\u00e9rfi pul\u00f3ver"},"content":{"rendered":"<p><strong>Deerhunter Rogaland cipz\u00e1rral Brown Leaf Melange f\u00e9rfi pul\u00f3ver<\/strong> st\u00edlusos darab f\u00e9rfiaknak, ide\u00e1lis vad\u00e1szatra, munk\u00e1ba, v\u00e1rosba. Ide\u00e1lis a gazd\u00e1lkod\u00f3 sz\u00e1m\u00e1ra is. Klasszikus akril k\u00f6t\u00f6tt anyagb\u00f3l k\u00e9sz\u00fclt, amely k\u00e9nyelmes viselet, nem irrit\u00e1lja a b\u0151rt \u00e9s szabad mozg\u00e1st biztos\u00edt. A v\u00e1ll \u00e9s a k\u00f6ny\u00f6k ter\u00fclet\u00e9n kontrasztos dupla anyaggal rendelkezik. Vad\u00e1szathoz vagy k\u00f6nny\u0171 gyalogl\u00e1shoz viselhet\u0151, k\u00fcls\u0151 vagy k\u00f6z\u00e9ps\u0151 r\u00e9tegk\u00e9nt is alkalmas. Az id\u0151j\u00e1r\u00e1st\u00f3l \u00e9s az \u00e9vszakt\u00f3l f\u00fcgg.<\/p>\n<h2>Term\u00e9kle\u00edr\u00e1s<\/h2>\n<ul>\n<li><strong>Sz\u00edn:<\/strong> 572 - barna highlighter<\/li>\n<li><strong>M\u00e9retek:<\/strong> S-4XL<\/li>\n<li><strong>Anyag:<\/strong> 100 % akril<\/li>\n<\/ul>\n<h2>Term\u00e9k param\u00e9terek<\/h2>\n<ul>\n<li>Dupla sz\u00f6vet a v\u00e1llakon \u00e9s a k\u00f6ny\u00f6k\u00f6n<\/li>\n<li>K\u00e9nyelmes viselet<\/li>\n<li>Sokoldal\u00fa haszn\u00e1lat<\/li>\n<\/ul>","protected":false},"excerpt":{"rendered":"<p>A Deerhunter Rogaland Brown Leaf Melange f\u00e9rfi pul\u00f3ver eleg\u00e1ns, k\u00e9nyelmes darab, amely vad\u00e1szathoz, munk\u00e1ba \u00e9s v\u00e1rosi viselethez is j\u00f3l haszn\u00e1lhat\u00f3, farmerrel is t\u00f6k\u00e9letesen mutat. Klasszikus akril k\u00f6t\u00e9se \u00e9s a v\u00e1lln\u00e1l, k\u00f6ny\u00f6kn\u00e9l er\u0151s\u00edtett dupla anyag tart\u00f3s, m\u00e9gis szabad mozg\u00e1st biztos\u00edt\u00f3 fels\u0151 vagy k\u00f6z\u00e9ps\u0151 r\u00e9tegg\u00e9 teszi.<\/p>","protected":false},"featured_media":20229,"template":"","meta":{"_gspb_post_css":""},"product_brand":[],"product_cat":[2574],"product_tag":[2322,2605],"class_list":{"0":"post-20187","1":"product","2":"type-product","3":"status-publish","4":"has-post-thumbnail","6":"product_cat-bundy-a-svetre","7":"product_tag-deerhunter","8":"product_tag-rogaland","10":"first","11":"instock","12":"taxable","13":"shipping-taxable","14":"purchasable","15":"product-type-variable","16":"has-default-attributes"},"ct_brands":[],"_links":{"self":[{"href":"https:\/\/zbranebudai.sk\/hu\/wp-json\/wp\/v2\/product\/20187","targetHints":{"allow":["GET"]}}],"collection":[{"href":"https:\/\/zbranebudai.sk\/hu\/wp-json\/wp\/v2\/product"}],"about":[{"href":"https:\/\/zbranebudai.sk\/hu\/wp-json\/wp\/v2\/types\/product"}],"wp:featuredmedia":[{"embeddable":true,"href":"https:\/\/zbranebudai.sk\/hu\/wp-json\/wp\/v2\/media\/20229"}],"wp:attachment":[{"href":"https:\/\/zbranebudai.sk\/hu\/wp-json\/wp\/v2\/media?parent=20187"}],"wp:term":[{"taxonomy":"product_brand","embeddable":true,"href":"https:\/\/zbranebudai.sk\/hu\/wp-json\/wp\/v2\/product_brand?post=20187"},{"taxonomy":"product_cat","embeddable":true,"href":"https:\/\/zbranebudai.sk\/hu\/wp-json\/wp\/v2\/product_cat?post=20187"},{"taxonomy":"product_tag","embeddable":true,"href":"https:\/\/zbranebudai.sk\/hu\/wp-json\/wp\/v2\/product_tag?post=20187"}],"curies":[{"name":"wp","href":"https:\/\/api.w.org\/{rel}","templated":true}]}}