{"id":20186,"date":"2026-02-09T19:13:43","date_gmt":"2026-02-09T17:13:43","guid":{"rendered":"https:\/\/zbranebudai.sk\/?post_type=product&#038;p=20186"},"modified":"2026-02-10T15:30:38","modified_gmt":"2026-02-10T13:30:38","slug":"deerhunter-mouflon-max-5-camo-ferfi-vadaszkabat","status":"publish","type":"product","link":"https:\/\/zbranebudai.sk\/hu\/product\/deerhunter-muflon-max-5-camo-panska-lovecka-bunda\/","title":{"rendered":"Deerhunter Muflon Max-5 camo f\u00e9rfi vad\u00e1sz kab\u00e1t"},"content":{"rendered":"<p><strong>Deerhunter Muflon Max-5 camo f\u00e9rfi vad\u00e1sz kab\u00e1t<\/strong> eg\u00e9sz \u00e9vben vagy k\u00fcl\u00f6n\u00f6sen az \u0151szi vad\u00e1szatokon viselhet\u0151. Ez a Deerhunter gy\u00e1rt\u00f3t\u00f3l sz\u00e1rmaz\u00f3 fels\u0151 kab\u00e1t eg\u00e9sz \u0151sszel elegend\u0151 meleget garant\u00e1l. Egyedi csendes anyag \u00e9s kontrasztos sz\u00ednek, amelyek t\u00f6k\u00e9letesen illeszkednek a term\u00e9szetbe. A Deerhunter vad\u00e1szkab\u00e1t garant\u00e1lja a fantasztikus vad\u00e1sz\u00e9lm\u00e9nyt. Egy nagyszer\u0171 softshell kab\u00e1t, amelyet eg\u00e9sz \u00e9vben haszn\u00e1lhat. A kab\u00e1t k\u00f6z\u00e9pr\u00e9tegk\u00e9nt is haszn\u00e1lhat\u00f3, p\u00e9ld\u00e1ul a Muflon term\u00e9kcsal\u00e1d t\u00e9li kab\u00e1tja alatt.<\/p>\n<h2>Term\u00e9kle\u00edr\u00e1s<\/h2>\n<ul>\n<li><strong>M\u00e9retek:<\/strong> 48-64<\/li>\n<li><strong>Sz\u00edn:<\/strong> 376 - Art Green<\/li>\n<li><strong>A k\u00fcls\u0151 r\u00e9teg \u00f6sszet\u00e9tele:<\/strong> 97 % poli\u00e9szter, 3 % elaszt\u00e1n<\/li>\n<\/ul>\n<h2>Term\u00e9k param\u00e9terek<\/h2>\n<ul>\n<li>F\u0171t\u0151anyag<\/li>\n<li>F\u00fcgg\u0151leges cipz\u00e1ras zsebek<\/li>\n<li>K\u00e9t cipz\u00e1ras el\u00fcls\u0151 zseb<\/li>\n<\/ul>","protected":false},"excerpt":{"rendered":"<p>A Deerhunter Muflon Max-5 camo f\u00e9rfi vad\u00e1szkab\u00e1t csendes, rugalmas \u00e9s meleg anyagb\u00f3l k\u00e9sz\u00fcl, \u00edgy eg\u00e9sz \u00e9vben, k\u00fcl\u00f6n\u00f6sen \u0151szi vad\u00e1szathoz ide\u00e1lis fels\u0151 vagy k\u00f6z\u00e9ps\u0151 r\u00e9teg. \u00c1lc\u00e1zott mint\u00e1zata \u00e9s praktikus cipz\u00e1ras zsebei k\u00e9nyelmes, diszkr\u00e9t \u00e9s funkcion\u00e1lis viseletet adnak a term\u00e9szetben.<\/p>","protected":false},"featured_media":20227,"template":"","meta":{"_gspb_post_css":""},"product_brand":[],"product_cat":[2574],"product_tag":[2322,2635],"class_list":{"0":"post-20186","1":"product","2":"type-product","3":"status-publish","4":"has-post-thumbnail","6":"product_cat-bundy-a-svetre","7":"product_tag-deerhunter","8":"product_tag-muflon-max-5-camo","10":"first","11":"instock","12":"taxable","13":"shipping-taxable","14":"purchasable","15":"product-type-variable","16":"has-default-attributes"},"ct_brands":[],"_links":{"self":[{"href":"https:\/\/zbranebudai.sk\/hu\/wp-json\/wp\/v2\/product\/20186","targetHints":{"allow":["GET"]}}],"collection":[{"href":"https:\/\/zbranebudai.sk\/hu\/wp-json\/wp\/v2\/product"}],"about":[{"href":"https:\/\/zbranebudai.sk\/hu\/wp-json\/wp\/v2\/types\/product"}],"wp:featuredmedia":[{"embeddable":true,"href":"https:\/\/zbranebudai.sk\/hu\/wp-json\/wp\/v2\/media\/20227"}],"wp:attachment":[{"href":"https:\/\/zbranebudai.sk\/hu\/wp-json\/wp\/v2\/media?parent=20186"}],"wp:term":[{"taxonomy":"product_brand","embeddable":true,"href":"https:\/\/zbranebudai.sk\/hu\/wp-json\/wp\/v2\/product_brand?post=20186"},{"taxonomy":"product_cat","embeddable":true,"href":"https:\/\/zbranebudai.sk\/hu\/wp-json\/wp\/v2\/product_cat?post=20186"},{"taxonomy":"product_tag","embeddable":true,"href":"https:\/\/zbranebudai.sk\/hu\/wp-json\/wp\/v2\/product_tag?post=20186"}],"curies":[{"name":"wp","href":"https:\/\/api.w.org\/{rel}","templated":true}]}}