{"id":20185,"date":"2026-02-09T19:13:43","date_gmt":"2026-02-09T17:13:43","guid":{"rendered":"https:\/\/zbranebudai.sk\/?post_type=product&#038;p=20185"},"modified":"2026-02-10T15:31:56","modified_gmt":"2026-02-10T13:31:56","slug":"deerhunter-lady-szigetelt-piros-noi-pulover-2","status":"publish","type":"product","link":"https:\/\/zbranebudai.sk\/hu\/product\/deerhunter-lady-insulated-red-damska-mikina-2\/","title":{"rendered":"Deerhunter Lady Insulated Red n\u0151i pul\u00f3ver"},"content":{"rendered":"<p><strong>Deerhunter Lady szigetelt piros meleg\u00edt\u0151fels\u0151<\/strong> puha \u00e9s meleg, ugyanakkor st\u00edlusos kialak\u00edt\u00e1s\u00fa. Ez a kab\u00e1t barna, z\u00f6ld \u00e9s piros sz\u00ednben kaphat\u00f3, \u00e9s biztosan megragadja a tekinteteket. Ez a kab\u00e1t t\u00f6k\u00e9letes ny\u00e1ri est\u00e9kre, miut\u00e1n a nap lemegy, kora \u0151szi napokra vagy fagyos t\u00e9li napokra, amikor egy kis szigetel\u00e9sre van sz\u00fcks\u00e9ge a t\u00e9likab\u00e1t alatt.<\/p>\n<h2>Term\u00e9kle\u00edr\u00e1s<\/h2>\n<ul>\n<li><strong>M\u00e9retek:<\/strong> 36-44<\/li>\n<li><strong>Sz\u00edn:<\/strong> 456 - V\u00f6r\u00f6s melange<\/li>\n<li><strong>A k\u00fcls\u0151 r\u00e9teg \u00f6sszet\u00e9tele:<\/strong> 88 % poli\u00e9szter \/ 12 % elaszt\u00e1n<\/li>\n<\/ul>\n<h2>Term\u00e9k param\u00e9terek<\/h2>\n<ul>\n<li>Puha \u00e9s meleg anyag<\/li>\n<li>Ide\u00e1lis alapr\u00e9tegk\u00e9nt<\/li>\n<li>Kiv\u00e1l\u00f3 h\u0151szigetel\u00e9s<\/li>\n<\/ul>","protected":false},"excerpt":{"rendered":"<p>A Deerhunter Lady Insulated Red n\u0151i pul\u00f3ver puha, meleg \u00e9s rugalmas anyag\u00e1nak k\u00f6sz\u00f6nhet\u0151en k\u00e9nyelmes viselet napnyugta ut\u00e1ni ny\u00e1ri est\u00e9kre, kora \u0151szi napokra \u00e9s fagyos t\u00e9li id\u0151ben is. Ide\u00e1lis als\u00f3 r\u00e9tegk\u00e9nt a kab\u00e1t al\u00e1, amikor extra h\u0151szigetel\u00e9sre van sz\u00fcks\u00e9ged.<\/p>","protected":false},"featured_media":20225,"template":"","meta":{"_gspb_post_css":""},"product_brand":[],"product_cat":[2574],"product_tag":[2322,2634],"class_list":{"0":"post-20185","1":"product","2":"type-product","3":"status-publish","4":"has-post-thumbnail","6":"product_cat-bundy-a-svetre","7":"product_tag-deerhunter","8":"product_tag-lady-insulated","10":"first","11":"instock","12":"taxable","13":"shipping-taxable","14":"purchasable","15":"product-type-variable","16":"has-default-attributes"},"ct_brands":[],"_links":{"self":[{"href":"https:\/\/zbranebudai.sk\/hu\/wp-json\/wp\/v2\/product\/20185","targetHints":{"allow":["GET"]}}],"collection":[{"href":"https:\/\/zbranebudai.sk\/hu\/wp-json\/wp\/v2\/product"}],"about":[{"href":"https:\/\/zbranebudai.sk\/hu\/wp-json\/wp\/v2\/types\/product"}],"wp:featuredmedia":[{"embeddable":true,"href":"https:\/\/zbranebudai.sk\/hu\/wp-json\/wp\/v2\/media\/20225"}],"wp:attachment":[{"href":"https:\/\/zbranebudai.sk\/hu\/wp-json\/wp\/v2\/media?parent=20185"}],"wp:term":[{"taxonomy":"product_brand","embeddable":true,"href":"https:\/\/zbranebudai.sk\/hu\/wp-json\/wp\/v2\/product_brand?post=20185"},{"taxonomy":"product_cat","embeddable":true,"href":"https:\/\/zbranebudai.sk\/hu\/wp-json\/wp\/v2\/product_cat?post=20185"},{"taxonomy":"product_tag","embeddable":true,"href":"https:\/\/zbranebudai.sk\/hu\/wp-json\/wp\/v2\/product_tag?post=20185"}],"curies":[{"name":"wp","href":"https:\/\/api.w.org\/{rel}","templated":true}]}}