{"id":20183,"date":"2026-02-09T19:13:43","date_gmt":"2026-02-09T17:13:43","guid":{"rendered":"https:\/\/zbranebudai.sk\/?post_type=product&#038;p=20183"},"modified":"2026-02-10T15:27:11","modified_gmt":"2026-02-10T13:27:11","slug":"deerhunter-explore-winter-realtree-edge-narancssarga-teli-kabat","status":"publish","type":"product","link":"https:\/\/zbranebudai.sk\/hu\/product\/deerhunter-explore-winter-realtree-edge-orange-zimna-bunda\/","title":{"rendered":"Deerhunter Explore Winter Realtree Edge Orange kab\u00e1t t\u00e9li"},"content":{"rendered":"<p><strong>Deerhunter Explore Winter Realtree Edge narancss\u00e1rga kab\u00e1t<\/strong> ha a kem\u00e9ny t\u00e9len a fagy \u00e9s az es\u0151 elker\u00fcl\u00e9se \u00e9rdek\u00e9ben haszn\u00e1lja, \u00fajra \u00e9lvezheti a vad\u00e1szkalandokat. A Deerhunter Explore Winter Hunting Jacket lehet\u0151v\u00e9 teszi, hogy magabiztosan vegye az id\u0151j\u00e1r\u00e1s legnehezebb akad\u00e1lyait is. A Deer-Tex Performance Shell membr\u00e1n megv\u00e9d a heves felh\u0151szakad\u00e1s ellen, m\u00edg a Deer-Tex Temp szigetel\u00e9s t\u00e1vol tartja a hideget. Ha nagyon hideg h\u0151m\u00e9rs\u00e9kleten szeretne vad\u00e1szni, a szigetelt vad\u00e1szruh\u00e1zat v\u00e1laszt\u00e1sa nagyon el\u0151ny\u00f6s lesz. A p\u00e1rn\u00e1zotts\u00e1got vagy a szigetel\u00e9st \u00fagy tervezt\u00e9k, hogy melegen tartsa \u00d6nt. Fontos, hogy a nap folyam\u00e1n stabil testh\u0151m\u00e9rs\u00e9kletet tudjon tartani, hogy ne fagyjon meg.<\/p>\n<p>A Deer-Tex\u00ae Performance Shell membr\u00e1n a k\u00fcls\u0151 anyag h\u00e1toldal\u00e1ra van lamin\u00e1lva, \u00e9s az \u00f6sszes varrathoz ragasztva, \u00edgy az 100% v\u00edz\u00e1ll\u00f3. Ez a membr\u00e1n rendk\u00edv\u00fcl k\u00f6nny\u0171, \u00e9s a Deerhunter technikai term\u00e9keiben haszn\u00e1lj\u00e1k.<\/p>\n<p>A Deer Tex h\u0151szigetel\u00e9s egy h\u00e1romr\u00e9teg\u0171 t\u00f6ltel\u00e9k, amely magas h\u0151m\u00e9rs\u00e9kleten egym\u00e1shoz tapad\u00f3 sz\u00e1lakb\u00f3l \u00e1ll. Ez az egyed\u00fcl\u00e1ll\u00f3 szerkezet extr\u00e9m puhas\u00e1got eredm\u00e9nyez. A Deer-Tex Temp \u00f6sszegy\u0171jti a testh\u0151t, m\u00edg az el\u00fcls\u0151 sz\u00f6vet biztos\u00edtja, hogy a h\u0151 a r\u00e9tegeken bel\u00fcl maradjon, \u00e9s szigetelje a testet.<\/p>\n<h2>Term\u00e9kle\u00edr\u00e1s<\/h2>\n<ul>\n<li>M\u00e9ret: 48-64<\/li>\n<li>Sz\u00edn: 573 - Holl\u00f3<\/li>\n<li>K\u00fcls\u0151 r\u00e9teg \u00f6sszet\u00e9tele: 100 % poli\u00e9szter<\/li>\n<li>Kontraszt: 100 % poli\u00e9szter<\/li>\n<li>Fel\u00fclet: v\u00edztasz\u00edt\u00f3<\/li>\n<li>Szigetel\u00e9s: 200 g\/m\u00b2 + 150 g\/m\u00b2<\/li>\n<\/ul>\n<h2>Term\u00e9k param\u00e9terek<\/h2>\n<ul>\n<li>Levehet\u0151 kapucni<\/li>\n<li>YKK k\u00e9tir\u00e1ny\u00fa cipz\u00e1r<\/li>\n<li>1 cipz\u00e1ras mellzseb<\/li>\n<li>2 cipz\u00e1ras k\u00e9zmeleg\u00edt\u0151 zseb<\/li>\n<li>2 als\u00f3 el\u00fcls\u0151 zseb lekerek\u00edtett sz\u00e9les ny\u00edl\u00e1sokkal a k\u00f6nny\u0171 hozz\u00e1f\u00e9r\u00e9s \u00e9rdek\u00e9ben<\/li>\n<li>K\u00e9tir\u00e1ny\u00fa cipz\u00e1r a h\u00f3naljban a szell\u0151z\u00e9s \u00e9rdek\u00e9ben<\/li>\n<li>\u00c1ll\u00edthat\u00f3 mandzsetta p\u00e1ntokkal \u00e9s t\u00e9p\u0151z\u00e1rral<\/li>\n<\/ul>","protected":false},"excerpt":{"rendered":"<p>A Deerhunter Explore Winter Realtree Edge Orange kab\u00e1t er\u0151sen szigetelt, v\u00edz- \u00e9s sz\u00e9l\u00e1ll\u00f3 vad\u00e1szkab\u00e1t, amely a Deer-Tex Performance Shell membr\u00e1nnak \u00e9s Deer-Tex Temp t\u00f6ltetnek k\u00f6sz\u00f6nhet\u0151en zord t\u00e9li id\u0151ben is melegen \u00e9s sz\u00e1razon tart. Levehet\u0151 kapucnija, szell\u0151z\u0151 cipz\u00e1rjai \u00e9s t\u00f6bb praktikus zsebe k\u00e9nyelmes, funkcion\u00e1lis viseletet ad a hossz\u00fa t\u00e9li vad\u00e1szatokhoz.<\/p>","protected":false},"featured_media":20207,"template":"","meta":{"_gspb_post_css":""},"product_brand":[],"product_cat":[2574],"product_tag":[2322,2633],"class_list":{"0":"post-20183","1":"product","2":"type-product","3":"status-publish","4":"has-post-thumbnail","6":"product_cat-bundy-a-svetre","7":"product_tag-deerhunter","8":"product_tag-explore-winter-realtree-edge","10":"first","11":"instock","12":"taxable","13":"shipping-taxable","14":"purchasable","15":"product-type-variable","16":"has-default-attributes"},"ct_brands":[],"_links":{"self":[{"href":"https:\/\/zbranebudai.sk\/hu\/wp-json\/wp\/v2\/product\/20183","targetHints":{"allow":["GET"]}}],"collection":[{"href":"https:\/\/zbranebudai.sk\/hu\/wp-json\/wp\/v2\/product"}],"about":[{"href":"https:\/\/zbranebudai.sk\/hu\/wp-json\/wp\/v2\/types\/product"}],"wp:featuredmedia":[{"embeddable":true,"href":"https:\/\/zbranebudai.sk\/hu\/wp-json\/wp\/v2\/media\/20207"}],"wp:attachment":[{"href":"https:\/\/zbranebudai.sk\/hu\/wp-json\/wp\/v2\/media?parent=20183"}],"wp:term":[{"taxonomy":"product_brand","embeddable":true,"href":"https:\/\/zbranebudai.sk\/hu\/wp-json\/wp\/v2\/product_brand?post=20183"},{"taxonomy":"product_cat","embeddable":true,"href":"https:\/\/zbranebudai.sk\/hu\/wp-json\/wp\/v2\/product_cat?post=20183"},{"taxonomy":"product_tag","embeddable":true,"href":"https:\/\/zbranebudai.sk\/hu\/wp-json\/wp\/v2\/product_tag?post=20183"}],"curies":[{"name":"wp","href":"https:\/\/api.w.org\/{rel}","templated":true}]}}