{"id":20181,"date":"2026-02-09T19:13:42","date_gmt":"2026-02-09T17:13:42","guid":{"rendered":"https:\/\/zbranebudai.sk\/?post_type=product&#038;p=20181"},"modified":"2026-02-10T15:22:40","modified_gmt":"2026-02-10T13:22:40","slug":"deerhunter-chasse-beluga-noi-gyapju-pulcsi","status":"publish","type":"product","link":"https:\/\/zbranebudai.sk\/hu\/product\/deerhunter-chasse-beluga-damsky-vlneny-sveter\/","title":{"rendered":"Deerhunter Chasse \u2013 Beluga n\u0151i gyapj\u00fa pul\u00f3ver"},"content":{"rendered":"<p><strong>Deerhunter Chasse \u2013 Beluga n\u0151i gyapj\u00fa pul\u00f3ver<\/strong> a Chasse kollekci\u00f3 kieg\u00e9sz\u00edt\u0151 ruhamodellje. Kiv\u00e1l\u00f3 min\u0151s\u00e9g\u0171 gyapj\u00fab\u00f3l k\u00e9sz\u00fclt, hat\u00e9kony r\u00e9tegez\u00e9ssel. H\u0171v\u00f6s ny\u00e1ri \u00e9s tavaszi est\u00e9kre tervezt\u00e9k. K\u00e9t cipz\u00e1ras zsebbel \u00e9s k\u00e9t bels\u0151 zsebbel rendelkezik a vad\u00e1szati kieg\u00e9sz\u00edt\u0151k \u00e9s \u00e9rt\u00e9kt\u00e1rgyak t\u00e1rol\u00e1s\u00e1ra. A klasszikus, m\u00e9gis modern diz\u00e1jnt a szeg\u00e9lyen tal\u00e1lhat\u00f3 kontrasztos sz\u00edn\u0171 elasztikus p\u00e1nt eg\u00e9sz\u00edti ki.<\/p>\n<h2>Term\u00e9kle\u00edr\u00e1s<\/h2>\n<ul>\n<li><strong>Sz\u00edn:<\/strong> 385 - Beluga<\/li>\n<li><strong>M\u00e9ret:<\/strong> 36-46<\/li>\n<li><strong>Anyag:<\/strong> 100 % poli\u00e9szter, 250 g\/m2<\/li>\n<li><strong>Aj\u00e1nlott mos\u00e1s:<\/strong> ne haszn\u00e1ljon l\u00e1gy\u00edt\u00f3t, bel\u00fclr\u0151l kiford\u00edtva mossa, k\u00fcl\u00f6n mossa.<\/li>\n<\/ul>\n<h2>Term\u00e9k param\u00e9terek<\/h2>\n<ul>\n<li>Sokoldal\u00fa haszn\u00e1lat<\/li>\n<li>Klasszikus design<\/li>\n<li>Elasztikus der\u00e9kp\u00e1nt<\/li>\n<li>2 el\u00fcls\u0151 zseb<\/li>\n<li>2 bels\u0151 zseb<\/li>\n<\/ul>","protected":false},"excerpt":{"rendered":"<p>A Deerhunter Chasse Beluga n\u0151i gyapj\u00fa pul\u00f3ver puha, meleg \u00e9s r\u00e9tegez\u00e9sre ide\u00e1lis fels\u0151 r\u00e9teg h\u0171v\u00f6s ny\u00e1ri \u00e9s tavaszi est\u00e9kre. K\u00e9t k\u00fcls\u0151 \u00e9s k\u00e9t bels\u0151 zseb\u00e9ben k\u00e9nyelmesen elf\u00e9rnek a vad\u00e1szathoz vagy kir\u00e1ndul\u00e1shoz sz\u00fcks\u00e9ges apr\u00f3bb felszerel\u00e9sek, mik\u00f6zben klasszikus, m\u00e9gis modern megjelen\u00e9st ad.<\/p>","protected":false},"featured_media":20203,"template":"","meta":{"_gspb_post_css":""},"product_brand":[],"product_cat":[2574],"product_tag":[2372,2322],"class_list":{"0":"post-20181","1":"product","2":"type-product","3":"status-publish","4":"has-post-thumbnail","6":"product_cat-bundy-a-svetre","7":"product_tag-chasse","8":"product_tag-deerhunter","10":"first","11":"instock","12":"taxable","13":"shipping-taxable","14":"purchasable","15":"product-type-variable","16":"has-default-attributes"},"ct_brands":[],"_links":{"self":[{"href":"https:\/\/zbranebudai.sk\/hu\/wp-json\/wp\/v2\/product\/20181","targetHints":{"allow":["GET"]}}],"collection":[{"href":"https:\/\/zbranebudai.sk\/hu\/wp-json\/wp\/v2\/product"}],"about":[{"href":"https:\/\/zbranebudai.sk\/hu\/wp-json\/wp\/v2\/types\/product"}],"wp:featuredmedia":[{"embeddable":true,"href":"https:\/\/zbranebudai.sk\/hu\/wp-json\/wp\/v2\/media\/20203"}],"wp:attachment":[{"href":"https:\/\/zbranebudai.sk\/hu\/wp-json\/wp\/v2\/media?parent=20181"}],"wp:term":[{"taxonomy":"product_brand","embeddable":true,"href":"https:\/\/zbranebudai.sk\/hu\/wp-json\/wp\/v2\/product_brand?post=20181"},{"taxonomy":"product_cat","embeddable":true,"href":"https:\/\/zbranebudai.sk\/hu\/wp-json\/wp\/v2\/product_cat?post=20181"},{"taxonomy":"product_tag","embeddable":true,"href":"https:\/\/zbranebudai.sk\/hu\/wp-json\/wp\/v2\/product_tag?post=20181"}],"curies":[{"name":"wp","href":"https:\/\/api.w.org\/{rel}","templated":true}]}}