{"id":20179,"date":"2026-02-09T19:13:42","date_gmt":"2026-02-09T17:13:42","guid":{"rendered":"https:\/\/zbranebudai.sk\/?post_type=product&#038;p=20179"},"modified":"2026-02-10T15:36:20","modified_gmt":"2026-02-10T13:36:20","slug":"deerhunter-lady-pam-noi-fordithato-kabat","status":"publish","type":"product","link":"https:\/\/zbranebudai.sk\/hu\/product\/deerhunter-lady-pam-damska-obojstranna-bunda\/","title":{"rendered":"Deerhunter Lady Pam n\u0151i ketoldal\u00fa kab\u00e1t"},"content":{"rendered":"<p><strong>Deerhunter Lady Pam n\u0151i ketoldal\u00fa kab\u00e1t<\/strong> k\u00e9t nagyszer\u0171 st\u00edlust k\u00edn\u00e1l egy kab\u00e1tban vad\u00e1szathoz vagy szabadid\u0151h\u00f6z. Ez a megford\u00edthat\u00f3 kab\u00e1t klasszikus egysz\u00edn\u0171 szeg\u00e9llyel rendelkezik az egyik oldalon, \u00e9s vel\u00farbor\u00edt\u00e1ssal a hagyom\u00e1nyos st\u00edlushoz. Ford\u00edtsa ki, \u00e9s haszn\u00e1lja a modern narancss\u00e1rga sz\u00ednt ott, ahol a l\u00e1that\u00f3s\u00e1g kulcsfontoss\u00e1g\u00fa a biztons\u00e1g \u00e9rdek\u00e9ben. A Deerhunter PAM kab\u00e1t meleg, puha \u00e9s csendes. H\u00e1rom el\u00fcls\u0151 \u00e9s h\u00e1rom bels\u0151 zsebbel rendelkezik, mindh\u00e1rom rejtett cipz\u00e1rral.<\/p>\n<h2>Term\u00e9kle\u00edr\u00e1s<\/h2>\n<ul>\n<li><strong>M\u00e9retek:<\/strong> 36-48<\/li>\n<li><strong>Sz\u00edn:<\/strong> Camo<\/li>\n<li><strong>A k\u00fcls\u0151 r\u00e9teg \u00f6sszet\u00e9tele:<\/strong> 100 % poliamid<\/li>\n<li><strong>Fel\u00fcletkezel\u00e9s:<\/strong> v\u00edztasz\u00edt\u00f3<\/li>\n<\/ul>\n<h2>Term\u00e9k param\u00e9terek<\/h2>\n<ul>\n<li>Elasztikus anyag a jobb alak \u00e9s mozg\u00e1s \u00e9rdek\u00e9ben<\/li>\n<li>3 cipz\u00e1ras el\u00fcls\u0151 zseb<\/li>\n<li>Elasztikus szeg\u00e9ly a nadr\u00e1g alj\u00e1n<\/li>\n<li>3 bels\u0151 zseb<\/li>\n<li>K\u00f6nny\u0171 kab\u00e1t rendk\u00edv\u00fcl magas szigetel\u00e9ssel<\/li>\n<\/ul>","protected":false},"excerpt":{"rendered":"<p>A Deerhunter Lady Pam n\u0151i k\u00e9toldalas kab\u00e1t meleg, puha \u00e9s csendes viselet, amely vad\u00e1szathoz \u00e9s szabadid\u0151h\u00f6z is ide\u00e1lis, r\u00e1ad\u00e1sul egy kab\u00e1tban k\u00e9t k\u00fcl\u00f6nb\u00f6z\u0151 st\u00edlust k\u00edn\u00e1l. Klasszikus, visszafogott oldala mellett a modern narancss\u00e1rga oldal nagyobb l\u00e1that\u00f3s\u00e1got \u00e9s biztons\u00e1got ad, m\u00edg a hat cipz\u00e1ras zseb praktikus t\u00e1rol\u00e1st biztos\u00edt.<\/p>","protected":false},"featured_media":19716,"template":"","meta":{"_gspb_post_css":""},"product_brand":[],"product_cat":[2574],"product_tag":[2322,2558],"class_list":{"0":"post-20179","1":"product","2":"type-product","3":"status-publish","4":"has-post-thumbnail","6":"product_cat-bundy-a-svetre","7":"product_tag-deerhunter","8":"product_tag-lady-pam","10":"first","11":"outofstock","12":"taxable","13":"shipping-taxable","14":"product-type-variable","15":"has-default-attributes"},"ct_brands":[],"_links":{"self":[{"href":"https:\/\/zbranebudai.sk\/hu\/wp-json\/wp\/v2\/product\/20179","targetHints":{"allow":["GET"]}}],"collection":[{"href":"https:\/\/zbranebudai.sk\/hu\/wp-json\/wp\/v2\/product"}],"about":[{"href":"https:\/\/zbranebudai.sk\/hu\/wp-json\/wp\/v2\/types\/product"}],"wp:featuredmedia":[{"embeddable":true,"href":"https:\/\/zbranebudai.sk\/hu\/wp-json\/wp\/v2\/media\/19716"}],"wp:attachment":[{"href":"https:\/\/zbranebudai.sk\/hu\/wp-json\/wp\/v2\/media?parent=20179"}],"wp:term":[{"taxonomy":"product_brand","embeddable":true,"href":"https:\/\/zbranebudai.sk\/hu\/wp-json\/wp\/v2\/product_brand?post=20179"},{"taxonomy":"product_cat","embeddable":true,"href":"https:\/\/zbranebudai.sk\/hu\/wp-json\/wp\/v2\/product_cat?post=20179"},{"taxonomy":"product_tag","embeddable":true,"href":"https:\/\/zbranebudai.sk\/hu\/wp-json\/wp\/v2\/product_tag?post=20179"}],"curies":[{"name":"wp","href":"https:\/\/api.w.org\/{rel}","templated":true}]}}