{"id":20142,"date":"2026-02-09T19:13:35","date_gmt":"2026-02-09T17:13:35","guid":{"rendered":"https:\/\/zbranebudai.sk\/?post_type=product&#038;p=20142"},"modified":"2026-02-10T15:40:38","modified_gmt":"2026-02-10T13:40:38","slug":"deerhunter-ryan-brown-check-ferfi-felholdas-kes","status":"publish","type":"product","link":"https:\/\/zbranebudai.sk\/hu\/product\/deerhunter-ryan-brown-check-panska-polovnicka-kosela\/","title":{"rendered":"Deerhunter Ryan - Brown Check f\u00e9rfi vad\u00e1szing"},"content":{"rendered":"<p>F\u00e9rfi Deerhunter Ryan - Brown Check vad\u00e1szing k\u00e9nyelmes modell. T\u00f6k\u00e9letes darab mindenkinek, aki szereti a k\u00e9nyelmet. Laza szab\u00e1s\u00e1t minden term\u00e9szetbar\u00e1t \u00e9rt\u00e9kelni fogja. A klasszikus pamut modellt egy hurkokkal ell\u00e1tott el\u00fcls\u0151 zseb eg\u00e9sz\u00edti ki.<\/p>\n<h2>Term\u00e9kle\u00edr\u00e1s<\/h2>\n<ul>\n<li>Sz\u00edn: 48438 - Barna kock\u00e1s<\/li>\n<li>100 % pamut<\/li>\n<li>Aj\u00e1nlott mos\u00e1s: 40 \u00b0C, ne feh\u00e9r\u00edtse, ne sz\u00e1r\u00edtsa sz\u00e1r\u00edt\u00f3g\u00e9pben, vasalja max. 150 \u00b0C-on.<\/li>\n<li>\u00c1pol\u00e1s: mos\u00e1s hasonl\u00f3 sz\u00ednekkel<\/li>\n<\/ul>\n<h2>Term\u00e9k param\u00e9terek<\/h2>\n<ul>\n<li>Nyak\u00f6rv rejtett r\u00f6gz\u00edt\u00e9ssel<\/li>\n<li>Mellzseb<\/li>\n<li>K\u00e9nyelmes illeszked\u00e9s<\/li>\n<\/ul>","protected":false},"excerpt":{"rendered":"<p>A Deerhunter Ryan Brown Check f\u00e9rfi vad\u00e1szing k\u00e9nyelmes, lezser szab\u00e1s\u00fa, 100% pamut modell, amelyet minden term\u00e9szetkedvel\u0151 sz\u00edvesen visel. Klasszikus barna kock\u00e1s mint\u00e1ja, rejtett r\u00f6gz\u00edt\u00e9s\u0171 gall\u00e9rja \u00e9s f\u00fcles mellzsebe praktikus, m\u00e9gis visszafogott megjelen\u00e9st ad.<\/p>","protected":false},"featured_media":19269,"template":"","meta":{"_gspb_post_css":""},"product_brand":[],"product_cat":[2323],"product_tag":[2322,2433],"class_list":{"0":"post-20142","1":"product","2":"type-product","3":"status-publish","4":"has-post-thumbnail","6":"product_cat-kosele-a-tricka","7":"product_tag-deerhunter","8":"product_tag-ryan-brown-check","10":"first","11":"instock","12":"taxable","13":"shipping-taxable","14":"purchasable","15":"product-type-variable","16":"has-default-attributes"},"ct_brands":[],"_links":{"self":[{"href":"https:\/\/zbranebudai.sk\/hu\/wp-json\/wp\/v2\/product\/20142","targetHints":{"allow":["GET"]}}],"collection":[{"href":"https:\/\/zbranebudai.sk\/hu\/wp-json\/wp\/v2\/product"}],"about":[{"href":"https:\/\/zbranebudai.sk\/hu\/wp-json\/wp\/v2\/types\/product"}],"wp:featuredmedia":[{"embeddable":true,"href":"https:\/\/zbranebudai.sk\/hu\/wp-json\/wp\/v2\/media\/19269"}],"wp:attachment":[{"href":"https:\/\/zbranebudai.sk\/hu\/wp-json\/wp\/v2\/media?parent=20142"}],"wp:term":[{"taxonomy":"product_brand","embeddable":true,"href":"https:\/\/zbranebudai.sk\/hu\/wp-json\/wp\/v2\/product_brand?post=20142"},{"taxonomy":"product_cat","embeddable":true,"href":"https:\/\/zbranebudai.sk\/hu\/wp-json\/wp\/v2\/product_cat?post=20142"},{"taxonomy":"product_tag","embeddable":true,"href":"https:\/\/zbranebudai.sk\/hu\/wp-json\/wp\/v2\/product_tag?post=20142"}],"curies":[{"name":"wp","href":"https:\/\/api.w.org\/{rel}","templated":true}]}}