{"id":19940,"date":"2026-01-26T22:49:34","date_gmt":"2026-01-26T20:49:34","guid":{"rendered":"https:\/\/zbranebudai.sk\/?post_type=product&#038;p=19940"},"modified":"2026-01-27T11:25:38","modified_gmt":"2026-01-27T09:25:38","slug":"deerhunter-lady-swarm-noi-vadasz-nadrag","status":"publish","type":"product","link":"https:\/\/zbranebudai.sk\/hu\/product\/deerhunter-lady-roja-damske-lovecke-nohavice\/","title":{"rendered":"Deerhunter Lady Roja n\u0151i vad\u00e1sz nadr\u00e1g"},"content":{"rendered":"<p><strong>Deerhunter Lady Roja n\u0151i vad\u00e1sz nadr\u00e1g<\/strong> nagyszer\u0171 mobilit\u00e1st biztos\u00edt, \u00e9s nem hagyja cserben a durva terepen sem a szabadban t\u00f6lt\u00f6tt tavaszi \u00e9s ny\u00e1ri napokon. Elasztikus der\u00e9kp\u00e1nttal, el\u0151form\u00e1zott t\u00e9rdekkel \u00e9s a nadr\u00e1g alj\u00e1n tal\u00e1lhat\u00f3 meger\u0151s\u00edt\u00e9sekkel ez a nadr\u00e1g lehet\u0151v\u00e9 teszi, hogy a legjobb vad\u00e1sz- \u00e9s szabadt\u00e9ri kalandokat \u00e9lje \u00e1t. Az el\u00fcls\u0151 zsebek, a combzsebek \u00e9s a rejtett cipz\u00e1rral ell\u00e1tott h\u00e1ts\u00f3 zsebek mindent megtartanak, amire sz\u00fcks\u00e9ged van.<\/p>\n<div>\n<h2>Term\u00e9kle\u00edr\u00e1s<\/h2>\n<\/div>\n<ul>\n<li><strong>M\u00e9retek:<\/strong> 36 - 48<\/li>\n<li><strong>Sz\u00edn:<\/strong> barna \u00e9s fekete<\/li>\n<li><strong>K\u00fcls\u0151 anyag:<\/strong> 65 % poli\u00e9szter \/ 35 % pamut<\/li>\n<li><strong>Kontrasztos anyag:<\/strong> 57 % poliamid \/ 33 % poli\u00e9szter \/ 10 % elaszt\u00e1n<\/li>\n<li><strong>Meger\u0151s\u00edt\u00e9s:<\/strong> 100 % poli\u00e9szter<\/li>\n<\/ul>\n<h2>Term\u00e9k param\u00e9terek<\/h2>\n<ul>\n<li>Rugalmass\u00e1g a der\u00e9kn\u00e1l<\/li>\n<li>K\u00e9t el\u00fcls\u0151 zseb<\/li>\n<li>K\u00e9t combzseb rejtett cipz\u00e1rakkal<\/li>\n<li>K\u00e9s zseb a bal combzsebben<\/li>\n<li>H\u00e1ts\u00f3 zseb rejtett cipz\u00e1rral<\/li>\n<li>El\u0151re form\u00e1zott t\u00e9rdek<\/li>\n<li>B\u0151v\u00edthet\u0151 textilpanelek a jobb illeszked\u00e9s \u00e9s mobilit\u00e1s \u00e9rdek\u00e9ben<\/li>\n<li>Meger\u0151s\u00edt\u00e9s a nadr\u00e1g alj\u00e1n<\/li>\n<li>\u00c1ll\u00edthat\u00f3 bokap\u00e1ntok t\u00e9p\u0151z\u00e1ras r\u00f6gz\u00edt\u0151kkel<\/li>\n<\/ul>","protected":false},"excerpt":{"rendered":"<p>A Deerhunter Lady Roja n\u0151i vad\u00e1sznadr\u00e1got tavaszra \u00e9s ny\u00e1rra tervezt\u00e9k, elasztikus der\u00e9kr\u00e9sz\u00e9vel \u00e9s el\u0151form\u00e1zott t\u00e9rd\u00e9vel, amely szabad mozg\u00e1st biztos\u00edt a durva terepen. Meger\u0151s\u00edtett nadr\u00e1gsz\u00e1rral, \u00e1ll\u00edthat\u00f3 bokap\u00e1nttal \u00e9s t\u00f6bb rejtett cipz\u00e1ras zsebbel rendelkezik, \u00edgy 36-48-as m\u00e9retben praktikus v\u00e1laszt\u00e1s t\u00far\u00e1z\u00e1shoz \u00e9s vad\u00e1szathoz.<\/p>","protected":false},"featured_media":20020,"template":"","meta":{"_gspb_post_css":""},"product_brand":[],"product_cat":[2369],"product_tag":[2322,2609],"class_list":{"0":"post-19940","1":"product","2":"type-product","3":"status-publish","4":"has-post-thumbnail","6":"product_cat-nohavice","7":"product_tag-deerhunter","8":"product_tag-lady-roja","10":"first","11":"instock","12":"taxable","13":"shipping-taxable","14":"purchasable","15":"product-type-variable","16":"has-default-attributes"},"ct_brands":[],"_links":{"self":[{"href":"https:\/\/zbranebudai.sk\/hu\/wp-json\/wp\/v2\/product\/19940","targetHints":{"allow":["GET"]}}],"collection":[{"href":"https:\/\/zbranebudai.sk\/hu\/wp-json\/wp\/v2\/product"}],"about":[{"href":"https:\/\/zbranebudai.sk\/hu\/wp-json\/wp\/v2\/types\/product"}],"wp:featuredmedia":[{"embeddable":true,"href":"https:\/\/zbranebudai.sk\/hu\/wp-json\/wp\/v2\/media\/20020"}],"wp:attachment":[{"href":"https:\/\/zbranebudai.sk\/hu\/wp-json\/wp\/v2\/media?parent=19940"}],"wp:term":[{"taxonomy":"product_brand","embeddable":true,"href":"https:\/\/zbranebudai.sk\/hu\/wp-json\/wp\/v2\/product_brand?post=19940"},{"taxonomy":"product_cat","embeddable":true,"href":"https:\/\/zbranebudai.sk\/hu\/wp-json\/wp\/v2\/product_cat?post=19940"},{"taxonomy":"product_tag","embeddable":true,"href":"https:\/\/zbranebudai.sk\/hu\/wp-json\/wp\/v2\/product_tag?post=19940"}],"curies":[{"name":"wp","href":"https:\/\/api.w.org\/{rel}","templated":true}]}}