{"id":19939,"date":"2026-01-26T22:49:34","date_gmt":"2026-01-26T20:49:34","guid":{"rendered":"https:\/\/zbranebudai.sk\/?post_type=product&#038;p=19939"},"modified":"2026-01-27T11:24:13","modified_gmt":"2026-01-27T09:24:13","slug":"deerhunter-muflon-ferfi-teli-nadrag","status":"publish","type":"product","link":"https:\/\/zbranebudai.sk\/hu\/product\/deerhunter-muflon-panske-zimne-polovnicke-nohavice\/","title":{"rendered":"Deerhunter Muflon f\u00e9rfi t\u00e9li vad\u00e1sznadr\u00e1g"},"content":{"rendered":"<p><strong>Deerhunter Muflon f\u00e9rfi t\u00e9li vad\u00e1sznadr\u00e1g<\/strong> szigetel\u00e9ssel \u00e9s Deer-Tex membr\u00e1nnal. A Muflon nadr\u00e1g gyakorlatilag zajmentes anyagb\u00f3l k\u00e9sz\u00fclt, \u00edgy teljesen zajtalanul mozoghat az erd\u0151ben. A nadr\u00e1g oldal\u00e1n tal\u00e1lhat\u00f3 cipz\u00e1r \u00e9s az elasztikus l\u00e1bsz\u00e1rny\u00edl\u00e1s megk\u00f6nny\u00edti a fel- \u00e9s lev\u00e9telt. A Deerhunter nadr\u00e1g sz\u00e1mos nagyszer\u0171 tulajdons\u00e1ggal rendelkezik, amelyek biztos\u00edtj\u00e1k a k\u00e9nyelmet, a funkcionalit\u00e1st \u00e9s a mozg\u00e1sszabads\u00e1got. Term\u00e9szetesen a nadr\u00e1g v\u00edzleperget\u0151 Deer-Tex membr\u00e1nnal is fel van szerelve. A Muflon vad\u00e1sznadr\u00e1g a Deerhunter vad\u00e1szfelszerel\u00e9s r\u00e9sze, amely Deer-Tex membr\u00e1nnal v\u00e9d a sz\u00e9ls\u0151s\u00e9ges id\u0151j\u00e1r\u00e1si viszonyokt\u00f3l. A nadr\u00e1g j\u00f3l illeszkedik, combzsebekkel rendelkezik \u00e9s 3M Thinsulate szigetel\u00e9ssel van ell\u00e1tva.<\/p>\n<h2>Term\u00e9kle\u00edr\u00e1s<\/h2>\n<ul>\n<li><strong>M\u00e9ret:<\/strong> 48-64<\/li>\n<li><strong>Sz\u00edn:<\/strong> 376 - Art Green<\/li>\n<li><strong>A k\u00fcls\u0151 r\u00e9teg \u00f6sszet\u00e9tele:<\/strong> 100 % poli\u00e9szter<\/li>\n<li><strong>Kontraszt:<\/strong> 50 % poliamid \/ 50 % poliuret\u00e1n<\/li>\n<li><strong>Fel\u00fcletkezel\u00e9s:<\/strong> v\u00edztasz\u00edt\u00f3<\/li>\n<li><strong>Elszigetelts\u00e9g:<\/strong> 3M Thinsulate 40 g\/m\u00b2<\/li>\n<\/ul>\n<h2>Term\u00e9k param\u00e9terek<\/h2>\n<ul>\n<li>\u00c1ll\u00edthat\u00f3 elasztikus der\u00e9kp\u00e1nt<\/li>\n<li>K\u00e9t el\u00fcls\u0151 zseb<\/li>\n<li>Alak\u00edtott t\u00e9rdfel\u00fclet<\/li>\n<li>Nadr\u00e1g extr\u00e9m hidegre<\/li>\n<\/ul>","protected":false},"excerpt":{"rendered":"<p>A Deerhunter Muflon f\u00e9rfi t\u00e9li vad\u00e1sznadr\u00e1g Deer-Tex membr\u00e1nnal \u00e9s 3M Thinsulate szigetel\u00e9ssel k\u00e9sz\u00fcl, csendes anyaga miatt ide\u00e1lis hideg, szeles \u00e9s csapad\u00e9kos vad\u00e1szatra. \u00c1ll\u00edthat\u00f3 rugalmas der\u00e9kr\u00e9sszel, alak\u00edtott t\u00e9rddel \u00e9s praktikus zsebekkel ad k\u00e9nyelmet, a cipz\u00e1ras sz\u00e1rny\u00edl\u00e1s pedig megk\u00f6nny\u00edti a felv\u00e9telt, Art Green sz\u00ednben, 48-64 m\u00e9retben.<\/p>","protected":false},"featured_media":20014,"template":"","meta":{"_gspb_post_css":""},"product_brand":[],"product_cat":[2369],"product_tag":[2322,2608],"class_list":{"0":"post-19939","1":"product","2":"type-product","3":"status-publish","4":"has-post-thumbnail","6":"product_cat-nohavice","7":"product_tag-deerhunter","8":"product_tag-muflon","10":"first","11":"instock","12":"taxable","13":"shipping-taxable","14":"purchasable","15":"product-type-variable","16":"has-default-attributes"},"ct_brands":[],"_links":{"self":[{"href":"https:\/\/zbranebudai.sk\/hu\/wp-json\/wp\/v2\/product\/19939","targetHints":{"allow":["GET"]}}],"collection":[{"href":"https:\/\/zbranebudai.sk\/hu\/wp-json\/wp\/v2\/product"}],"about":[{"href":"https:\/\/zbranebudai.sk\/hu\/wp-json\/wp\/v2\/types\/product"}],"wp:featuredmedia":[{"embeddable":true,"href":"https:\/\/zbranebudai.sk\/hu\/wp-json\/wp\/v2\/media\/20014"}],"wp:attachment":[{"href":"https:\/\/zbranebudai.sk\/hu\/wp-json\/wp\/v2\/media?parent=19939"}],"wp:term":[{"taxonomy":"product_brand","embeddable":true,"href":"https:\/\/zbranebudai.sk\/hu\/wp-json\/wp\/v2\/product_brand?post=19939"},{"taxonomy":"product_cat","embeddable":true,"href":"https:\/\/zbranebudai.sk\/hu\/wp-json\/wp\/v2\/product_cat?post=19939"},{"taxonomy":"product_tag","embeddable":true,"href":"https:\/\/zbranebudai.sk\/hu\/wp-json\/wp\/v2\/product_tag?post=19939"}],"curies":[{"name":"wp","href":"https:\/\/api.w.org\/{rel}","templated":true}]}}