{"id":19930,"date":"2026-01-26T22:49:04","date_gmt":"2026-01-26T20:49:04","guid":{"rendered":"https:\/\/zbranebudai.sk\/?post_type=product&#038;p=19930"},"modified":"2026-01-27T11:30:45","modified_gmt":"2026-01-27T09:30:45","slug":"deerhunter-strike-ferfi-felnadrag","status":"publish","type":"product","link":"https:\/\/zbranebudai.sk\/hu\/product\/deerhunter-strike-panske-polovnicke-nohavice\/","title":{"rendered":"Deerhunter Strike f\u00e9rfi vad\u00e1sznadr\u00e1g"},"content":{"rendered":"<p><strong>Deerhunter Strike f\u00e9rfi vad\u00e1sznadr\u00e1g<\/strong> teflonfel\u00fclettel rendelkeznek, amely biztos\u00edtja a ruhadarab gyorsabb sz\u00e1rad\u00e1s\u00e1t. Ezek a nadr\u00e1gok nagyon n\u00e9pszer\u0171ek vad\u00e1szathoz, sportol\u00e1shoz, szabadt\u00e9ri tev\u00e9kenys\u00e9gekhez \u00e9s t\u00far\u00e1z\u00e1shoz. A nadr\u00e1g tavasszal \u00e9s ny\u00e1ron is haszn\u00e1lhat\u00f3. \u00c9rt\u00e9kelni fogja az anyag t\u00f6k\u00e9letes min\u0151s\u00e9g\u00e9t, k\u00fcl\u00f6n\u00f6sen a hossz\u00fa t\u00far\u00e1k sor\u00e1n.<\/p>\n<h2>Term\u00e9kle\u00edr\u00e1s<\/h2>\n<ul>\n<li><strong>M\u00e9ret:<\/strong> 44-60<\/li>\n<li><strong>Sz\u00edn:<\/strong> 388 - s\u00f6t\u00e9tz\u00f6ld<\/li>\n<li><strong>A k\u00fcls\u0151 r\u00e9teg \u00f6sszet\u00e9tele:<\/strong> 65 % poli\u00e9szter, 35 % pamut<\/li>\n<li><strong>Kontraszt:<\/strong> 57 % poliamid, 33 % poli\u00e9szter, 10 % elaszt\u00e1n<\/li>\n<li><strong>Fel\u00fcletkezel\u00e9s:<\/strong> v\u00edztasz\u00edt\u00f3<\/li>\n<\/ul>\n<h2>Term\u00e9k param\u00e9terek<\/h2>\n<ul>\n<li>Elasztikus der\u00e9kp\u00e1nt a k\u00e9nyelmes \u00f6lt\u00f6zk\u00f6d\u00e9shez<\/li>\n<li>K\u00e9t el\u00fcls\u0151 zseb<\/li>\n<li>Rugalmas r\u00e9szek a nagyobb mozg\u00e1sszabads\u00e1g\u00e9rt<\/li>\n<\/ul>","protected":false},"excerpt":{"rendered":"<p>A Deerhunter Strike f\u00e9rfi vad\u00e1sznadr\u00e1g teflon fel\u00fcletkezel\u00e9ssel k\u00e9sz\u00fcl, ez\u00e9rt v\u00edztasz\u00edt\u00f3 \u00e9s gyorsabban sz\u00e1rad, ide\u00e1lis tavaszt\u00f3l ny\u00e1rig vad\u00e1szathoz, t\u00far\u00e1z\u00e1shoz \u00e9s sporthoz. K\u00e9nyelmes rugalmas der\u00e9kp\u00e1nttal, k\u00e9t els\u0151 zsebbel \u00e9s rugalmas bet\u00e9tekkel ad szabad mozg\u00e1st, Deep Green sz\u00ednben, 44-60 m\u00e9retben.<\/p>","protected":false},"featured_media":20010,"template":"","meta":{"_gspb_post_css":""},"product_brand":[],"product_cat":[2369],"product_tag":[2322,2373],"class_list":{"0":"post-19930","1":"product","2":"type-product","3":"status-publish","4":"has-post-thumbnail","6":"product_cat-nohavice","7":"product_tag-deerhunter","8":"product_tag-strike","10":"first","11":"instock","12":"taxable","13":"shipping-taxable","14":"purchasable","15":"product-type-variable","16":"has-default-attributes"},"ct_brands":[],"_links":{"self":[{"href":"https:\/\/zbranebudai.sk\/hu\/wp-json\/wp\/v2\/product\/19930","targetHints":{"allow":["GET"]}}],"collection":[{"href":"https:\/\/zbranebudai.sk\/hu\/wp-json\/wp\/v2\/product"}],"about":[{"href":"https:\/\/zbranebudai.sk\/hu\/wp-json\/wp\/v2\/types\/product"}],"wp:featuredmedia":[{"embeddable":true,"href":"https:\/\/zbranebudai.sk\/hu\/wp-json\/wp\/v2\/media\/20010"}],"wp:attachment":[{"href":"https:\/\/zbranebudai.sk\/hu\/wp-json\/wp\/v2\/media?parent=19930"}],"wp:term":[{"taxonomy":"product_brand","embeddable":true,"href":"https:\/\/zbranebudai.sk\/hu\/wp-json\/wp\/v2\/product_brand?post=19930"},{"taxonomy":"product_cat","embeddable":true,"href":"https:\/\/zbranebudai.sk\/hu\/wp-json\/wp\/v2\/product_cat?post=19930"},{"taxonomy":"product_tag","embeddable":true,"href":"https:\/\/zbranebudai.sk\/hu\/wp-json\/wp\/v2\/product_tag?post=19930"}],"curies":[{"name":"wp","href":"https:\/\/api.w.org\/{rel}","templated":true}]}}