{"id":19929,"date":"2026-01-26T22:49:04","date_gmt":"2026-01-26T20:49:04","guid":{"rendered":"https:\/\/zbranebudai.sk\/?post_type=product&#038;p=19929"},"modified":"2026-01-27T11:29:32","modified_gmt":"2026-01-27T09:29:32","slug":"deerhunter-rogaland-zold-ferfi-felnadrag","status":"publish","type":"product","link":"https:\/\/zbranebudai.sk\/hu\/product\/deerhunter-rogaland-zelene-panske-polovnicke-nohavice\/","title":{"rendered":"Deerhunter Rogaland z\u00f6ld f\u00e9rfi vad\u00e1sznadr\u00e1g"},"content":{"rendered":"<p><strong>Deerhunter Rogaland z\u00f6ld f\u00e9rfi vad\u00e1sznadr\u00e1g<\/strong> alkalmasak tavasszal \u00e9s ny\u00e1ron. A Rogaland nadr\u00e1g maxim\u00e1lis mozg\u00e1sszabads\u00e1got biztos\u00edt, \u00e9s ide\u00e1lis a hossz\u00fa vid\u00e9ki s\u00e9t\u00e1khoz. Magas ellen\u00e1ll\u00f3k\u00e9pess\u00e9ge a t\u00fcsk\u00e9kkel szemben mag\u00e1t\u00f3l \u00e9rtet\u0151d\u0151. A Deerhunter nadr\u00e1g modern kialak\u00edt\u00e1s\u00fa \u00e9s v\u00edzleperget\u0151. \u00c9rt\u00e9kelni fogja a rugalmas der\u00e9ksz\u00edjat a k\u00e9nyelmes \u00f6lt\u00f6zk\u00f6d\u00e9s\u00e9rt. S\u00e9t\u00e1hoz is kiv\u00e1l\u00f3an alkalmasak. A k\u00f6nny\u0171 anyagnak \u00e9s a meger\u0151s\u00edtett t\u00e9rdnek \u00e9s \u00fcl\u00e9snek k\u00f6sz\u00f6nhet\u0151en nagyon k\u00e9nyelmes viselet, \u00e9s k\u00fcl\u00f6n\u00f6sen ny\u00e1ron vagy a meleg tavaszi napokon n\u00e9pszer\u0171. Mint mindig, a Deerhunter szab\u00e1sa kellemesen karcs\u00fa, \u00e9s a nadr\u00e1g t\u00f6bb praktikus zsebbel van ell\u00e1tva.<\/p>\n<h2>Term\u00e9kle\u00edr\u00e1s<\/h2>\n<ul>\n<li><strong>M\u00e9ret:<\/strong> 48-66<\/li>\n<li><strong>Sz\u00edn:<\/strong> 353 - Z\u00f6ld kaland<\/li>\n<li><strong>A k\u00fcls\u0151 r\u00e9teg \u00f6sszet\u00e9tele:<\/strong> 65 % poli\u00e9szter, 35 % pamut<\/li>\n<li><strong>Kontraszt:<\/strong> 57 % poliamid, 33 % poli\u00e9szter, 10 % elaszt\u00e1n<\/li>\n<li><strong>Fel\u00fcletkezel\u00e9s:<\/strong> v\u00edztasz\u00edt\u00f3<\/li>\n<\/ul>\n<h2>Term\u00e9k param\u00e9terek<\/h2>\n<ul>\n<li>Elasztikus der\u00e9kp\u00e1nt a k\u00e9nyelmes \u00f6lt\u00f6zk\u00f6d\u00e9shez<\/li>\n<li>K\u00e9t el\u00fcls\u0151 zseb<\/li>\n<li>K\u00e9t combzseb rejtett cipz\u00e1rakkal<\/li>\n<li>Egy h\u00e1ts\u00f3 zseb rejtett cipz\u00e1rral<\/li>\n<li>Rugalmas ter\u00fcletek a nagyobb mozg\u00e1sszabads\u00e1g\u00e9rt<\/li>\n<\/ul>","protected":false},"excerpt":{"rendered":"<p>A Deerhunter Rogaland f\u00e9rfi vad\u00e1sznadr\u00e1g tavaszra \u00e9s ny\u00e1rra ide\u00e1lis, k\u00f6nny\u0171, v\u00edztasz\u00edt\u00f3 anyaggal \u00e9s rugalmas bet\u00e9tekkel a szabad mozg\u00e1s\u00e9rt. Elasztikus der\u00e9kp\u00e1nttal \u00e9s t\u00f6bb rejtett cipz\u00e1ras zsebbel k\u00e9sz\u00fcl, Adventure Green sz\u00ednben, 48-66 m\u00e9retben.<\/p>","protected":false},"featured_media":20008,"template":"","meta":{"_gspb_post_css":""},"product_brand":[],"product_cat":[2369],"product_tag":[2322,2605],"class_list":{"0":"post-19929","1":"product","2":"type-product","3":"status-publish","4":"has-post-thumbnail","6":"product_cat-nohavice","7":"product_tag-deerhunter","8":"product_tag-rogaland","10":"first","11":"instock","12":"taxable","13":"shipping-taxable","14":"purchasable","15":"product-type-variable","16":"has-default-attributes"},"ct_brands":[],"_links":{"self":[{"href":"https:\/\/zbranebudai.sk\/hu\/wp-json\/wp\/v2\/product\/19929","targetHints":{"allow":["GET"]}}],"collection":[{"href":"https:\/\/zbranebudai.sk\/hu\/wp-json\/wp\/v2\/product"}],"about":[{"href":"https:\/\/zbranebudai.sk\/hu\/wp-json\/wp\/v2\/types\/product"}],"wp:featuredmedia":[{"embeddable":true,"href":"https:\/\/zbranebudai.sk\/hu\/wp-json\/wp\/v2\/media\/20008"}],"wp:attachment":[{"href":"https:\/\/zbranebudai.sk\/hu\/wp-json\/wp\/v2\/media?parent=19929"}],"wp:term":[{"taxonomy":"product_brand","embeddable":true,"href":"https:\/\/zbranebudai.sk\/hu\/wp-json\/wp\/v2\/product_brand?post=19929"},{"taxonomy":"product_cat","embeddable":true,"href":"https:\/\/zbranebudai.sk\/hu\/wp-json\/wp\/v2\/product_cat?post=19929"},{"taxonomy":"product_tag","embeddable":true,"href":"https:\/\/zbranebudai.sk\/hu\/wp-json\/wp\/v2\/product_tag?post=19929"}],"curies":[{"name":"wp","href":"https:\/\/api.w.org\/{rel}","templated":true}]}}