{"id":19921,"date":"2026-01-26T22:48:34","date_gmt":"2026-01-26T20:48:34","guid":{"rendered":"https:\/\/zbranebudai.sk\/?post_type=product&#038;p=19921"},"modified":"2026-01-27T11:28:09","modified_gmt":"2026-01-27T09:28:09","slug":"deerhunter-lady-chasse-nadrag-olive-night-noi-nadrag","status":"publish","type":"product","link":"https:\/\/zbranebudai.sk\/hu\/product\/deerhunter-lady-chasse-trousers-olive-night-damske-nohavice\/","title":{"rendered":"Deerhunter Lady Chasse Trousers Olive Night melange n\u0151i nadr\u00e1g"},"content":{"rendered":"<p><strong>N\u0151i nadr\u00e1gok<\/strong> <strong>Deerhunter Lady Chasse nadr\u00e1g Olive Night melange<\/strong> kiv\u00e1l\u00f3 min\u0151s\u00e9g\u0171 nadr\u00e1gok igazi vad\u00e1szok sz\u00e1m\u00e1ra, akiket nem t\u00e1ntor\u00edt el a h\u00f3, a kellemetlen es\u0151 vagy a kellemetlen sz\u00e9l. El\u0151re form\u00e1zott t\u00e9rdekkel rendelkeznek, amelyek mindig maxim\u00e1lis mozg\u00e1sszabads\u00e1got garant\u00e1lnak. A rugalmas der\u00e9kp\u00e1nt k\u00e9nyelmet \u00e9s v\u00e9delmet ny\u00fajt a der\u00e9kt\u00e1j\u00e9kon. A nadr\u00e1g rengeteg zsebbel rendelkezik, \u00edgy mindent magaddal vihetsz, amire sz\u00fcks\u00e9ged van. A nadr\u00e1g eleg\u00e1ns szab\u00e1s\u00e1t t\u00f6k\u00e9letesen kieg\u00e9sz\u00edtik a p\u00e1ntokkal \u00e9s t\u00e9p\u0151z\u00e1rral ell\u00e1tott, \u00e1ll\u00edthat\u00f3 bok\u00e1k. \u00c9lje \u00e1t csak a legjobb kalandokat a kiv\u00e1l\u00f3 min\u0151s\u00e9g\u0171 Deerhunter Chasse nadr\u00e1ggal.<\/p>\n<h2>Term\u00e9kle\u00edr\u00e1s<\/h2>\n<ul>\n<li><strong>Sz\u00edn:<\/strong> 365 - Olive Night Melange<\/li>\n<li><strong>M\u00e9retek:<\/strong> 36-46<\/li>\n<li><strong>K\u00fcls\u0151 anyag:<\/strong> 100 % poli\u00e9szter<\/li>\n<li><strong>Kontrasztos sz\u00f6vet:<\/strong> 100 % poli\u00e9szter<\/li>\n<li><strong>B\u00e9l\u00e9s:<\/strong> 100 % poli\u00e9szter<\/li>\n<li><strong>Aj\u00e1nlott mos\u00e1s:<\/strong> ne haszn\u00e1ljon l\u00e1gy\u00edt\u00f3t, bel\u00fclr\u0151l kiford\u00edtva mossa, hasonl\u00f3 sz\u00ednekkel mossa.<\/li>\n<li><strong>V\u00edz\u00e1ll\u00f3s\u00e1g:<\/strong> 100 %<\/li>\n<li><strong>Ragasztott varratok:<\/strong> Igen<\/li>\n<li><strong>Membr\u00e1n:<\/strong> DEER-TEX<\/li>\n<\/ul>\n<p><strong>DEER-TEX membr\u00e1n<\/strong> - lamin\u00e1lt k\u00fcls\u0151 anyag, amely minden varr\u00e1sn\u00e1l ragaszt\u00f3szalaggal van ell\u00e1tva. 100 % v\u00edz\u00e1ll\u00f3. Ez egy rendk\u00edv\u00fcl k\u00f6nny\u0171 membr\u00e1n, amelyet a technikaiasabb Deerhunter term\u00e9kekben, p\u00e9ld\u00e1ul a Chasse term\u00e9kcsal\u00e1dban haszn\u00e1lnak.<\/p>\n<h2>Term\u00e9k param\u00e9terek<\/h2>\n<ul>\n<li>Elasztikus der\u00e9kp\u00e1nt<\/li>\n<li>El\u0151re form\u00e1zott t\u00e9rdek<\/li>\n<li>\u00c1ll\u00edthat\u00f3 bokap\u00e1ntok t\u00e9p\u0151z\u00e1ras r\u00f6gz\u00edt\u0151kkel<\/li>\n<li>K\u00e9t el\u00fcls\u0151 zseb<\/li>\n<li>K\u00e9t combzseb rejtett cipz\u00e1ras z\u00e1r\u00f3d\u00e1ssal<\/li>\n<li>Egy rejtett k\u00e9s zseb<\/li>\n<li>H\u00e1ts\u00f3 zseb rejtett cipz\u00e1rral<\/li>\n<li>Rugalmass\u00e1g<\/li>\n<li>V\u00edzleperget\u0151 k\u00e9pess\u00e9g<\/li>\n<li>Sz\u00e9l\u00e1ll\u00f3<\/li>\n<\/ul>","protected":false},"excerpt":{"rendered":"<p>A Deerhunter Lady Chasse Trousers Olive Night Melange n\u0151i nadr\u00e1g DEER-TEX membr\u00e1nnal \u00e9s ragasztott varratokkal k\u00e9sz\u00fcl, ez\u00e9rt 100% v\u00edz\u00e1ll\u00f3 \u00e9s sz\u00e9l\u00e1ll\u00f3, es\u0151ben \u00e9s h\u00f3ban is megb\u00edzhat\u00f3. El\u0151re form\u00e1lt t\u00e9rddel, elasztikus der\u00e9kr\u00e9sszel \u00e9s \u00e1ll\u00edthat\u00f3 bokar\u00e9sszel ad mozg\u00e1sszabads\u00e1got, t\u00f6bb praktikus rejtett cipz\u00e1ras zsebbel, 36-46 m\u00e9retben.<\/p>","protected":false},"featured_media":20003,"template":"","meta":{"_gspb_post_css":""},"product_brand":[],"product_cat":[2369],"product_tag":[2322,2601],"class_list":{"0":"post-19921","1":"product","2":"type-product","3":"status-publish","4":"has-post-thumbnail","6":"product_cat-nohavice","7":"product_tag-deerhunter","8":"product_tag-lady-chasse-trousers","10":"first","11":"instock","12":"taxable","13":"shipping-taxable","14":"purchasable","15":"product-type-variable","16":"has-default-attributes"},"ct_brands":[],"_links":{"self":[{"href":"https:\/\/zbranebudai.sk\/hu\/wp-json\/wp\/v2\/product\/19921","targetHints":{"allow":["GET"]}}],"collection":[{"href":"https:\/\/zbranebudai.sk\/hu\/wp-json\/wp\/v2\/product"}],"about":[{"href":"https:\/\/zbranebudai.sk\/hu\/wp-json\/wp\/v2\/types\/product"}],"wp:featuredmedia":[{"embeddable":true,"href":"https:\/\/zbranebudai.sk\/hu\/wp-json\/wp\/v2\/media\/20003"}],"wp:attachment":[{"href":"https:\/\/zbranebudai.sk\/hu\/wp-json\/wp\/v2\/media?parent=19921"}],"wp:term":[{"taxonomy":"product_brand","embeddable":true,"href":"https:\/\/zbranebudai.sk\/hu\/wp-json\/wp\/v2\/product_brand?post=19921"},{"taxonomy":"product_cat","embeddable":true,"href":"https:\/\/zbranebudai.sk\/hu\/wp-json\/wp\/v2\/product_cat?post=19921"},{"taxonomy":"product_tag","embeddable":true,"href":"https:\/\/zbranebudai.sk\/hu\/wp-json\/wp\/v2\/product_tag?post=19921"}],"curies":[{"name":"wp","href":"https:\/\/api.w.org\/{rel}","templated":true}]}}