{"id":19920,"date":"2026-01-26T22:48:34","date_gmt":"2026-01-26T20:48:34","guid":{"rendered":"https:\/\/zbranebudai.sk\/?post_type=product&#038;p=19920"},"modified":"2026-01-27T11:27:06","modified_gmt":"2026-01-27T09:27:06","slug":"deerhunter-rogaland-stretch-ferfi-vadasznadrag","status":"publish","type":"product","link":"https:\/\/zbranebudai.sk\/hu\/product\/deerhunter-rogaland-stretch-panske-lovecke-nohavice\/","title":{"rendered":"Deerhunter Rogaland Stretch z\u00f6ld kontrasztos f\u00e9rfi vad\u00e1sznadr\u00e1g"},"content":{"rendered":"<p><strong>F\u00e9rfi vad\u00e1sznadr\u00e1g<\/strong> <strong>Deerhunter Rogaland Stretch kontrasztos z\u00f6ld sz\u00ednben<\/strong> alkalmasak tavasszal \u00e9s ny\u00e1ron. A Rogaland nadr\u00e1g maxim\u00e1lis mozg\u00e1sszabads\u00e1got biztos\u00edt, \u00e9s ide\u00e1lis a hossz\u00fa vid\u00e9ki s\u00e9t\u00e1khoz. Magas ellen\u00e1ll\u00f3k\u00e9pess\u00e9g\u00fck a t\u00fcsk\u00e9kkel szemben mag\u00e1t\u00f3l \u00e9rtet\u0151d\u0151. A Deerhunter nadr\u00e1g modern kialak\u00edt\u00e1s\u00fa \u00e9s v\u00edzleperget\u0151. \u00c9rt\u00e9kelni fogja a rugalmas der\u00e9ksz\u00edjat a k\u00e9nyelmes \u00f6lt\u00f6zk\u00f6d\u00e9s\u00e9rt.<\/p>\n<h2>Term\u00e9kle\u00edr\u00e1s<\/h2>\n<ul>\n<li>M\u00e9ret: 48-60<\/li>\n<li>Sz\u00edn: 353 - Kaland z\u00f6ld<\/li>\n<li>K\u00fcls\u0151 r\u00e9teg \u00f6sszet\u00e9tele: 65 % poli\u00e9szter, 35 % pamut.<\/li>\n<li>Kontraszt: 57 % poliamid, 33 % poli\u00e9szter, 10 % elaszt\u00e1n.<\/li>\n<li>Fel\u00fclet: v\u00edztasz\u00edt\u00f3<\/li>\n<\/ul>\n<h2>Term\u00e9k param\u00e9terek<\/h2>\n<ul>\n<li>Elasztikus der\u00e9kp\u00e1nt a k\u00e9nyelmes illeszked\u00e9s\u00e9rt<\/li>\n<li>K\u00e9t el\u00fcls\u0151 zseb<\/li>\n<li>K\u00e9t combzseb rejtett cipz\u00e1rakkal<\/li>\n<li>Egy h\u00e1ts\u00f3 zseb rejtett cipz\u00e1rral<\/li>\n<li>Rugalmas ter\u00fcletek a nagyobb mozg\u00e1sszabads\u00e1g\u00e9rt<\/li>\n<\/ul>","protected":false},"excerpt":{"rendered":"<p>A Deerhunter Rogaland Stretch f\u00e9rfi vad\u00e1sznadr\u00e1g tavaszt\u00f3l ny\u00e1rig ide\u00e1lis, rugalmas bet\u00e9tekkel \u00e9s elasztikus der\u00e9kr\u00e9sszel, hogy hossz\u00fa s\u00e9t\u00e1kon is k\u00e9nyelmes maradjon. V\u00edzleperget\u0151 kivitel\u0171, strapab\u00edr\u00f3 anyagb\u00f3l k\u00e9sz\u00fcl, t\u00f6bb praktikus zsebbel, Adventure Green sz\u00ednben, 48-60 m\u00e9retben.<\/p>","protected":false},"featured_media":20001,"template":"","meta":{"_gspb_post_css":""},"product_brand":[],"product_cat":[2369],"product_tag":[2322,2600],"class_list":{"0":"post-19920","1":"product","2":"type-product","3":"status-publish","4":"has-post-thumbnail","6":"product_cat-nohavice","7":"product_tag-deerhunter","8":"product_tag-rogaland-stretch","10":"first","11":"instock","12":"taxable","13":"shipping-taxable","14":"purchasable","15":"product-type-variable","16":"has-default-attributes"},"ct_brands":[],"_links":{"self":[{"href":"https:\/\/zbranebudai.sk\/hu\/wp-json\/wp\/v2\/product\/19920","targetHints":{"allow":["GET"]}}],"collection":[{"href":"https:\/\/zbranebudai.sk\/hu\/wp-json\/wp\/v2\/product"}],"about":[{"href":"https:\/\/zbranebudai.sk\/hu\/wp-json\/wp\/v2\/types\/product"}],"wp:featuredmedia":[{"embeddable":true,"href":"https:\/\/zbranebudai.sk\/hu\/wp-json\/wp\/v2\/media\/20001"}],"wp:attachment":[{"href":"https:\/\/zbranebudai.sk\/hu\/wp-json\/wp\/v2\/media?parent=19920"}],"wp:term":[{"taxonomy":"product_brand","embeddable":true,"href":"https:\/\/zbranebudai.sk\/hu\/wp-json\/wp\/v2\/product_brand?post=19920"},{"taxonomy":"product_cat","embeddable":true,"href":"https:\/\/zbranebudai.sk\/hu\/wp-json\/wp\/v2\/product_cat?post=19920"},{"taxonomy":"product_tag","embeddable":true,"href":"https:\/\/zbranebudai.sk\/hu\/wp-json\/wp\/v2\/product_tag?post=19920"}],"curies":[{"name":"wp","href":"https:\/\/api.w.org\/{rel}","templated":true}]}}