{"id":19917,"date":"2026-01-26T22:48:34","date_gmt":"2026-01-26T20:48:34","guid":{"rendered":"https:\/\/zbranebudai.sk\/?post_type=product&#038;p=19917"},"modified":"2026-01-27T12:00:28","modified_gmt":"2026-01-27T10:00:28","slug":"deerhunter-ifjusagi-felhuzhato-melleny-narancssarga-gyermek-fenyvisszavero-melleny","status":"publish","type":"product","link":"https:\/\/zbranebudai.sk\/hu\/product\/deerhunter-youth-pull-over-waistcoat-orange-detska-reflexna-vesta\/","title":{"rendered":"Deerhunter Youth Pull-over Waistcoat Orange f\u00e9nyvisszaver\u0151 gyermek mell\u00e9ny"},"content":{"rendered":"<p><strong>Deerhunter Youth Pull-over Waistcoat Orange f\u00e9nyvisszaver\u0151 gyermek mell\u00e9ny<\/strong> a kicsiknek k\u00e9sz\u00fclt. Ak\u00e1r a gyermeke vad\u00e1szik, ak\u00e1r azt szeretn\u00e9, hogy a lehet\u0151 legnagyobb biztons\u00e1gban legyen az iskol\u00e1ba \u00e9s az iskol\u00e1b\u00f3l val\u00f3 \u00faton. A mell\u00e9ny kiv\u00e1l\u00f3 min\u0151s\u00e9g\u0171 anyagb\u00f3l k\u00e9sz\u00fclt, amely nem szakad el k\u00f6nnyen. A mell\u00e9ny m\u00e9rete az \u00e1ll\u00edthat\u00f3 el\u00fcls\u0151 cipz\u00e1rral \u00e1ll\u00edthat\u00f3. Gy\u0151z\u0151dj\u00f6n meg r\u00f3la, hogy gyermeke biztons\u00e1gban van \u00e9s l\u00e1that\u00f3.<\/p>\n<h2>Term\u00e9kle\u00edr\u00e1s<\/h2>\n<ul>\n<li><strong>Anyag:<\/strong> 100 % poli\u00e9szter, 120 g\/m2<\/li>\n<li><strong>Aj\u00e1nlott mos\u00e1s:<\/strong> ne haszn\u00e1ljon l\u00e1gy\u00edt\u00f3t, hasonl\u00f3 sz\u00ednekkel mossa ki.<\/li>\n<li><strong>M\u00e9ret:<\/strong> EGY M\u00c9RET, t\u00e9p\u0151z\u00e1rral \u00e1ll\u00edthat\u00f3<\/li>\n<\/ul>\n<h2>Term\u00e9k param\u00e9terek<\/h2>\n<ul>\n<li>St\u00edlusos<\/li>\n<li>\u00c1ll\u00edthat\u00f3 m\u00e9ret<\/li>\n<li>Sokkal nagyobb biztons\u00e1g \u00e9s l\u00e1that\u00f3s\u00e1g<\/li>\n<\/ul>","protected":false},"excerpt":{"rendered":"<p>A Deerhunter Youth Pull-over Waistcoat Orange f\u00e9nyvisszaver\u0151 gyermek mell\u00e9ny ONESIZE kivitelben, el\u00f6l t\u00e9p\u0151z\u00e1rral \u00e1ll\u00edthat\u00f3, \u00edgy biztosan j\u00f3l illeszkedik. Strapab\u00edr\u00f3, 100% poli\u00e9szter anyagb\u00f3l k\u00e9sz\u00fcl, hogy a gyerek jobban l\u00e1that\u00f3 \u00e9s biztons\u00e1gosabb legyen vad\u00e1szaton vagy iskol\u00e1ba menet.<\/p>","protected":false},"featured_media":19993,"template":"","meta":{"_gspb_post_css":""},"product_brand":[],"product_cat":[2583],"product_tag":[2322,2598],"class_list":{"0":"post-19917","1":"product","2":"type-product","3":"status-publish","4":"has-post-thumbnail","6":"product_cat-vesty","7":"product_tag-deerhunter","8":"product_tag-youth-pull-over-waistcoat","10":"first","11":"instock","12":"taxable","13":"shipping-taxable","14":"purchasable","15":"product-type-simple"},"ct_brands":[],"_links":{"self":[{"href":"https:\/\/zbranebudai.sk\/hu\/wp-json\/wp\/v2\/product\/19917","targetHints":{"allow":["GET"]}}],"collection":[{"href":"https:\/\/zbranebudai.sk\/hu\/wp-json\/wp\/v2\/product"}],"about":[{"href":"https:\/\/zbranebudai.sk\/hu\/wp-json\/wp\/v2\/types\/product"}],"wp:featuredmedia":[{"embeddable":true,"href":"https:\/\/zbranebudai.sk\/hu\/wp-json\/wp\/v2\/media\/19993"}],"wp:attachment":[{"href":"https:\/\/zbranebudai.sk\/hu\/wp-json\/wp\/v2\/media?parent=19917"}],"wp:term":[{"taxonomy":"product_brand","embeddable":true,"href":"https:\/\/zbranebudai.sk\/hu\/wp-json\/wp\/v2\/product_brand?post=19917"},{"taxonomy":"product_cat","embeddable":true,"href":"https:\/\/zbranebudai.sk\/hu\/wp-json\/wp\/v2\/product_cat?post=19917"},{"taxonomy":"product_tag","embeddable":true,"href":"https:\/\/zbranebudai.sk\/hu\/wp-json\/wp\/v2\/product_tag?post=19917"}],"curies":[{"name":"wp","href":"https:\/\/api.w.org\/{rel}","templated":true}]}}