{"id":19901,"date":"2026-01-26T22:48:03","date_gmt":"2026-01-26T20:48:03","guid":{"rendered":"https:\/\/zbranebudai.sk\/?post_type=product&#038;p=19901"},"modified":"2026-01-27T11:42:42","modified_gmt":"2026-01-27T09:42:42","slug":"deerhunter-fuzfa-melleny-ferfi-melleny-parnazott-mellennyel","status":"publish","type":"product","link":"https:\/\/zbranebudai.sk\/hu\/product\/deerhunter-willow-waistcoat-panska-vesta-s-polstrovanim\/","title":{"rendered":"Deerhunter Willow Waistcoat p\u00e1rn\u00e1zott f\u00e9rfi mell\u00e9ny"},"content":{"rendered":"<p><strong>Deerhunter Willow Waistcoat p\u00e1rn\u00e1zott f\u00e9rfi mell\u00e9ny<\/strong> rendk\u00edv\u00fcl k\u00f6nny\u0171 \u00e9s k\u00e9nyelmes a mindennapi viselethez. Meleget biztos\u00edt az \u0151szi h\u00f3napokban. A mell\u00e9ny klasszikus, egyszer\u0171 kialak\u00edt\u00e1s\u00fa. Elegend\u0151 zsebbel rendelkezik az \u00f6sszes fontos dokumentum t\u00e1rol\u00e1s\u00e1ra. Egy mellzsebbel \u00e9s k\u00e9t el\u00fcls\u0151 zsebbel rendelkezik. A mell\u00e9ny rendk\u00edv\u00fcl funkcion\u00e1lis, \u00e9s nem korl\u00e1tozza visel\u0151je mozg\u00e1sszabads\u00e1g\u00e1t. Alkalmi viselethez, s\u00e9t\u00e1hoz vagy a bar\u00e1tokkal val\u00f3 szabadid\u0151 elt\u00f6lt\u00e9s\u00e9hez alkalmas.<\/p>\n<h2>Term\u00e9kle\u00edr\u00e1s<\/h2>\n<ul>\n<li><strong>Anyag:<\/strong> 100 % poli\u00e9szter \/ 95 % poli\u00e9szter + 5 % elaszt\u00e1n<\/li>\n<li><strong>Sz\u00edn:<\/strong> 92 - realtree WAV3<\/li>\n<li><strong>M\u00e9retek:<\/strong> S-3XL<\/li>\n<\/ul>\n<h2>Term\u00e9k param\u00e9terek<\/h2>\n<ul>\n<li>Egyszer\u0171 kialak\u00edt\u00e1s<\/li>\n<li>P\u00e1rn\u00e1zott el\u00fcls\u0151 panel<\/li>\n<li>Funkcionalit\u00e1s<\/li>\n<li>K\u00e9nyelmes viselet<\/li>\n<li>3 zseb<\/li>\n<\/ul>","protected":false},"excerpt":{"rendered":"<p>A Deerhunter Willow Waistcoat extra k\u00f6nny\u0171, k\u00e9nyelmes, p\u00e1rn\u00e1zott f\u00e9rfi mell\u00e9ny, amely \u0151sszel kellemes meleget ad \u00e9s nem korl\u00e1tozza a mozg\u00e1st. Klasszikus, letisztult fazon 3 zsebbel, Realtree WAV3 mint\u00e1ban, S-3XL m\u00e9retben, poli\u00e9szter \u00e9s elaszt\u00e1n anyag\u00f6sszet\u00e9tellel.<\/p>","protected":false},"featured_media":19972,"template":"","meta":{"_gspb_post_css":""},"product_brand":[],"product_cat":[2583],"product_tag":[2322,2588],"class_list":{"0":"post-19901","1":"product","2":"type-product","3":"status-publish","4":"has-post-thumbnail","6":"product_cat-vesty","7":"product_tag-deerhunter","8":"product_tag-willow-waistcoat","10":"first","11":"instock","12":"taxable","13":"shipping-taxable","14":"purchasable","15":"product-type-variable","16":"has-default-attributes"},"ct_brands":[],"_links":{"self":[{"href":"https:\/\/zbranebudai.sk\/hu\/wp-json\/wp\/v2\/product\/19901","targetHints":{"allow":["GET"]}}],"collection":[{"href":"https:\/\/zbranebudai.sk\/hu\/wp-json\/wp\/v2\/product"}],"about":[{"href":"https:\/\/zbranebudai.sk\/hu\/wp-json\/wp\/v2\/types\/product"}],"wp:featuredmedia":[{"embeddable":true,"href":"https:\/\/zbranebudai.sk\/hu\/wp-json\/wp\/v2\/media\/19972"}],"wp:attachment":[{"href":"https:\/\/zbranebudai.sk\/hu\/wp-json\/wp\/v2\/media?parent=19901"}],"wp:term":[{"taxonomy":"product_brand","embeddable":true,"href":"https:\/\/zbranebudai.sk\/hu\/wp-json\/wp\/v2\/product_brand?post=19901"},{"taxonomy":"product_cat","embeddable":true,"href":"https:\/\/zbranebudai.sk\/hu\/wp-json\/wp\/v2\/product_cat?post=19901"},{"taxonomy":"product_tag","embeddable":true,"href":"https:\/\/zbranebudai.sk\/hu\/wp-json\/wp\/v2\/product_tag?post=19901"}],"curies":[{"name":"wp","href":"https:\/\/api.w.org\/{rel}","templated":true}]}}