{"id":19895,"date":"2026-01-26T22:48:03","date_gmt":"2026-01-26T20:48:03","guid":{"rendered":"https:\/\/zbranebudai.sk\/?post_type=product&#038;p=19895"},"modified":"2026-01-27T12:02:55","modified_gmt":"2026-01-27T10:02:55","slug":"szarvasvadasz-csomagolhato-taska-narancssarga-24-literes-osszecsukhato-hatizsak","status":"publish","type":"product","link":"https:\/\/zbranebudai.sk\/hu\/product\/deerhunter-packable-bag-orange-24-litrovy-skladaci-batoh\/","title":{"rendered":"Deerhunter Packable Bag narancss\u00e1rga 24 literes \u00f6sszecsukhat\u00f3 h\u00e1tizs\u00e1k"},"content":{"rendered":"<p><strong>Deerhunter Packable Bag narancss\u00e1rga 24 literes \u00f6sszecsukhat\u00f3 h\u00e1tizs\u00e1k<\/strong>, amelybe minden kalandhoz sz\u00fcks\u00e9ges felszerel\u00e9s elf\u00e9r. Kiv\u00e1l\u00f3 min\u0151s\u00e9g\u0171 100 % poliamidb\u00f3l k\u00e9sz\u00fclt, \u00e9s szil\u00e1rds\u00e1g\u00e1val \u00e9s ellen\u00e1ll\u00f3 k\u00e9pess\u00e9g\u00e9vel az erd\u0151 viszontags\u00e1gainak ellen\u00e1ll. L\u00e9pjen ki a szabadba a k\u00f6nny\u0171, t\u00e1gas \u00e9s kiv\u00e1l\u00f3 min\u0151s\u00e9g\u0171 Deerhunter h\u00e1tizs\u00e1kkal.<\/p>\n<h2>Term\u00e9kle\u00edr\u00e1s<\/h2>\n<ul>\n<li><strong>Sz\u00edn:<\/strong> narancs<\/li>\n<li><strong>Anyag:<\/strong> 100 % poliamid 0 g\/m\u00b2<\/li>\n<li><strong>K\u00f6tet:<\/strong> 24 liter<\/li>\n<li><strong>S\u00faly:<\/strong> 110 g<\/li>\n<li><strong>Aj\u00e1nlott mos\u00e1s:<\/strong> mos\u00e1s hasonl\u00f3 sz\u00ednekkel<\/li>\n<\/ul>\n<h2>Term\u00e9k param\u00e9terek<\/h2>\n<ul>\n<li>Alacsony s\u00faly<\/li>\n<li>K\u00f6nnyen \u00f6sszecsukhat\u00f3 \u00e9s t\u00e1rolhat\u00f3<\/li>\n<li>Min\u0151s\u00e9gi anyag<\/li>\n<\/ul>","protected":false},"excerpt":{"rendered":"<p>A Deerhunter Packable Bag narancss\u00e1rga 24 literes, ultrak\u00f6nny\u0171 \u00e9s \u00f6sszecsukhat\u00f3 h\u00e1tizs\u00e1k, \u00edgy kis helyen elf\u00e9r, m\u00e9gis elnyeli a sz\u00fcks\u00e9ges felszerel\u00e9st. Strapab\u00edr\u00f3, 100% poliamidb\u00f3l k\u00e9sz\u00fcl, mind\u00f6ssze 110 g, ide\u00e1lis term\u00e9szetj\u00e1r\u00e1shoz \u00e9s utaz\u00e1shoz.<\/p>","protected":false},"featured_media":19957,"template":"","meta":{"_gspb_post_css":""},"product_brand":[],"product_cat":[2320],"product_tag":[2322,2570],"class_list":{"0":"post-19895","1":"product","2":"type-product","3":"status-publish","4":"has-post-thumbnail","6":"product_cat-doplnky-obuv-a-oblecenie","7":"product_tag-deerhunter","8":"product_tag-packable-bag","10":"first","11":"instock","12":"taxable","13":"shipping-taxable","14":"purchasable","15":"product-type-simple"},"ct_brands":[],"_links":{"self":[{"href":"https:\/\/zbranebudai.sk\/hu\/wp-json\/wp\/v2\/product\/19895","targetHints":{"allow":["GET"]}}],"collection":[{"href":"https:\/\/zbranebudai.sk\/hu\/wp-json\/wp\/v2\/product"}],"about":[{"href":"https:\/\/zbranebudai.sk\/hu\/wp-json\/wp\/v2\/types\/product"}],"wp:featuredmedia":[{"embeddable":true,"href":"https:\/\/zbranebudai.sk\/hu\/wp-json\/wp\/v2\/media\/19957"}],"wp:attachment":[{"href":"https:\/\/zbranebudai.sk\/hu\/wp-json\/wp\/v2\/media?parent=19895"}],"wp:term":[{"taxonomy":"product_brand","embeddable":true,"href":"https:\/\/zbranebudai.sk\/hu\/wp-json\/wp\/v2\/product_brand?post=19895"},{"taxonomy":"product_cat","embeddable":true,"href":"https:\/\/zbranebudai.sk\/hu\/wp-json\/wp\/v2\/product_cat?post=19895"},{"taxonomy":"product_tag","embeddable":true,"href":"https:\/\/zbranebudai.sk\/hu\/wp-json\/wp\/v2\/product_tag?post=19895"}],"curies":[{"name":"wp","href":"https:\/\/api.w.org\/{rel}","templated":true}]}}