{"id":19894,"date":"2026-01-26T22:48:02","date_gmt":"2026-01-26T20:48:02","guid":{"rendered":"https:\/\/zbranebudai.sk\/?post_type=product&#038;p=19894"},"modified":"2026-01-27T12:04:07","modified_gmt":"2026-01-27T10:04:07","slug":"deerhunter-lady-rain-noi-poncso-eso-palack","status":"publish","type":"product","link":"https:\/\/zbranebudai.sk\/hu\/product\/deerhunter-lady-rain-damske-ponco-plastenka-do-dazda\/","title":{"rendered":"Deerhunter Lady Rain n\u0151i poncs\u00f3 - es\u0151k\u00f6peny"},"content":{"rendered":"<p><strong>Deerhunter Lady Rain n\u0151i poncs\u00f3 - es\u0151k\u00f6peny<\/strong> kiv\u00e1l\u00f3 v\u00e1laszt\u00e1s es\u0151ben val\u00f3 vad\u00e1szathoz, vagy olyan helyzetekben, amikor az id\u0151j\u00e1r\u00e1s heves tavaszi vagy ny\u00e1ri es\u0151vel lepi meg \u00d6nt. A poncs\u00f3t olyan n\u0151k sz\u00e1m\u00e1ra tervezt\u00e9k, akiket nem riasztanak el a nedves k\u00f6r\u00fclm\u00e9nyek az erd\u0151ben. Kiv\u00e1l\u00f3 min\u0151s\u00e9g\u0171 anyagb\u00f3l k\u00e9sz\u00fclt, ragasztott varr\u00e1sokkal \u00e9s be\u00e9p\u00edtett Deer-Tex Performance Shell membr\u00e1nnal.<\/p>\n<h2>Term\u00e9kle\u00edr\u00e1s<\/h2>\n<ul>\n<li><strong>Anyag:<\/strong> 100 % poli\u00e9szter<\/li>\n<li><strong>M\u00e9ret:<\/strong> egy m\u00e9ret<\/li>\n<li><strong>Sz\u00edn:<\/strong> Kantin<\/li>\n<li><strong>Aj\u00e1nlott mos\u00e1s:<\/strong> ne haszn\u00e1ljon l\u00e1gy\u00edt\u00f3t, bel\u00fclr\u0151l kiford\u00edtva mossa, k\u00fcl\u00f6n mossa.<\/li>\n<li><strong>Varratok:<\/strong> Ragasztott<\/li>\n<li><strong>Membr\u00e1n:<\/strong> Deer-Tex Performance Shell<\/li>\n<li><strong>V\u00edz\u00e1ll\u00f3s\u00e1g:<\/strong> 100 %<\/li>\n<li><strong>Sz\u00e9l\u00e1ll\u00f3s\u00e1g:<\/strong> Igen<\/li>\n<li><strong>V\u00edz\u00e1ll\u00f3s\u00e1g \u00e9s l\u00e9g\u00e1tereszt\u0151 k\u00e9pess\u00e9g:<\/strong> 5000 \/ 5000<\/li>\n<\/ul>\n<h2>Term\u00e9k param\u00e9terek<\/h2>\n<ul>\n<li>Kiv\u00e1l\u00f3 min\u0151s\u00e9g\u0171 Deer-Tex Performance Shell membr\u00e1n<\/li>\n<li>Karcs\u00fa szab\u00e1s \u00e9s karcs\u00fabb megjelen\u00e9s<\/li>\n<li>Ragasztott varratok<\/li>\n<li>\u00c1ll\u00edthat\u00f3 t\u00e9p\u0151z\u00e1ras mandzsetta<\/li>\n<\/ul>","protected":false},"excerpt":{"rendered":"<p>A Deerhunter Lady Rain n\u0151i poncs\u00f3 100% v\u00edz\u00e1ll\u00f3 es\u0151k\u00f6peny ragasztott varratokkal \u00e9s Deer-Tex Performance Shell membr\u00e1nnal, \u00edgy es\u0151ben \u00e9s sz\u00e9lben is megb\u00edzhat\u00f3 v\u00e9delem. Karcs\u00fabb szab\u00e1s\u00fa, keskeny ujj\u00fa kialak\u00edt\u00e1ssal \u00e9s \u00e1ll\u00edthat\u00f3 t\u00e9p\u0151z\u00e1ras mandzsett\u00e1val k\u00e9sz\u00fcl, 5000\/5000 v\u00edz\u00e1ll\u00f3s\u00e1g \u00e9s l\u00e9g\u00e1tereszt\u00e9s \u00e9rt\u00e9kkel, Menza sz\u00ednben, egy m\u00e9retben.<\/p>","protected":false},"featured_media":19955,"template":"","meta":{"_gspb_post_css":""},"product_brand":[],"product_cat":[2574],"product_tag":[2322,2581],"class_list":{"0":"post-19894","1":"product","2":"type-product","3":"status-publish","4":"has-post-thumbnail","6":"product_cat-bundy-a-svetre","7":"product_tag-deerhunter","8":"product_tag-lady-rain","10":"first","11":"instock","12":"taxable","13":"shipping-taxable","14":"purchasable","15":"product-type-simple"},"ct_brands":[],"_links":{"self":[{"href":"https:\/\/zbranebudai.sk\/hu\/wp-json\/wp\/v2\/product\/19894","targetHints":{"allow":["GET"]}}],"collection":[{"href":"https:\/\/zbranebudai.sk\/hu\/wp-json\/wp\/v2\/product"}],"about":[{"href":"https:\/\/zbranebudai.sk\/hu\/wp-json\/wp\/v2\/types\/product"}],"wp:featuredmedia":[{"embeddable":true,"href":"https:\/\/zbranebudai.sk\/hu\/wp-json\/wp\/v2\/media\/19955"}],"wp:attachment":[{"href":"https:\/\/zbranebudai.sk\/hu\/wp-json\/wp\/v2\/media?parent=19894"}],"wp:term":[{"taxonomy":"product_brand","embeddable":true,"href":"https:\/\/zbranebudai.sk\/hu\/wp-json\/wp\/v2\/product_brand?post=19894"},{"taxonomy":"product_cat","embeddable":true,"href":"https:\/\/zbranebudai.sk\/hu\/wp-json\/wp\/v2\/product_cat?post=19894"},{"taxonomy":"product_tag","embeddable":true,"href":"https:\/\/zbranebudai.sk\/hu\/wp-json\/wp\/v2\/product_tag?post=19894"}],"curies":[{"name":"wp","href":"https:\/\/api.w.org\/{rel}","templated":true}]}}