{"id":19892,"date":"2026-01-26T22:48:02","date_gmt":"2026-01-26T20:48:02","guid":{"rendered":"https:\/\/zbranebudai.sk\/?post_type=product&#038;p=19892"},"modified":"2026-01-27T12:10:20","modified_gmt":"2026-01-27T10:10:20","slug":"deerhunter-deerhunter-csomagolhato-fejfedo","status":"publish","type":"product","link":"https:\/\/zbranebudai.sk\/hu\/product\/deerhunter-deerhunter-packable-headnet-balitelna-sietka-na-hlavu\/","title":{"rendered":"Deerhunter Packable Headnet \u00f6sszecsukhat\u00f3 fejh\u00e1l\u00f3"},"content":{"rendered":"<p><strong>Deerhunter Packable Headnet \u00f6sszecsukhat\u00f3 fejh\u00e1l\u00f3<\/strong> nagyszer\u0171 kieg\u00e9sz\u00edt\u0151 mindenki sz\u00e1m\u00e1ra a tavaszi \u00e9s ny\u00e1ri h\u00f3napokban, amely hat\u00e9konyan v\u00e9di arc\u00e1t a bosszant\u00f3 rovarokt\u00f3l (sz\u00fanyogok, legyek, darazsak stb.). 100 % poli\u00e9szterb\u0151l k\u00e9sz\u00fclt, ami rendk\u00edv\u00fcl l\u00e9g\u00e1tereszt\u0151v\u00e9 teszi.<\/p>\n<h2>Term\u00e9kle\u00edr\u00e1s<\/h2>\n<ul>\n<li><strong>Sz\u00edn:<\/strong> Fekete<\/li>\n<li><strong>M\u00e9ret:<\/strong> EGY M\u00c9RET<\/li>\n<li><strong>Anyag:<\/strong> 100 % poli\u00e9szter, 0 g\/m\u00b2<\/li>\n<li><strong>Aj\u00e1nlott mos\u00e1s:<\/strong> mos\u00e1s hasonl\u00f3 sz\u00ednekkel<\/li>\n<\/ul>\n<h2>Term\u00e9k param\u00e9terek<\/h2>\n<ul>\n<li>T\u00e1rol\u00f3t\u00e1ska a k\u00f6nnyebb sz\u00e1ll\u00edt\u00e1shoz \u00e9s t\u00e1rol\u00e1shoz<\/li>\n<li>\u00c1ll\u00edthat\u00f3 szeg\u00e9ly fix nyakr\u00f6gz\u00edt\u00e9ssel<\/li>\n<\/ul>","protected":false},"excerpt":{"rendered":"<p>A Deerhunter Packable Headnet \u00f6sszecsukhat\u00f3 fejh\u00e1l\u00f3 hat\u00e9konyan v\u00e9di az arcot a sz\u00fanyogok, legyek \u00e9s m\u00e1s sz\u00far\u00f3 rovarok ellen tavaszt\u00f3l \u0151szig. K\u00f6nny\u0171, j\u00f3l szell\u0151z\u0151 100% poli\u00e9szterb\u0151l k\u00e9sz\u00fcl, t\u00e1rol\u00f3t\u00e1sk\u00e1val, \u00e1ll\u00edthat\u00f3 szeg\u00e9llyel \u00e9s fix nyakr\u00f6gz\u00edt\u00e9ssel, fekete sz\u00ednben, ONESIZE m\u00e9retben.<\/p>","protected":false},"featured_media":19950,"template":"","meta":{"_gspb_post_css":""},"product_brand":[],"product_cat":[2320],"product_tag":[2322,2580],"class_list":{"0":"post-19892","1":"product","2":"type-product","3":"status-publish","4":"has-post-thumbnail","6":"product_cat-doplnky-obuv-a-oblecenie","7":"product_tag-deerhunter","8":"product_tag-packable-headnet","10":"first","11":"instock","12":"taxable","13":"shipping-taxable","14":"purchasable","15":"product-type-simple"},"ct_brands":[],"_links":{"self":[{"href":"https:\/\/zbranebudai.sk\/hu\/wp-json\/wp\/v2\/product\/19892","targetHints":{"allow":["GET"]}}],"collection":[{"href":"https:\/\/zbranebudai.sk\/hu\/wp-json\/wp\/v2\/product"}],"about":[{"href":"https:\/\/zbranebudai.sk\/hu\/wp-json\/wp\/v2\/types\/product"}],"wp:featuredmedia":[{"embeddable":true,"href":"https:\/\/zbranebudai.sk\/hu\/wp-json\/wp\/v2\/media\/19950"}],"wp:attachment":[{"href":"https:\/\/zbranebudai.sk\/hu\/wp-json\/wp\/v2\/media?parent=19892"}],"wp:term":[{"taxonomy":"product_brand","embeddable":true,"href":"https:\/\/zbranebudai.sk\/hu\/wp-json\/wp\/v2\/product_brand?post=19892"},{"taxonomy":"product_cat","embeddable":true,"href":"https:\/\/zbranebudai.sk\/hu\/wp-json\/wp\/v2\/product_cat?post=19892"},{"taxonomy":"product_tag","embeddable":true,"href":"https:\/\/zbranebudai.sk\/hu\/wp-json\/wp\/v2\/product_tag?post=19892"}],"curies":[{"name":"wp","href":"https:\/\/api.w.org\/{rel}","templated":true}]}}