{"id":19891,"date":"2026-01-26T22:48:02","date_gmt":"2026-01-26T20:48:02","guid":{"rendered":"https:\/\/zbranebudai.sk\/?post_type=product&#038;p=19891"},"modified":"2026-01-27T11:59:22","modified_gmt":"2026-01-27T09:59:22","slug":"deerhunter-kos-kesztyu-a-teli-idojarashoz","status":"publish","type":"product","link":"https:\/\/zbranebudai.sk\/hu\/product\/deerhunter-ram-rukavice-do-zimneho-pocasia\/","title":{"rendered":"Deerhunter Ram keszty\u0171 t\u00e9li id\u0151j\u00e1r\u00e1shoz"},"content":{"rendered":"<p><strong>Deerhunter Ram keszty\u0171 t\u00e9li id\u0151j\u00e1r\u00e1shoz <\/strong>t\u00f6k\u00e9letes keszty\u0171 <strong>t\u00e9li vad\u00e1szathoz<\/strong>, amely minden \u00e9vszakban haszn\u00e1lhat\u00f3. A keszty\u0171 v\u00e9delmet ny\u00fajt, amikor hossz\u00fa t\u00e1vokat tesz meg vad\u00e1szat k\u00f6zben. Rendk\u00edv\u00fcl tart\u00f3s, v\u00edzleperget\u0151 \u00e9s a k\u00e9z bels\u0151 oldal\u00e1n meger\u0151s\u00edtett anyag extra tapad\u00e1st biztos\u00edt. A keszty\u0171 teljes v\u00e9delmet ny\u00fajt a zord id\u0151j\u00e1r\u00e1s ellen, m\u00edg az ujjakon tal\u00e1lhat\u00f3 rugalmas anyag k\u00e9nyelmes illeszked\u00e9st biztos\u00edt.<\/p>\n<div>\n<h2>Term\u00e9kle\u00edr\u00e1s<\/h2>\n<\/div>\n<ul>\n<li><strong>Sz\u00edn:<\/strong> 392 Elmwood<\/li>\n<li><strong>Anyag:<\/strong> 100 % poli\u00e9szter<\/li>\n<li><strong>M\u00e9ret:<\/strong> M-2XL<\/li>\n<li><strong>Membr\u00e1n:<\/strong> Deer-Tex<\/li>\n<\/ul>\n<h2>Term\u00e9k param\u00e9terek<\/h2>\n<ul>\n<li>100 % kop\u00e1s\u00e1ll\u00f3s\u00e1g<\/li>\n<li>100 % sz\u00e9l\u00e1ll\u00f3<\/li>\n<li>100 % l\u00e9legz\u0151<\/li>\n<\/ul>","protected":false},"excerpt":{"rendered":"<p>A Deerhunter Ram keszty\u0171 t\u00e9li id\u0151ben \u00e9s \u00e1tmeneti \u00e9vszakokban is j\u00f3l haszn\u00e1lhat\u00f3 vad\u00e1szkeszty\u0171, Deer-Tex membr\u00e1nnal a sz\u00e9l \u00e9s csapad\u00e9k ellen. Strapab\u00edr\u00f3, v\u00edztasz\u00edt\u00f3 anyagb\u00f3l k\u00e9sz\u00fcl, a teny\u00e9rr\u00e9szen meger\u0151s\u00edt\u00e9ssel a jobb tapad\u00e1s\u00e9rt, rugalmas ujjr\u00e9szekkel a k\u00e9nyelmes illeszked\u00e9shez, Elmwood sz\u00ednben, M-2XL m\u00e9retben.<\/p>","protected":false},"featured_media":19949,"template":"","meta":{"_gspb_post_css":""},"product_brand":[],"product_cat":[2320],"product_tag":[2322,2571],"class_list":{"0":"post-19891","1":"product","2":"type-product","3":"status-publish","4":"has-post-thumbnail","6":"product_cat-doplnky-obuv-a-oblecenie","7":"product_tag-deerhunter","8":"product_tag-ram","10":"first","11":"instock","12":"taxable","13":"shipping-taxable","14":"purchasable","15":"product-type-variable","16":"has-default-attributes"},"ct_brands":[],"_links":{"self":[{"href":"https:\/\/zbranebudai.sk\/hu\/wp-json\/wp\/v2\/product\/19891","targetHints":{"allow":["GET"]}}],"collection":[{"href":"https:\/\/zbranebudai.sk\/hu\/wp-json\/wp\/v2\/product"}],"about":[{"href":"https:\/\/zbranebudai.sk\/hu\/wp-json\/wp\/v2\/types\/product"}],"wp:featuredmedia":[{"embeddable":true,"href":"https:\/\/zbranebudai.sk\/hu\/wp-json\/wp\/v2\/media\/19949"}],"wp:attachment":[{"href":"https:\/\/zbranebudai.sk\/hu\/wp-json\/wp\/v2\/media?parent=19891"}],"wp:term":[{"taxonomy":"product_brand","embeddable":true,"href":"https:\/\/zbranebudai.sk\/hu\/wp-json\/wp\/v2\/product_brand?post=19891"},{"taxonomy":"product_cat","embeddable":true,"href":"https:\/\/zbranebudai.sk\/hu\/wp-json\/wp\/v2\/product_cat?post=19891"},{"taxonomy":"product_tag","embeddable":true,"href":"https:\/\/zbranebudai.sk\/hu\/wp-json\/wp\/v2\/product_tag?post=19891"}],"curies":[{"name":"wp","href":"https:\/\/api.w.org\/{rel}","templated":true}]}}