{"id":19889,"date":"2026-01-26T22:48:02","date_gmt":"2026-01-26T20:48:02","guid":{"rendered":"https:\/\/zbranebudai.sk\/?post_type=product&#038;p=19889"},"modified":"2026-01-27T11:58:14","modified_gmt":"2026-01-27T09:58:14","slug":"deerhunter-lapos-narancssarga-sapka","status":"publish","type":"product","link":"https:\/\/zbranebudai.sk\/hu\/product\/deerhunter-flata-oranzova-ciapka\/","title":{"rendered":"Deerhunter Flata narancss\u00e1rga sapka"},"content":{"rendered":"<p><strong>Deerhunter Flata narancss\u00e1rga sapka<\/strong> Stormliner membr\u00e1nnal van ell\u00e1tva, amelyet \u00e1ltal\u00e1ban a k\u00fcls\u0151 sz\u00f6vetre vagy k\u00e9t sz\u00f6vetr\u00e9teg k\u00f6z\u00e9 lamin\u00e1lnak, \u00e9s a ragasztott varr\u00e1ssal nem rendelkez\u0151 term\u00e9kekn\u00e9l haszn\u00e1lj\u00e1k. A Deerhunter Stormliner membr\u00e1n nagyon j\u00f3 l\u00e9g\u00e1tereszt\u0151 k\u00e9pess\u00e9get biztos\u00edt, \u00e9s bel\u00fclr\u0151l steppelt b\u00e9l\u00e9ssel rendelkezik.<\/p>\n<div>\n<h2>Term\u00e9kle\u00edr\u00e1s<\/h2>\n<\/div>\n<ul>\n<li><strong>Sz\u00edn:<\/strong> Realtree Edge Camo narancss\u00e1rga<\/li>\n<li><strong>\u00d6sszet\u00e9tel:<\/strong> 100 % poli\u00e9szter, 160 g\/m2<\/li>\n<\/ul>","protected":false},"excerpt":{"rendered":"<p>A Deerhunter Flata narancss\u00e1rga sapka Stormliner membr\u00e1nnal k\u00e9sz\u00fcl, \u00edgy j\u00f3l szell\u0151zik \u00e9s k\u00e9nyelmes viselet akt\u00edv vad\u00e1szat k\u00f6zben is. Steppelt bels\u0151 b\u00e9l\u00e9st kapott, Realtree Edge Camo Orange sz\u00ednben, 100% poli\u00e9szter anyagb\u00f3l.<\/p>","protected":false},"featured_media":19945,"template":"","meta":{"_gspb_post_css":""},"product_brand":[],"product_cat":[2320],"product_tag":[2322,2579],"class_list":{"0":"post-19889","1":"product","2":"type-product","3":"status-publish","4":"has-post-thumbnail","6":"product_cat-doplnky-obuv-a-oblecenie","7":"product_tag-deerhunter","8":"product_tag-flata","10":"first","11":"instock","12":"taxable","13":"shipping-taxable","14":"purchasable","15":"product-type-variable","16":"has-default-attributes"},"ct_brands":[],"_links":{"self":[{"href":"https:\/\/zbranebudai.sk\/hu\/wp-json\/wp\/v2\/product\/19889","targetHints":{"allow":["GET"]}}],"collection":[{"href":"https:\/\/zbranebudai.sk\/hu\/wp-json\/wp\/v2\/product"}],"about":[{"href":"https:\/\/zbranebudai.sk\/hu\/wp-json\/wp\/v2\/types\/product"}],"wp:featuredmedia":[{"embeddable":true,"href":"https:\/\/zbranebudai.sk\/hu\/wp-json\/wp\/v2\/media\/19945"}],"wp:attachment":[{"href":"https:\/\/zbranebudai.sk\/hu\/wp-json\/wp\/v2\/media?parent=19889"}],"wp:term":[{"taxonomy":"product_brand","embeddable":true,"href":"https:\/\/zbranebudai.sk\/hu\/wp-json\/wp\/v2\/product_brand?post=19889"},{"taxonomy":"product_cat","embeddable":true,"href":"https:\/\/zbranebudai.sk\/hu\/wp-json\/wp\/v2\/product_cat?post=19889"},{"taxonomy":"product_tag","embeddable":true,"href":"https:\/\/zbranebudai.sk\/hu\/wp-json\/wp\/v2\/product_tag?post=19889"}],"curies":[{"name":"wp","href":"https:\/\/api.w.org\/{rel}","templated":true}]}}