{"id":19887,"date":"2026-01-26T22:48:02","date_gmt":"2026-01-26T20:48:02","guid":{"rendered":"https:\/\/zbranebudai.sk\/?post_type=product&#038;p=19887"},"modified":"2026-01-27T12:13:50","modified_gmt":"2026-01-27T10:13:50","slug":"deerhunter-powerbank-5000-mah","status":"publish","type":"product","link":"https:\/\/zbranebudai.sk\/hu\/product\/deerhunter-powerbank-5000-mah\/","title":{"rendered":"Deerhunter Powerbank 5000 mAh"},"content":{"rendered":"<p><strong>Deerhunter Powerbank 5000 mAh<\/strong> nagyszer\u0171 kieg\u00e9sz\u00edt\u0151 a Deerhunter f\u0171t\u00f6tt ruh\u00e1zatot haszn\u00e1l\u00f3 vad\u00e1szok sz\u00e1m\u00e1ra. Kapacit\u00e1sa 5000 mAh, ami elegend\u0151 a ruh\u00e1zat meleg\u00edt\u00e9s\u00e9hez. USB vagy micro USB k\u00e1bellel t\u00f6lthet\u0151. Emellett 4 kis LED-l\u00e1mp\u00e1val rendelkezik, amelyek jelzik a t\u00f6lt\u00f6tts\u00e9gi \u00e1llapotot. Ha a Powerbank teljesen felt\u00f6lt\u0151d\u00f6tt, az \u00f6sszes LED-l\u00e1mpa automatikusan kigyullad.<\/p>\n<h2>Term\u00e9kle\u00edr\u00e1s<\/h2>\n<ul>\n<li><strong>Sz\u00edn:<\/strong> Fekete<\/li>\n<li><strong>T\u00f6lt\u00e9s:<\/strong> USB \/ micro USB k\u00e1bel<\/li>\n<li><strong>T\u00f6lt\u00e9si \u00e1llapotjelz\u0151:<\/strong> 4 kis LED l\u00e1mpa<\/li>\n<li><strong>Kapacit\u00e1s:<\/strong> 5000 mAh<\/li>\n<\/ul>\n<h2>Term\u00e9k param\u00e9terek<\/h2>\n<ul>\n<li>T\u00f6lt\u00e9si \u00e1llapotjelz\u0151<\/li>\n<li>4 kis LED l\u00e1mpa<\/li>\n<li>T\u00f6lt\u00e9s USB vagy micro USB k\u00e1belen kereszt\u00fcl<\/li>\n<\/ul>","protected":false},"excerpt":{"rendered":"<p>A Deerhunter 5000 mAh powerbank praktikus kieg\u00e9sz\u00edt\u0151 a Deerhunter f\u0171t\u00f6tt ruh\u00e1zathoz, stabil energi\u00e1t ad a f\u0171t\u00e9s m\u0171k\u00f6dtet\u00e9s\u00e9hez. USB vagy micro USB k\u00e1bellel t\u00f6lthet\u0151, a t\u00f6lt\u00f6tts\u00e9get 4 LED jelzi, teljes t\u00f6lt\u00e9sn\u00e9l mind vil\u00e1g\u00edt.<\/p>","protected":false},"featured_media":19935,"template":"","meta":{"_gspb_post_css":""},"product_brand":[],"product_cat":[2320],"product_tag":[2322,2577],"class_list":{"0":"post-19887","1":"product","2":"type-product","3":"status-publish","4":"has-post-thumbnail","6":"product_cat-doplnky-obuv-a-oblecenie","7":"product_tag-deerhunter","8":"product_tag-powerbank","10":"first","11":"instock","12":"taxable","13":"shipping-taxable","14":"purchasable","15":"product-type-simple"},"ct_brands":[],"_links":{"self":[{"href":"https:\/\/zbranebudai.sk\/hu\/wp-json\/wp\/v2\/product\/19887","targetHints":{"allow":["GET"]}}],"collection":[{"href":"https:\/\/zbranebudai.sk\/hu\/wp-json\/wp\/v2\/product"}],"about":[{"href":"https:\/\/zbranebudai.sk\/hu\/wp-json\/wp\/v2\/types\/product"}],"wp:featuredmedia":[{"embeddable":true,"href":"https:\/\/zbranebudai.sk\/hu\/wp-json\/wp\/v2\/media\/19935"}],"wp:attachment":[{"href":"https:\/\/zbranebudai.sk\/hu\/wp-json\/wp\/v2\/media?parent=19887"}],"wp:term":[{"taxonomy":"product_brand","embeddable":true,"href":"https:\/\/zbranebudai.sk\/hu\/wp-json\/wp\/v2\/product_brand?post=19887"},{"taxonomy":"product_cat","embeddable":true,"href":"https:\/\/zbranebudai.sk\/hu\/wp-json\/wp\/v2\/product_cat?post=19887"},{"taxonomy":"product_tag","embeddable":true,"href":"https:\/\/zbranebudai.sk\/hu\/wp-json\/wp\/v2\/product_tag?post=19887"}],"curies":[{"name":"wp","href":"https:\/\/api.w.org\/{rel}","templated":true}]}}