{"id":19886,"date":"2026-01-26T22:48:02","date_gmt":"2026-01-26T20:48:02","guid":{"rendered":"https:\/\/zbranebudai.sk\/?post_type=product&#038;p=19886"},"modified":"2026-01-27T12:44:22","modified_gmt":"2026-01-27T10:44:22","slug":"deerhunter-loszemuveg-csereuveggel","status":"publish","type":"product","link":"https:\/\/zbranebudai.sk\/hu\/product\/deerhunter-strelecke-okuliare-s-nahradnym-sklom\/","title":{"rendered":"Deerhunter Shooting Glasses l\u00f6v\u0151szem\u00fcveg tartal\u00e9k \u00fcveggel"},"content":{"rendered":"<p><strong>Deerhunter Shooting Glasses l\u00f6v\u0151szem\u00fcveg tartal\u00e9k \u00fcveggel<\/strong> t\u00f6k\u00e9letes v\u00e9delmet ny\u00fajtanak a tapasztalt l\u00f6v\u00e9szek sz\u00e1m\u00e1ra, akik a legjobb teljes\u00edtm\u00e9nyt szeretn\u00e9k ny\u00fajtani. K\u00e9t tov\u00e1bbi cser\u00e9lhet\u0151 szem\u00fcveggel \u00e9rkeznek, amelyeket a f\u00e9nyer\u0151ss\u00e9gt\u0151l vagy az \u00d6n ig\u00e9nyeit\u0151l f\u00fcgg\u0151en cser\u00e9lhet. A szem\u00fcveg mindenkinek t\u00f6k\u00e9letesen illeszkedik. A szem\u00fcveg min\u0151s\u00e9g\u00e9t a v\u00edz, por \u00e9s egy\u00e9b szennyez\u0151d\u00e9sek elleni v\u00e9delem is garant\u00e1lja. A szem\u00fcveg kerete tart\u00f3s anyagb\u00f3l k\u00e9sz\u00fclt, amely garant\u00e1lja a biztons\u00e1g\u00e9rzetet.<\/p>\n<h2>Term\u00e9k param\u00e9terek<\/h2>\n<ul>\n<li>Kiv\u00e1l\u00f3 szemv\u00e9delem<\/li>\n<li>Min\u0151s\u00e9gi anyag<\/li>\n<li>Gyors csere<\/li>\n<li>Nagy ellen\u00e1ll\u00e1s\u00fa \u00fcveg<\/li>\n<\/ul>","protected":false},"excerpt":{"rendered":"<p>A Deerhunter l\u00f6v\u0151szem\u00fcveg tartal\u00e9k \u00fcvegekkel megb\u00edzhat\u00f3 szemv\u00e9delmet ad sportl\u00f6v\u00e9szethez, \u00e9s a cser\u00e9lhet\u0151 lencs\u00e9k miatt gyorsan igaz\u00edthatod a f\u00e9nyviszonyokhoz. Strapab\u00edr\u00f3 kerettel \u00e9s ellen\u00e1ll\u00f3 lencs\u00e9kkel k\u00e9sz\u00fcl, v\u00e9d a v\u00edz, por \u00e9s szennyez\u0151d\u00e9sek ellen, k\u00e9nyelmesen illeszkedik.<\/p>","protected":false},"featured_media":19932,"template":"","meta":{"_gspb_post_css":""},"product_brand":[],"product_cat":[2320],"product_tag":[2322,2576],"class_list":{"0":"post-19886","1":"product","2":"type-product","3":"status-publish","4":"has-post-thumbnail","6":"product_cat-doplnky-obuv-a-oblecenie","7":"product_tag-deerhunter","8":"product_tag-shooting-glasses","10":"first","11":"instock","12":"taxable","13":"shipping-taxable","14":"purchasable","15":"product-type-simple"},"ct_brands":[],"_links":{"self":[{"href":"https:\/\/zbranebudai.sk\/hu\/wp-json\/wp\/v2\/product\/19886","targetHints":{"allow":["GET"]}}],"collection":[{"href":"https:\/\/zbranebudai.sk\/hu\/wp-json\/wp\/v2\/product"}],"about":[{"href":"https:\/\/zbranebudai.sk\/hu\/wp-json\/wp\/v2\/types\/product"}],"wp:featuredmedia":[{"embeddable":true,"href":"https:\/\/zbranebudai.sk\/hu\/wp-json\/wp\/v2\/media\/19932"}],"wp:attachment":[{"href":"https:\/\/zbranebudai.sk\/hu\/wp-json\/wp\/v2\/media?parent=19886"}],"wp:term":[{"taxonomy":"product_brand","embeddable":true,"href":"https:\/\/zbranebudai.sk\/hu\/wp-json\/wp\/v2\/product_brand?post=19886"},{"taxonomy":"product_cat","embeddable":true,"href":"https:\/\/zbranebudai.sk\/hu\/wp-json\/wp\/v2\/product_cat?post=19886"},{"taxonomy":"product_tag","embeddable":true,"href":"https:\/\/zbranebudai.sk\/hu\/wp-json\/wp\/v2\/product_tag?post=19886"}],"curies":[{"name":"wp","href":"https:\/\/api.w.org\/{rel}","templated":true}]}}