{"id":19885,"date":"2026-01-26T22:48:01","date_gmt":"2026-01-26T20:48:01","guid":{"rendered":"https:\/\/zbranebudai.sk\/?post_type=product&#038;p=19885"},"modified":"2026-01-27T11:57:07","modified_gmt":"2026-01-27T09:57:07","slug":"deerhunter-survivor-eso-poncso-fa-vizallo-kabat","status":"publish","type":"product","link":"https:\/\/zbranebudai.sk\/hu\/product\/deerhunter-survivor-rain-poncho-timber-nepremokava-kabat\/","title":{"rendered":"Deerhunter Survivor Rain Poncho Timber v\u00edz\u00e1ll\u00f3 kab\u00e1t"},"content":{"rendered":"<p><strong>Deerhunter Survivor Rain Poncho Timber v\u00edz\u00e1ll\u00f3 kab\u00e1t<\/strong> egy k\u00f6nny\u0171, v\u00edz\u00e1ll\u00f3 es\u0151kab\u00e1t, amely l\u00e9legz\u0151 \u00e9s \u00f6sszehajthat\u00f3. A Survivor Poncho egy t\u00f6bbfunkci\u00f3s ruhadarab, amelyet b\u00e1rhov\u00e1 magaddal vihetsz. Egy kis praktikus t\u00e1sk\u00e1ban \u00e9rkezik.<\/p>\n<h2>Term\u00e9kle\u00edr\u00e1s<\/h2>\n<ul>\n<li><strong>Sz\u00edn:<\/strong> F\u0171r\u00e9sz\u00e1ru<\/li>\n<li><strong>Anyag:<\/strong> 100 % poli\u00e9szter<\/li>\n<\/ul>","protected":false},"excerpt":{"rendered":"<p>A Deerhunter Survivor Rain Poncho Timber egy k\u00f6nny\u0171, v\u00edz\u00e1ll\u00f3 \u00e9s l\u00e9legz\u0151, csomagolhat\u00f3 poncs\u00f3, amit gyorsan r\u00e1h\u00fazhatsz a ruh\u00e1zatra es\u0151ben \u00e9s sz\u00e9lben. Kis praktikus t\u00e1sk\u00e1ban viheted magaddal, Timber sz\u00ednben, 100% poli\u00e9szter anyagb\u00f3l.<\/p>","protected":false},"featured_media":19926,"template":"","meta":{"_gspb_post_css":""},"product_brand":[],"product_cat":[2574],"product_tag":[2322,2575],"class_list":{"0":"post-19885","1":"product","2":"type-product","3":"status-publish","4":"has-post-thumbnail","6":"product_cat-bundy-a-svetre","7":"product_tag-deerhunter","8":"product_tag-survivor-rain-poncho","10":"first","11":"instock","12":"taxable","13":"shipping-taxable","14":"purchasable","15":"product-type-variable","16":"has-default-attributes"},"ct_brands":[],"_links":{"self":[{"href":"https:\/\/zbranebudai.sk\/hu\/wp-json\/wp\/v2\/product\/19885","targetHints":{"allow":["GET"]}}],"collection":[{"href":"https:\/\/zbranebudai.sk\/hu\/wp-json\/wp\/v2\/product"}],"about":[{"href":"https:\/\/zbranebudai.sk\/hu\/wp-json\/wp\/v2\/types\/product"}],"wp:featuredmedia":[{"embeddable":true,"href":"https:\/\/zbranebudai.sk\/hu\/wp-json\/wp\/v2\/media\/19926"}],"wp:attachment":[{"href":"https:\/\/zbranebudai.sk\/hu\/wp-json\/wp\/v2\/media?parent=19885"}],"wp:term":[{"taxonomy":"product_brand","embeddable":true,"href":"https:\/\/zbranebudai.sk\/hu\/wp-json\/wp\/v2\/product_brand?post=19885"},{"taxonomy":"product_cat","embeddable":true,"href":"https:\/\/zbranebudai.sk\/hu\/wp-json\/wp\/v2\/product_cat?post=19885"},{"taxonomy":"product_tag","embeddable":true,"href":"https:\/\/zbranebudai.sk\/hu\/wp-json\/wp\/v2\/product_tag?post=19885"}],"curies":[{"name":"wp","href":"https:\/\/api.w.org\/{rel}","templated":true}]}}