{"id":19884,"date":"2026-01-26T22:48:01","date_gmt":"2026-01-26T20:48:01","guid":{"rendered":"https:\/\/zbranebudai.sk\/?post_type=product&#038;p=19884"},"modified":"2026-01-27T12:45:29","modified_gmt":"2026-01-27T10:45:29","slug":"szarvasvadasz-csomagolhato-taska-fekete-32-literes-osszecsukhato-taska","status":"publish","type":"product","link":"https:\/\/zbranebudai.sk\/hu\/product\/deerhunter-packable-carry-bag-black-32-litrova-skladacia-taska\/","title":{"rendered":"Deerhunter Packable Carry Bag fekete 32 literes \u00f6sszecsukhat\u00f3 t\u00e1ska"},"content":{"rendered":"<p><strong>Deerhunter Packable Carry Bag fekete 32 literes \u00f6sszecsukhat\u00f3 t\u00e1ska<\/strong>, amelybe minden kalandhoz sz\u00fcks\u00e9ges felszerel\u00e9s elf\u00e9r. Kiv\u00e1l\u00f3 min\u0151s\u00e9g\u0171 100 % poliamidb\u00f3l k\u00e9sz\u00fclt, amelyet az erd\u0151 viszontags\u00e1gaival szembeni szil\u00e1rds\u00e1g \u00e9s ellen\u00e1ll\u00f3 k\u00e9pess\u00e9g jellemez. Induljon el a terepre a k\u00f6nny\u0171, t\u00e1gas \u00e9s kiv\u00e1l\u00f3 min\u0151s\u00e9g\u0171 Deerhunter csomaggal. A szabadban val\u00f3 visel\u00e9s mellett munk\u00e1ba, t\u00far\u00e1z\u00e1sra vagy szabadid\u0151s tev\u00e9kenys\u00e9gek sor\u00e1n is viselheti.<\/p>\n<h2>Term\u00e9kle\u00edr\u00e1s<\/h2>\n<ul>\n<li><strong>Sz\u00edn:<\/strong> Fekete<\/li>\n<li><strong>Anyag:<\/strong> 100 % poliamid 0 g\/m\u00b2<\/li>\n<li><strong>K\u00f6tet:<\/strong> 32 liter<\/li>\n<li><strong>S\u00faly:<\/strong> 155 g<\/li>\n<li><strong>Aj\u00e1nlott mos\u00e1s:<\/strong> mos\u00e1s hasonl\u00f3 sz\u00ednekkel<\/li>\n<\/ul>\n<h2>Term\u00e9k param\u00e9terek<\/h2>\n<ul>\n<li>T\u00e9rfogat 32 liter<\/li>\n<li>K\u00f6nnyen \u00f6sszecsukhat\u00f3 \u00e9s t\u00e1rolhat\u00f3<\/li>\n<li>Min\u0151s\u00e9gi anyag<\/li>\n<li>V\u00e1llon vagy k\u00e9zben hordhat\u00f3<\/li>\n<\/ul>","protected":false},"excerpt":{"rendered":"<p>A Deerhunter Packable Carry Bag 32 literes, k\u00f6nny\u0171 \u00e9s \u00f6sszecsukhat\u00f3 t\u00e1ska, amely elnyeli a sz\u00fcks\u00e9ges felszerel\u00e9st, m\u00e9gis kis helyen elf\u00e9r t\u00e1rol\u00e1skor. Strapab\u00edr\u00f3, 100% poliamidb\u00f3l k\u00e9sz\u00fcl fekete sz\u00ednben, v\u00e1llon vagy k\u00e9zben is hordhat\u00f3, term\u00e9szetbe, munk\u00e1ba \u00e9s kir\u00e1ndul\u00e1sra egyar\u00e1nt.<\/p>","protected":false},"featured_media":19923,"template":"","meta":{"_gspb_post_css":""},"product_brand":[],"product_cat":[2320],"product_tag":[2322,2573],"class_list":{"0":"post-19884","1":"product","2":"type-product","3":"status-publish","4":"has-post-thumbnail","6":"product_cat-doplnky-obuv-a-oblecenie","7":"product_tag-deerhunter","8":"product_tag-packable-carry-bag","10":"first","11":"instock","12":"taxable","13":"shipping-taxable","14":"purchasable","15":"product-type-simple"},"ct_brands":[],"_links":{"self":[{"href":"https:\/\/zbranebudai.sk\/hu\/wp-json\/wp\/v2\/product\/19884","targetHints":{"allow":["GET"]}}],"collection":[{"href":"https:\/\/zbranebudai.sk\/hu\/wp-json\/wp\/v2\/product"}],"about":[{"href":"https:\/\/zbranebudai.sk\/hu\/wp-json\/wp\/v2\/types\/product"}],"wp:featuredmedia":[{"embeddable":true,"href":"https:\/\/zbranebudai.sk\/hu\/wp-json\/wp\/v2\/media\/19923"}],"wp:attachment":[{"href":"https:\/\/zbranebudai.sk\/hu\/wp-json\/wp\/v2\/media?parent=19884"}],"wp:term":[{"taxonomy":"product_brand","embeddable":true,"href":"https:\/\/zbranebudai.sk\/hu\/wp-json\/wp\/v2\/product_brand?post=19884"},{"taxonomy":"product_cat","embeddable":true,"href":"https:\/\/zbranebudai.sk\/hu\/wp-json\/wp\/v2\/product_cat?post=19884"},{"taxonomy":"product_tag","embeddable":true,"href":"https:\/\/zbranebudai.sk\/hu\/wp-json\/wp\/v2\/product_tag?post=19884"}],"curies":[{"name":"wp","href":"https:\/\/api.w.org\/{rel}","templated":true}]}}