{"id":19883,"date":"2026-01-26T22:48:01","date_gmt":"2026-01-26T20:48:01","guid":{"rendered":"https:\/\/zbranebudai.sk\/?post_type=product&#038;p=19883"},"modified":"2026-01-27T11:56:02","modified_gmt":"2026-01-27T09:56:02","slug":"deerhunter-muflon-teli-kesztyu","status":"publish","type":"product","link":"https:\/\/zbranebudai.sk\/hu\/product\/deerhunter-mouflon-zimne-polovnicke-rukavice\/","title":{"rendered":"Deerhunter Mouflon hideg id\u0151re t\u00e9li vad\u00e1szkeszty\u0171"},"content":{"rendered":"<p><strong>Deerhunter Mouflon hideg id\u0151re t\u00e9li vad\u00e1szkeszty\u0171<\/strong> ide\u00e1lisak minden t\u00e9li vad\u00e1szati tev\u00e9kenys\u00e9ghez. Nem sz\u00e1m\u00edt, hogy egyed\u00fcl vagy csoportosan vad\u00e1szik. DEER-TEX membr\u00e1nnal \u00e9s t\u00f6k\u00e9letes 3M Thinsulate szigetel\u00e9ssel vannak ell\u00e1tva. Ezek a tulajdons\u00e1gok rendk\u00edv\u00fcl v\u00edz- \u00e9s sz\u00e9l\u00e1ll\u00f3v\u00e1 \u00e9s l\u00e9g\u00e1tereszt\u0151v\u00e9 teszik \u0151ket. A keszty\u0171 anyaga zajmentes, amit minden vad\u00e1sz \u00e9rt\u00e9kelni fog, ha egyed\u00fcl vad\u00e1szik.<\/p>\n<p>Ha nagyon hideg h\u0151m\u00e9rs\u00e9kleten szeretne vad\u00e1szni, a szigetelt vad\u00e1szruh\u00e1zat kiv\u00e1laszt\u00e1sa nagyon el\u0151ny\u00f6s lesz. A p\u00e1rn\u00e1zotts\u00e1g vagy szigetel\u00e9s \u00fagy van kialak\u00edtva, hogy melegen tartsa \u00d6nt. Fontos, hogy testh\u0151m\u00e9rs\u00e9klet\u00e9t eg\u00e9sz nap stabilan tartsa, hogy ne fagyjon meg.<\/p>\n<h2>Term\u00e9kle\u00edr\u00e1s<\/h2>\n<ul>\n<li><strong>M\u00e9ret:<\/strong> M-2XL<\/li>\n<li><strong>Sz\u00edn:<\/strong> 376 - Art Green<\/li>\n<li><strong>Aj\u00e1nlott mos\u00e1s:<\/strong> ne haszn\u00e1ljon l\u00e1gy\u00edt\u00f3t, m\u00e1s t\u00e1rgyakt\u00f3l elk\u00fcl\u00f6n\u00edtve mossa.<\/li>\n<li><strong>K\u00fcls\u0151 anyag:<\/strong> 100 % poli\u00e9szter, 265 g\/m2<\/li>\n<li><strong>Meger\u0151s\u00edt\u00e9s:<\/strong> 100 % b\u0151r<\/li>\n<li><strong>B\u00e9l\u00e9s:<\/strong> 100 % poli\u00e9szter, 140 g\/m2<\/li>\n<li><strong>T\u00f6lt\u0151anyag:<\/strong> 100 % poli\u00e9szter, 120 g\/m2<\/li>\n<\/ul>\n<p><strong>DEER-TEX membr\u00e1n<\/strong> - ez a membr\u00e1n a k\u00fcls\u0151 r\u00e9teg \u00e9s a t\u00f6bbi r\u00e9teg k\u00f6z\u00f6tt helyezkedik el. Minden varr\u00e1s szalaggal van ell\u00e1tva, ami 100 % v\u00edz\u00e1ll\u00f3s\u00e1got garant\u00e1l. A membr\u00e1nt leggyakrabban olyan term\u00e9kekn\u00e9l haszn\u00e1lj\u00e1k, ahol zajcs\u00f6kkent\u00e9sre van sz\u00fcks\u00e9g.<\/p>\n<p><strong>3M Thinsulate szigetel\u00e9s<\/strong> - L\u00e9g\u00e1tereszt\u0151 k\u00e9pess\u00e9get, puhas\u00e1got \u00e9s ami a legfontosabb, meleget biztos\u00edt m\u00e9g nedves k\u00f6r\u00fclm\u00e9nyek k\u00f6z\u00f6tt is.<\/p>\n<h2>Term\u00e9k param\u00e9terek<\/h2>\n<ul>\n<li>B\u00e9l\u00e9s a keszty\u0171 fels\u0151 oldal\u00e1n<\/li>\n<li>Bels\u0151 meger\u0151s\u00edt\u00e9s a jobb tapad\u00e1s\u00e9rt<\/li>\n<li>\u00c1ll\u00edthat\u00f3 csukl\u00f3r\u00e9sz<\/li>\n<li>L\u00e9legz\u0151k\u00e9pess\u00e9g<\/li>\n<li>Deer-Tex membr\u00e1n<\/li>\n<li>Sz\u00e9l- \u00e9s v\u00edz\u00e1ll\u00f3s\u00e1g<\/li>\n<li>3M Thinsulate szigetel\u00e9s<\/li>\n<\/ul>","protected":false},"excerpt":{"rendered":"<p>A Deerhunter Mouflon t\u00e9li vad\u00e1szkeszty\u0171 DEER-TEX membr\u00e1nnal \u00e9s 3M Thinsulate szigetel\u00e9ssel k\u00e9sz\u00fcl, ez\u00e9rt melegen tart, v\u00edz- \u00e9s sz\u00e9l\u00e1ll\u00f3, k\u00f6zben j\u00f3l szell\u0151zik. Csendes anyag\u00fa, b\u0151r meger\u0151s\u00edt\u00e9sekkel \u00e9s \u00e1ll\u00edthat\u00f3 csukl\u00f3r\u00e9sszel, \u00edgy lesvad\u00e1szathoz \u00e9s k\u00f6z\u00f6s vad\u00e1szathoz is ide\u00e1lis, M-2XL m\u00e9retben, Art Green sz\u00ednben.<\/p>","protected":false},"featured_media":19922,"template":"","meta":{"_gspb_post_css":""},"product_brand":[],"product_cat":[2320],"product_tag":[2322,2572],"class_list":{"0":"post-19883","1":"product","2":"type-product","3":"status-publish","4":"has-post-thumbnail","6":"product_cat-doplnky-obuv-a-oblecenie","7":"product_tag-deerhunter","8":"product_tag-mouflon","10":"first","11":"instock","12":"taxable","13":"shipping-taxable","14":"purchasable","15":"product-type-variable","16":"has-default-attributes"},"ct_brands":[],"_links":{"self":[{"href":"https:\/\/zbranebudai.sk\/hu\/wp-json\/wp\/v2\/product\/19883","targetHints":{"allow":["GET"]}}],"collection":[{"href":"https:\/\/zbranebudai.sk\/hu\/wp-json\/wp\/v2\/product"}],"about":[{"href":"https:\/\/zbranebudai.sk\/hu\/wp-json\/wp\/v2\/types\/product"}],"wp:featuredmedia":[{"embeddable":true,"href":"https:\/\/zbranebudai.sk\/hu\/wp-json\/wp\/v2\/media\/19922"}],"wp:attachment":[{"href":"https:\/\/zbranebudai.sk\/hu\/wp-json\/wp\/v2\/media?parent=19883"}],"wp:term":[{"taxonomy":"product_brand","embeddable":true,"href":"https:\/\/zbranebudai.sk\/hu\/wp-json\/wp\/v2\/product_brand?post=19883"},{"taxonomy":"product_cat","embeddable":true,"href":"https:\/\/zbranebudai.sk\/hu\/wp-json\/wp\/v2\/product_cat?post=19883"},{"taxonomy":"product_tag","embeddable":true,"href":"https:\/\/zbranebudai.sk\/hu\/wp-json\/wp\/v2\/product_tag?post=19883"}],"curies":[{"name":"wp","href":"https:\/\/api.w.org\/{rel}","templated":true}]}}