{"id":19882,"date":"2026-01-26T22:48:01","date_gmt":"2026-01-26T20:48:01","guid":{"rendered":"https:\/\/zbranebudai.sk\/?post_type=product&#038;p=19882"},"modified":"2026-01-27T11:54:43","modified_gmt":"2026-01-27T09:54:43","slug":"szarvasvadasz-kos-hideg-torta","status":"publish","type":"product","link":"https:\/\/zbranebudai.sk\/hu\/product\/deerhunter-ram-zimna-ciapka\/","title":{"rendered":"Deerhunter Ram t\u00e9li sapka"},"content":{"rendered":"<p><strong>Deerhunter Ram t\u00e9li sapka<\/strong> 100 % poli\u00e9szter sz\u00e1lcsiszolt anyagb\u00f3l k\u00e9sz\u00fclt, \u00e9s Deer-Tex membr\u00e1nnal, Performance Shell \u00e9s v\u00edztasz\u00edt\u00f3 kivitelben v\u00e9di a fej\u00e9t a sz\u00e9lt\u0151l \u00e9s az es\u0151t\u0151l. Ha t\u00e9len vad\u00e1szik, amikor nagy a sz\u00e9l \u00e9s rendk\u00edv\u00fcl hideg van, a Ram sapka nyakv\u00e9d\u0151vel \u00e9s integr\u00e1lt f\u00fclv\u00e9d\u0151vel rendelkezik.<\/p>\n<h2>Term\u00e9kle\u00edr\u00e1s<\/h2>\n<ul>\n<li><strong>Sz\u00edn:<\/strong> Elmwood<\/li>\n<li><strong>\u00d6sszet\u00e9tel:<\/strong> 100 % poli\u00e9szter, 225 g\/m2<\/li>\n<\/ul>","protected":false},"excerpt":{"rendered":"<p>A Deerhunter Ram t\u00e9li sapka 100% poli\u00e9szterb\u0151l k\u00e9sz\u00fcl Deer-Tex membr\u00e1nnal, Performance Shell-lel \u00e9s v\u00edztasz\u00edt\u00f3 fel\u00fclettel, \u00edgy v\u00e9di a fejet a sz\u00e9lt\u0151l \u00e9s az es\u0151t\u0151l. Nyakv\u00e9d\u0151vel \u00e9s be\u00e9p\u00edtett f\u00fclv\u00e9d\u0151vel ad extra meleget hideg, szeles vad\u00e1szatokon, Elmwood sz\u00ednben.<\/p>","protected":false},"featured_media":19914,"template":"","meta":{"_gspb_post_css":""},"product_brand":[],"product_cat":[2320],"product_tag":[2322,2571],"class_list":{"0":"post-19882","1":"product","2":"type-product","3":"status-publish","4":"has-post-thumbnail","6":"product_cat-doplnky-obuv-a-oblecenie","7":"product_tag-deerhunter","8":"product_tag-ram","10":"first","11":"instock","12":"taxable","13":"shipping-taxable","14":"purchasable","15":"product-type-variable","16":"has-default-attributes"},"ct_brands":[],"_links":{"self":[{"href":"https:\/\/zbranebudai.sk\/hu\/wp-json\/wp\/v2\/product\/19882","targetHints":{"allow":["GET"]}}],"collection":[{"href":"https:\/\/zbranebudai.sk\/hu\/wp-json\/wp\/v2\/product"}],"about":[{"href":"https:\/\/zbranebudai.sk\/hu\/wp-json\/wp\/v2\/types\/product"}],"wp:featuredmedia":[{"embeddable":true,"href":"https:\/\/zbranebudai.sk\/hu\/wp-json\/wp\/v2\/media\/19914"}],"wp:attachment":[{"href":"https:\/\/zbranebudai.sk\/hu\/wp-json\/wp\/v2\/media?parent=19882"}],"wp:term":[{"taxonomy":"product_brand","embeddable":true,"href":"https:\/\/zbranebudai.sk\/hu\/wp-json\/wp\/v2\/product_brand?post=19882"},{"taxonomy":"product_cat","embeddable":true,"href":"https:\/\/zbranebudai.sk\/hu\/wp-json\/wp\/v2\/product_cat?post=19882"},{"taxonomy":"product_tag","embeddable":true,"href":"https:\/\/zbranebudai.sk\/hu\/wp-json\/wp\/v2\/product_tag?post=19882"}],"curies":[{"name":"wp","href":"https:\/\/api.w.org\/{rel}","templated":true}]}}