{"id":19881,"date":"2026-01-26T22:48:01","date_gmt":"2026-01-26T20:48:01","guid":{"rendered":"https:\/\/zbranebudai.sk\/?post_type=product&#038;p=19881"},"modified":"2026-01-27T12:46:46","modified_gmt":"2026-01-27T10:46:46","slug":"deerhunter-logo-nyakcso-narancssarga-multifunkcios-sal","status":"publish","type":"product","link":"https:\/\/zbranebudai.sk\/hu\/product\/deerhunter-logo-neck-tube-oranzovy-multifunkcny-sal\/","title":{"rendered":"Deerhunter Logo Neck Tube orange multifunkcion\u00e1lis s\u00e1lkend\u0151"},"content":{"rendered":"<p><strong>Deerhunter Logo Neck Tube orange multifunkcion\u00e1lis s\u00e1lkend\u0151<\/strong> kiv\u00e1l\u00f3 min\u0151s\u00e9g\u0171 anyagb\u00f3l k\u00e9sz\u00fclt. Egyenletes meleget biztos\u00edt \u00e9s megakad\u00e1lyozza a szagok kialakul\u00e1s\u00e1t m\u00e9g t\u00f6bb napos visel\u00e9s ut\u00e1n is. Viselheti s\u00e1lk\u00e9nt, f\u00e9lmaszkk\u00e9nt, hogy megv\u00e9dje az arc\u00e1t a fagyos sz\u00e9lt\u0151l, vagy sapkak\u00e9nt. A nyakr\u00e9sz univerz\u00e1lis m\u00e9ret\u0171.<\/p>","protected":false},"excerpt":{"rendered":"<p>A Deerhunter Logo Neck Tube orange multifunkcion\u00e1lis cs\u0151s\u00e1l j\u00f3 min\u0151s\u00e9g\u0171 anyagb\u00f3l k\u00e9sz\u00fclt, egyenletesen vezeti el a nedvess\u00e9get, \u00e9s cs\u00f6kkenti a szagk\u00e9pz\u0151d\u00e9st t\u00f6bb napos visel\u00e9s ut\u00e1n is. Hordhatod s\u00e1lk\u00e9nt, f\u00e9lmaszkk\u00e9nt, sapkak\u00e9nt is, univerz\u00e1lis m\u00e9retben, jeges sz\u00e9l ellen.<\/p>","protected":false},"featured_media":19913,"template":"","meta":{"_gspb_post_css":""},"product_brand":[],"product_cat":[2320],"product_tag":[2322,2527],"class_list":{"0":"post-19881","1":"product","2":"type-product","3":"status-publish","4":"has-post-thumbnail","6":"product_cat-doplnky-obuv-a-oblecenie","7":"product_tag-deerhunter","8":"product_tag-logo-neck-tube","10":"first","11":"instock","12":"taxable","13":"shipping-taxable","14":"purchasable","15":"product-type-simple"},"ct_brands":[],"_links":{"self":[{"href":"https:\/\/zbranebudai.sk\/hu\/wp-json\/wp\/v2\/product\/19881","targetHints":{"allow":["GET"]}}],"collection":[{"href":"https:\/\/zbranebudai.sk\/hu\/wp-json\/wp\/v2\/product"}],"about":[{"href":"https:\/\/zbranebudai.sk\/hu\/wp-json\/wp\/v2\/types\/product"}],"wp:featuredmedia":[{"embeddable":true,"href":"https:\/\/zbranebudai.sk\/hu\/wp-json\/wp\/v2\/media\/19913"}],"wp:attachment":[{"href":"https:\/\/zbranebudai.sk\/hu\/wp-json\/wp\/v2\/media?parent=19881"}],"wp:term":[{"taxonomy":"product_brand","embeddable":true,"href":"https:\/\/zbranebudai.sk\/hu\/wp-json\/wp\/v2\/product_brand?post=19881"},{"taxonomy":"product_cat","embeddable":true,"href":"https:\/\/zbranebudai.sk\/hu\/wp-json\/wp\/v2\/product_cat?post=19881"},{"taxonomy":"product_tag","embeddable":true,"href":"https:\/\/zbranebudai.sk\/hu\/wp-json\/wp\/v2\/product_tag?post=19881"}],"curies":[{"name":"wp","href":"https:\/\/api.w.org\/{rel}","templated":true}]}}