{"id":19880,"date":"2026-01-26T22:48:01","date_gmt":"2026-01-26T20:48:01","guid":{"rendered":"https:\/\/zbranebudai.sk\/?post_type=product&#038;p=19880"},"modified":"2026-01-27T12:47:52","modified_gmt":"2026-01-27T10:47:52","slug":"szarvasvadasz-csomagolhato-taska-zold-osszecsukhato-hatizsak-24-literes","status":"publish","type":"product","link":"https:\/\/zbranebudai.sk\/hu\/product\/deerhunter-packable-bag-zeleny-skladaci-batoh-s-objemom-24-litrov\/","title":{"rendered":"Deerhunter Packable Bag z\u00f6ld 24 literes \u00f6sszecsukhat\u00f3 h\u00e1tizs\u00e1k"},"content":{"rendered":"<p>A Deerhunter Packable Bag z\u00f6ld \u00f6sszecsukhat\u00f3 h\u00e1tizs\u00e1k 24 literes \u0171rtartalommal rendelkezik, \u00edgy minden kalandhoz sz\u00fcks\u00e9ges felszerel\u00e9st bepakolhatsz. Kiv\u00e1l\u00f3 min\u0151s\u00e9g\u0171 100 % poliamidb\u00f3l k\u00e9sz\u00fclt, amely szil\u00e1rds\u00e1g\u00e1val \u00e9s tart\u00f3ss\u00e1g\u00e1val ellen\u00e1ll az erd\u0151 viszontags\u00e1gainak. Indulj ki a terepre a k\u00f6nny\u0171, t\u00e1gas \u00e9s kiv\u00e1l\u00f3 min\u0151s\u00e9g\u0171 Deerhunter csomaggal.<\/p>\n<h2>Term\u00e9kle\u00edr\u00e1s<\/h2>\n<ul>\n<li><strong>Sz\u00edn:<\/strong> Z\u00f6ld<\/li>\n<li><strong>Anyag:<\/strong> 100 % poliamid 0 g\/m\u00b2<\/li>\n<li><strong>K\u00f6tet:<\/strong> 24 liter<\/li>\n<li><strong>S\u00faly:<\/strong> 110 g<\/li>\n<li>Aj\u00e1nlott mos\u00e1s: hasonl\u00f3 sz\u00ednekkel moshat\u00f3<\/li>\n<\/ul>\n<h2>Term\u00e9k param\u00e9terek<\/h2>\n<ul>\n<li>Legfeljebb 24 literes kapacit\u00e1s<\/li>\n<li>Alacsony s\u00faly<\/li>\n<li>K\u00f6nnyen \u00f6sszecsukhat\u00f3 \u00e9s t\u00e1rolhat\u00f3<\/li>\n<li>Min\u0151s\u00e9gi anyag<\/li>\n<\/ul>","protected":false},"excerpt":{"rendered":"<p>A Deerhunter \u00f6sszecsukhat\u00f3 h\u00e1tizs\u00e1k 24 literes, m\u00e9gis csak 110 g, \u00edgy k\u00f6nny\u0171 marad, mik\u00f6zben elnyeli a napi felszerel\u00e9st. Tart\u00f3s, 100% poliamid anyagb\u00f3l k\u00e9sz\u00fclt z\u00f6ld sz\u00ednben, gyorsan \u00f6sszehajthat\u00f3 \u00e9s kis helyen t\u00e1rolhat\u00f3.<\/p>","protected":false},"featured_media":19911,"template":"","meta":{"_gspb_post_css":""},"product_brand":[],"product_cat":[2320],"product_tag":[2322,2570],"class_list":{"0":"post-19880","1":"product","2":"type-product","3":"status-publish","4":"has-post-thumbnail","6":"product_cat-doplnky-obuv-a-oblecenie","7":"product_tag-deerhunter","8":"product_tag-packable-bag","10":"first","11":"instock","12":"taxable","13":"shipping-taxable","14":"purchasable","15":"product-type-simple"},"ct_brands":[],"_links":{"self":[{"href":"https:\/\/zbranebudai.sk\/hu\/wp-json\/wp\/v2\/product\/19880","targetHints":{"allow":["GET"]}}],"collection":[{"href":"https:\/\/zbranebudai.sk\/hu\/wp-json\/wp\/v2\/product"}],"about":[{"href":"https:\/\/zbranebudai.sk\/hu\/wp-json\/wp\/v2\/types\/product"}],"wp:featuredmedia":[{"embeddable":true,"href":"https:\/\/zbranebudai.sk\/hu\/wp-json\/wp\/v2\/media\/19911"}],"wp:attachment":[{"href":"https:\/\/zbranebudai.sk\/hu\/wp-json\/wp\/v2\/media?parent=19880"}],"wp:term":[{"taxonomy":"product_brand","embeddable":true,"href":"https:\/\/zbranebudai.sk\/hu\/wp-json\/wp\/v2\/product_brand?post=19880"},{"taxonomy":"product_cat","embeddable":true,"href":"https:\/\/zbranebudai.sk\/hu\/wp-json\/wp\/v2\/product_cat?post=19880"},{"taxonomy":"product_tag","embeddable":true,"href":"https:\/\/zbranebudai.sk\/hu\/wp-json\/wp\/v2\/product_tag?post=19880"}],"curies":[{"name":"wp","href":"https:\/\/api.w.org\/{rel}","templated":true}]}}