{"id":19879,"date":"2026-01-26T22:48:01","date_gmt":"2026-01-26T20:48:01","guid":{"rendered":"https:\/\/zbranebudai.sk\/?post_type=product&#038;p=19879"},"modified":"2026-01-27T11:53:30","modified_gmt":"2026-01-27T09:53:30","slug":"szarvasvadasz-fordithato-tapsikolo","status":"publish","type":"product","link":"https:\/\/zbranebudai.sk\/hu\/product\/deerhunter-obojstranna-ciapka\/","title":{"rendered":"Deerhunter Sapka k\u00e9toldal\u00fa"},"content":{"rendered":"<p><strong>Deerhunter Sapka k\u00e9toldal\u00fa<\/strong> v\u00edzleperget\u0151 \u00e9s Deerhunter Stormliner v\u00e9d\u0151r\u00e9teggel van ell\u00e1tva, amely a sapk\u00e1t v\u00edzleperget\u0151v\u00e9 \u00e9s l\u00e9g\u00e1tereszt\u0151v\u00e9 teszi. Ez a sapka nem csak st\u00edlusos. Gy\u00f6ny\u00f6r\u0171 form\u00e1ja van, \u00e9s t\u00f6bb m\u00e9retben is kaphat\u00f3. T\u00f6k\u00e9letes sapka csoportos vad\u00e1szathoz. A f\u00e9nyvisszaver\u0151 bels\u0151 r\u00e9sznek k\u00f6sz\u00f6nhet\u0151en pillanatok alatt \u201el\u00e1that\u00f3v\u00e1\u201c v\u00e1lik.<\/p>\n<h2>Term\u00e9kle\u00edr\u00e1s<\/h2>\n<ul>\n<li>M\u00e9ret: 56\/57, 58\/59, 60\/61, 62\/63<\/li>\n<\/ul>","protected":false},"excerpt":{"rendered":"<p>A Deerhunter k\u00e9toldal\u00fa sapka v\u00edztasz\u00edt\u00f3 \u00e9s l\u00e9legz\u0151 a Stormliner v\u00e9d\u0151r\u00e9tegnek k\u00f6sz\u00f6nhet\u0151en, \u00edgy k\u00e9nyelmes viselet v\u00e1ltoz\u00f3 id\u0151ben is. A f\u00e9nyvisszaver\u0151 bels\u0151 oldal p\u00e1r m\u00e1sodperc alatt j\u00f3l l\u00e1that\u00f3v\u00e1 tesz, t\u00f6bb m\u00e9retben el\u00e9rhet\u0151 k\u00f6z\u00f6s vad\u00e1szatokra.<\/p>","protected":false},"featured_media":19909,"template":"","meta":{"_gspb_post_css":""},"product_brand":[],"product_cat":[2320],"product_tag":[2569,2322],"class_list":{"0":"post-19879","1":"product","2":"type-product","3":"status-publish","4":"has-post-thumbnail","6":"product_cat-doplnky-obuv-a-oblecenie","7":"product_tag-cap","8":"product_tag-deerhunter","10":"first","11":"instock","12":"taxable","13":"shipping-taxable","14":"purchasable","15":"product-type-variable","16":"has-default-attributes"},"ct_brands":[],"_links":{"self":[{"href":"https:\/\/zbranebudai.sk\/hu\/wp-json\/wp\/v2\/product\/19879","targetHints":{"allow":["GET"]}}],"collection":[{"href":"https:\/\/zbranebudai.sk\/hu\/wp-json\/wp\/v2\/product"}],"about":[{"href":"https:\/\/zbranebudai.sk\/hu\/wp-json\/wp\/v2\/types\/product"}],"wp:featuredmedia":[{"embeddable":true,"href":"https:\/\/zbranebudai.sk\/hu\/wp-json\/wp\/v2\/media\/19909"}],"wp:attachment":[{"href":"https:\/\/zbranebudai.sk\/hu\/wp-json\/wp\/v2\/media?parent=19879"}],"wp:term":[{"taxonomy":"product_brand","embeddable":true,"href":"https:\/\/zbranebudai.sk\/hu\/wp-json\/wp\/v2\/product_brand?post=19879"},{"taxonomy":"product_cat","embeddable":true,"href":"https:\/\/zbranebudai.sk\/hu\/wp-json\/wp\/v2\/product_cat?post=19879"},{"taxonomy":"product_tag","embeddable":true,"href":"https:\/\/zbranebudai.sk\/hu\/wp-json\/wp\/v2\/product_tag?post=19879"}],"curies":[{"name":"wp","href":"https:\/\/api.w.org\/{rel}","templated":true}]}}