{"id":19652,"date":"2026-01-15T17:51:27","date_gmt":"2026-01-15T15:51:27","guid":{"rendered":"https:\/\/zbranebudai.sk\/?post_type=product&#038;p=19652"},"modified":"2026-01-15T19:18:11","modified_gmt":"2026-01-15T17:18:11","slug":"deerhunter-moor-parnazott-softshell-szigetelt-ferfi-kabat","status":"publish","type":"product","link":"https:\/\/zbranebudai.sk\/hu\/product\/deerhunter-moor-padded-softshell-izolovana-panska-bunda\/","title":{"rendered":"Deerhunter Moor Padded softshell h\u0151szigetelt f\u00e9rfi kab\u00e1t"},"content":{"rendered":"<p><strong>Deerhunter Moor Padded softshell h\u0151szigetelt f\u00e9rfi kab\u00e1t<\/strong>\u00a0egy modern kab\u00e1t klasszikus diz\u00e1jnnal. Az ujjak ment\u00e9n \u00e9s a der\u00e9kr\u00e9szen sztreccs anyaggal rendelkezik. Ez sokkal k\u00e9nyelmesebb\u00e9 teszi a viselet\u00e9t, \u00e9s n\u00f6veli a komfort\u00e9rzetet. Ide\u00e1lis v\u00e1laszt\u00e1s a tavaszi \u00e9s ny\u00e1ri napokra. Alkalmas vad\u00e1szathoz, t\u00far\u00e1z\u00e1shoz, alkalmi viselethez \u00e9s a szabadt\u00e9ri sportok szerelmeseinek. A kab\u00e1t elej\u00e9n h\u00e1rom zseb tal\u00e1lhat\u00f3, amelyek rengeteg helyet biztos\u00edtanak a fontos dolgok t\u00e1rol\u00e1s\u00e1ra.<\/p>\n<h2>Term\u00e9kle\u00edr\u00e1s<\/h2>\n<ul>\n<li><strong>Sz\u00edn:<\/strong> 353 Kaland z\u00f6ld<\/li>\n<li><strong>M\u00e9retek:<\/strong> S-5XL<\/li>\n<li><strong>Anyag:<\/strong> 100 % poli\u00e9szter<\/li>\n<li><strong>H\u0151szigetel\u00e9s:<\/strong> Deer-Tex Temp 160 g\/m\u00b2<\/li>\n<\/ul>\n<p><strong>DEER-TEX<\/strong> - h\u00e1romr\u00e9teg\u0171 t\u00f6ltel\u00e9k, amely egyetlen egys\u00e9gbe k\u00f6t\u00f6tt sz\u00e1lakb\u00f3l \u00e1ll. Ez a kapcsolat garant\u00e1lja a t\u00f6k\u00e9letes puhas\u00e1got \u00e9s visel\u00e9si k\u00e9nyelmet. A t\u00f6ltel\u00e9k megtartja a testh\u0151t, m\u00edg a fel\u00fcleti sz\u00f6vet szigetel\u00e9st biztos\u00edt.<\/p>\n<h2>Term\u00e9k param\u00e9terek<\/h2>\n<ul>\n<li>P\u00e1rn\u00e1zott<\/li>\n<li>Sokkal jobb testhez illeszked\u00e9s<\/li>\n<li>Elasztikus szeg\u00e9ly<\/li>\n<li>K\u00fclt\u00e9ri haszn\u00e1latra alkalmas<\/li>\n<li>3 cipz\u00e1ras el\u00fcls\u0151 zseb<\/li>\n<li>H\u00e1romr\u00e9teg\u0171 DEER-TEX t\u00f6lt\u00e9s<\/li>\n<\/ul>","protected":false},"excerpt":{"rendered":"<p>A Deerhunter Moor Padded softshell h\u0151szigetelt f\u00e9rfi kab\u00e1t k\u00f6nny\u0171, rugalmas \u00e9s testhez j\u00f3l igazod\u00f3 fels\u0151 r\u00e9teg, ide\u00e1lis tavaszi \u00e9s h\u0171v\u00f6sebb ny\u00e1ri napokra vad\u00e1szathoz, t\u00far\u00e1z\u00e1shoz \u00e9s h\u00e9tk\u00f6znapi viselethez. A Deer-Tex Temp h\u0151szigetel\u00e9s \u00e9s a h\u00e1rom els\u0151 cipz\u00e1ras zseb k\u00e9nyelmes meleget \u00e9s praktikus t\u00e1rol\u00e1st biztos\u00edt a szabadban.<\/p>","protected":false},"featured_media":19726,"template":"","meta":{"_gspb_post_css":""},"product_brand":[],"product_cat":[2329],"product_tag":[2322,2562],"class_list":{"0":"post-19652","1":"product","2":"type-product","3":"status-publish","4":"has-post-thumbnail","6":"product_cat-kabaty-a-svetre","7":"product_tag-deerhunter","8":"product_tag-moor-padded-softshell","10":"first","11":"instock","12":"taxable","13":"shipping-taxable","14":"purchasable","15":"product-type-variable","16":"has-default-attributes"},"ct_brands":[],"_links":{"self":[{"href":"https:\/\/zbranebudai.sk\/hu\/wp-json\/wp\/v2\/product\/19652","targetHints":{"allow":["GET"]}}],"collection":[{"href":"https:\/\/zbranebudai.sk\/hu\/wp-json\/wp\/v2\/product"}],"about":[{"href":"https:\/\/zbranebudai.sk\/hu\/wp-json\/wp\/v2\/types\/product"}],"wp:featuredmedia":[{"embeddable":true,"href":"https:\/\/zbranebudai.sk\/hu\/wp-json\/wp\/v2\/media\/19726"}],"wp:attachment":[{"href":"https:\/\/zbranebudai.sk\/hu\/wp-json\/wp\/v2\/media?parent=19652"}],"wp:term":[{"taxonomy":"product_brand","embeddable":true,"href":"https:\/\/zbranebudai.sk\/hu\/wp-json\/wp\/v2\/product_brand?post=19652"},{"taxonomy":"product_cat","embeddable":true,"href":"https:\/\/zbranebudai.sk\/hu\/wp-json\/wp\/v2\/product_cat?post=19652"},{"taxonomy":"product_tag","embeddable":true,"href":"https:\/\/zbranebudai.sk\/hu\/wp-json\/wp\/v2\/product_tag?post=19652"}],"curies":[{"name":"wp","href":"https:\/\/api.w.org\/{rel}","templated":true}]}}