{"id":19650,"date":"2026-01-15T17:51:27","date_gmt":"2026-01-15T15:51:27","guid":{"rendered":"https:\/\/zbranebudai.sk\/?post_type=product&#038;p=19650"},"modified":"2026-01-15T19:14:43","modified_gmt":"2026-01-15T17:14:43","slug":"deerhunter-thunder-rain-ferfi-vizallo-kabat","status":"publish","type":"product","link":"https:\/\/zbranebudai.sk\/hu\/product\/deerhunter-thunder-rain-panska-nepremokava-bunda\/","title":{"rendered":"Deerhunter Thunder Rain f\u00e9rfi v\u00edz\u00e1ll\u00f3 kab\u00e1t"},"content":{"rendered":"<p><strong>Deerhunter Thunder Rain f\u00e9rfi v\u00edz\u00e1ll\u00f3 kab\u00e1t<\/strong> maxim\u00e1lis v\u00e9delmet ny\u00fajt nedves \u00e9s sz\u00e1raz k\u00f6r\u00fclm\u00e9nyek k\u00f6z\u00f6tt is, k\u00f6sz\u00f6nhet\u0151en a rendk\u00edv\u00fcl k\u00f6nny\u0171, ultrav\u00e9kony, integr\u00e1lt kapucnival ell\u00e1tott konstrukci\u00f3nak. A kab\u00e1tnak van egy f\u0151 cipz\u00e1rja nyom\u00f3gombokkal, \u00f6vvel \u00e9s t\u00e9p\u0151z\u00e1rral, valamint h\u00faz\u00f3zsin\u00f3rral ell\u00e1tott szeg\u00e9llyel. A jellemz\u0151k ezen kombin\u00e1ci\u00f3ja v\u00e9delmet ny\u00fajt a nedves, es\u0151s id\u0151j\u00e1r\u00e1s ellen az \u0151szi h\u00f3napokban. A kab\u00e1t k\u00f6nnyen t\u00e1rolhat\u00f3, \u00e9s nem foglal sok helyet. A DEER-TEX Performance Shell membr\u00e1n garant\u00e1lja a v\u00edz\u00e1ll\u00f3s\u00e1got, \u00e9s ak\u00e1r 5000 mm v\u00edznek is ellen\u00e1ll. Az MVP \u00e9rt\u00e9k a membr\u00e1n l\u00e9g\u00e1tereszt\u0151 k\u00e9pess\u00e9g\u00e9t jelzi. Sosem tudhatod, mikor tal\u00e1lkozol vele. A kab\u00e1t hossza \u00e9s sz\u00e9less\u00e9ge rugalmas, ami garant\u00e1lja a mozg\u00e1sszabads\u00e1got.<\/p>\n<h2>Term\u00e9kle\u00edr\u00e1s<\/h2>\n<ul>\n<li><strong>M\u00e9retek:<\/strong> S-3XL<\/li>\n<li><strong>Sz\u00edn:<\/strong> olajbarna<\/li>\n<li><strong>A k\u00fcls\u0151 r\u00e9teg \u00f6sszet\u00e9tele:<\/strong> 100 % poli\u00e9szter<\/li>\n<\/ul>\n<h2>Term\u00e9k param\u00e9terek<\/h2>\n<ul>\n<li>Puha \u00e9s rendk\u00edv\u00fcl rugalmas kapucnis es\u0151kab\u00e1t<\/li>\n<li>K\u00f6z\u00e9pen cipz\u00e1r \u00e9s rejtett r\u00f6gz\u00edt\u00e9s<\/li>\n<li>K\u00e9t zseb rejtett el\u00fcls\u0151 cipz\u00e1rral<\/li>\n<li>\u00c1ll\u00edthat\u00f3 mandzsett\u00e1k elasztikus, p\u00e1ntokkal \u00e9s t\u00e9p\u0151z\u00e1rral<\/li>\n<li>\u00c1ll\u00edthat\u00f3 als\u00f3 r\u00e9sz h\u00faz\u00f3zsin\u00f3rral<\/li>\n<li>100 % v\u00edz\u00e1ll\u00f3<\/li>\n<\/ul>","protected":false},"excerpt":{"rendered":"<p>A Deerhunter Thunder Rain S f\u00e9rfi v\u00edz\u00e1ll\u00f3 kab\u00e1t rendk\u00edv\u00fcl k\u00f6nny\u0171, rugalmas \u00e9s 100%-ban v\u00edz\u00e1ll\u00f3 es\u0151kab\u00e1t integr\u00e1lt kapucnival, amely megb\u00edzhat\u00f3 v\u00e9delmet ad az \u0151szi, p\u00e1r\u00e1s \u00e9s es\u0151s id\u0151ben. A DEER-TEX Performance Shell membr\u00e1n, az \u00e1ll\u00edthat\u00f3 mandzsetta \u00e9s als\u00f3 szeg\u00e9ly, valamint a rejtett cipz\u00e1ras zsebek k\u00e9nyelmes, szabad mozg\u00e1st \u00e9s praktikus haszn\u00e1latot biztos\u00edtanak.<\/p>","protected":false},"featured_media":19722,"template":"","meta":{"_gspb_post_css":""},"product_brand":[],"product_cat":[2329],"product_tag":[2322,2560],"class_list":{"0":"post-19650","1":"product","2":"type-product","3":"status-publish","4":"has-post-thumbnail","6":"product_cat-kabaty-a-svetre","7":"product_tag-deerhunter","8":"product_tag-thunder-rain","10":"first","11":"instock","12":"taxable","13":"shipping-taxable","14":"purchasable","15":"product-type-variable","16":"has-default-attributes"},"ct_brands":[],"_links":{"self":[{"href":"https:\/\/zbranebudai.sk\/hu\/wp-json\/wp\/v2\/product\/19650","targetHints":{"allow":["GET"]}}],"collection":[{"href":"https:\/\/zbranebudai.sk\/hu\/wp-json\/wp\/v2\/product"}],"about":[{"href":"https:\/\/zbranebudai.sk\/hu\/wp-json\/wp\/v2\/types\/product"}],"wp:featuredmedia":[{"embeddable":true,"href":"https:\/\/zbranebudai.sk\/hu\/wp-json\/wp\/v2\/media\/19722"}],"wp:attachment":[{"href":"https:\/\/zbranebudai.sk\/hu\/wp-json\/wp\/v2\/media?parent=19650"}],"wp:term":[{"taxonomy":"product_brand","embeddable":true,"href":"https:\/\/zbranebudai.sk\/hu\/wp-json\/wp\/v2\/product_brand?post=19650"},{"taxonomy":"product_cat","embeddable":true,"href":"https:\/\/zbranebudai.sk\/hu\/wp-json\/wp\/v2\/product_cat?post=19650"},{"taxonomy":"product_tag","embeddable":true,"href":"https:\/\/zbranebudai.sk\/hu\/wp-json\/wp\/v2\/product_tag?post=19650"}],"curies":[{"name":"wp","href":"https:\/\/api.w.org\/{rel}","templated":true}]}}