{"id":19638,"date":"2026-01-15T17:51:00","date_gmt":"2026-01-15T15:51:00","guid":{"rendered":"https:\/\/zbranebudai.sk\/?post_type=product&#038;p=19638"},"modified":"2026-01-15T19:12:55","modified_gmt":"2026-01-15T17:12:55","slug":"deerhunter-heat-vadaszfuteses-kabat","status":"publish","type":"product","link":"https:\/\/zbranebudai.sk\/hu\/product\/deerhunter-heat-game-wood-vyhrievana-bunda\/","title":{"rendered":"Deerhunter Heat Game - Wood f\u0171thet\u0151 kab\u00e1t"},"content":{"rendered":"<p><strong>Deerhunter Heat Game - Wood f\u0171thet\u0151 kab\u00e1t<\/strong> a t\u00f6k\u00e9letes f\u0171t\u00f6tt k\u00fcls\u0151 r\u00e9teg minden olyan vad\u00e1sz sz\u00e1m\u00e1ra, aki magas szint\u0171 k\u00e9nyelmet \u00e9s funkcionalit\u00e1st ig\u00e9nyel, k\u00fcl\u00f6n\u00f6sen a t\u00e9li h\u00f3napokban. A dzseki ezen v\u00e1ltozat\u00e1nak be\u00e9p\u00edtett f\u0171t\u00e9si funkci\u00f3val val\u00f3 ell\u00e1totts\u00e1ga is bizony\u00edtja, hogy ez a megfelel\u0151 v\u00e1laszt\u00e1s. Ez egy h\u00e1romfokozat\u00fa f\u0171t\u00e9si funkci\u00f3, amely a mellzsebben tal\u00e1lhat\u00f3 t\u00e1rcs\u00e1val k\u00f6nnyen be\u00e1ll\u00edthat\u00f3. A t\u00e1rcsa megnyom\u00e1s\u00e1val automatikusan elindul a kab\u00e1t elej\u00e9n \u00e9s h\u00e1tulj\u00e1n l\u00e9v\u0151 elemek f\u0171t\u00e9se. A f\u0171t\u00e9s \u00e9s a h\u00f3naljban l\u00e9v\u0151 szell\u0151z\u0151 cipz\u00e1rak kombin\u00e1ci\u00f3ja t\u00f6k\u00e9letesen m\u0171k\u00f6dik. Ezek egy\u00fcttesen hozz\u00e1k l\u00e9tre a h\u0151m\u00e9rs\u00e9kletszab\u00e1lyoz\u00e1st. A kab\u00e1thoz tartozik egy \u00fajrat\u00f6lthet\u0151 powerbank is, amelynek kapacit\u00e1sa 10 000 mAh \/ 37 Wh. A kab\u00e1t gy\u00e1rt\u00e1s\u00e1hoz kiv\u00e1l\u00f3 min\u0151s\u00e9g\u0171, tart\u00f3s, de mindenekel\u0151tt csendes anyagot haszn\u00e1ltak, amely nem okoz zajt, amikor a vad\u00e1sz mozog. A kab\u00e1t k\u00e9tir\u00e1ny\u00fa cipz\u00e1rral z\u00e1rhat\u00f3. A kab\u00e1t k\u00fcls\u0151 r\u00e9sz\u00e9t a bels\u0151 r\u00e9sszel egy\u00fctt sz\u00e1mos praktikus, m\u00e1gneses z\u00e1r\u00f3d\u00e1s\u00fa zseb teszi teljess\u00e9. A h\u00e1ts\u00f3 zsebben egy kivehet\u0151 f\u00e9nyvisszaver\u0151 mell\u00e9ny tal\u00e1lhat\u00f3, amely a k\u00f6z\u00f6s vad\u00e1szat sor\u00e1n fontos biztons\u00e1gi elem. Az ujjakon \u00e1ll\u00edthat\u00f3 t\u00e9p\u0151z\u00e1ras mandzsett\u00e1k \u00e9s a h\u00faz\u00f3zsin\u00f3rral ell\u00e1tott \u00e1ll\u00edthat\u00f3 szeg\u00e9ly biztos\u00edtja a t\u00f6k\u00e9letes illeszked\u00e9st. A kab\u00e1tot DEER-TEX\u00ae Performance Shell membr\u00e1n eg\u00e9sz\u00edti ki, amely v\u00edzhatlann\u00e1 teszi a 100 % kab\u00e1tot. A DEER-TEX\u00ae membr\u00e1nra 5 \u00e9v garancia vonatkozik a gy\u00e1rt\u00e1si hib\u00e1k ellen. Term\u00e9kle\u00edr\u00e1s<\/p>\n<ul>\n<li><strong>Sz\u00edn:<\/strong> 585 - Fa<\/li>\n<li><strong>Anyag:<\/strong> 100 % poli\u00e9szter<\/li>\n<li><strong>B\u00e9l\u00e9s:<\/strong> 100 % poli\u00e9szter<\/li>\n<li><strong>T\u00f6lt\u0151anyag:<\/strong> 100 % poli\u00e9szter<\/li>\n<li><strong>Hood:<\/strong> Kivehet\u0151<\/li>\n<li><strong>Zsebek sz\u00e1ma:<\/strong> 11<\/li>\n<li><strong>H\u00e1ts\u00f3 zseb:<\/strong> m\u00e1gneses r\u00f6gz\u00edt\u00e9s \u00e9s kivehet\u0151 f\u00e9nyvisszaver\u0151 mell\u00e9ny bel\u00fclr\u0151l<\/li>\n<li><strong>F\u0171t\u00e9si rendszer<\/strong>: integr\u00e1lt<\/li>\n<li><strong>F\u0171t\u00e9si szintek sz\u00e1ma:<\/strong> 3<\/li>\n<li><strong>ON\/OFF gomb helye:<\/strong> jobb els\u0151 zseb<\/li>\n<li><strong>A f\u0171t\u0151elemek sz\u00e1ma:<\/strong> kett\u0151 el\u00f6l, egy a fels\u0151 h\u00e1ts\u00f3 r\u00e9szen<\/li>\n<li><strong>Powerbank:<\/strong> igen, kapacit\u00e1s 10 000 mAh \/ 37 Wh<\/li>\n<li><strong>Aj\u00e1nlott mos\u00e1s:<\/strong> ne haszn\u00e1ljon l\u00e1gy\u00edt\u00f3t, mos\u00e1s el\u0151tt vegye ki az elemet.<\/li>\n<\/ul>\n<p><strong>DEER-TEX\u00ae Performance Shell<\/strong> - a k\u00fcls\u0151 sz\u00f6vet h\u00e1toldal\u00e1ra lamin\u00e1lt membr\u00e1n, \u00e9s az \u00f6sszes varr\u00e1son ragasztott. 100 % v\u00edz\u00e1ll\u00f3 \u00e9s rendk\u00edv\u00fcl k\u00f6nny\u0171. Ezt a Deerhunter minden technikai jelleg\u0171 term\u00e9k\u00e9ben haszn\u00e1lj\u00e1k.<\/p>\n<p><strong>Csendes<\/strong> - Speci\u00e1lisan kiv\u00e1lasztott csendes anyag, amely minimaliz\u00e1lja a zajt, \u00e9s \u00fagy tervezt\u00e9k, hogy a v\u00e1ll \u00e9s a l\u00e1bak ter\u00fclet\u00e9n minim\u00e1lisra cs\u00f6kkentse a s\u00farl\u00f3d\u00e1st.<\/p>\n<p><strong>Elszigetel\u00e9s<\/strong> - az alacsony h\u0151m\u00e9rs\u00e9kleten val\u00f3 vad\u00e1szat nem jelent probl\u00e9m\u00e1t. A p\u00e1rn\u00e1z\u00e1st \u00e9s a szigetel\u00e9st \u00fagy tervezt\u00e9k, hogy a vad\u00e1sz mindenkor szigetel\u00e9st kapjon. <strong>V\u00edzleperget\u0151 k\u00e9pess\u00e9g<\/strong> - az impregn\u00e1lt v\u00edzleperget\u0151 bevonat ellen\u00e1ll a v\u00edznek \u00e9s a szennyez\u0151d\u00e9seknek. Minden folt k\u00f6nnyen elt\u00e1vol\u00edthat\u00f3, \u00edgy a kab\u00e1t sima fel\u00fclet\u0171 marad.<br \/>\n<strong>L\u00e9legz\u0151k\u00e9pess\u00e9g<\/strong> - Az id\u0151j\u00e1r\u00e1st\u00f3l f\u00fcggetlen\u00fcl a l\u00e9g\u00e1tereszt\u0151 membr\u00e1n garant\u00e1lja a k\u00e9nyelmet, az akt\u00edv mozg\u00e1st \u00e9s term\u00e9szetesen a teljesebb \u00e9lm\u00e9nyt.<\/p>\n<p><strong>Id\u0151j\u00e1r\u00e1s\u00e1ll\u00f3<\/strong> - a membr\u00e1n megv\u00e9d a kellemetlen sz\u00e9lt\u0151l vad\u00e1szat k\u00f6zben. A kab\u00e1tnak ez a tart\u00f3ss\u00e1ga seg\u00edt a h\u0151 jobb megtart\u00e1s\u00e1ban.<\/p>\n<p><strong>Ragasztott varratok<\/strong> - a gy\u00e1rt\u00e1s sor\u00e1n kis lyukak keletkeznek a varratokban. Annak \u00e9rdek\u00e9ben, hogy megakad\u00e1lyozz\u00e1k a nedvess\u00e9g bejut\u00e1s\u00e1t ezeken a lyukakon kereszt\u00fcl, a varratokat ragasztj\u00e1k. Ez az elj\u00e1r\u00e1s megv\u00e9di a v\u00e9dtelen ter\u00fcleteket, \u00e9s n\u00f6veli a term\u00e9k v\u00edz\u00e1ll\u00f3s\u00e1g\u00e1t.<\/p>\n<p><strong>100 % v\u00edzz\u00e1r\u00f3<\/strong> - anyagok \u00e9s elj\u00e1r\u00e1sok k\u00fcl\u00f6nleges kombin\u00e1ci\u00f3ja, amely 100 % v\u00edz\u00e1ll\u00f3s\u00e1g\u00fa term\u00e9keket eredm\u00e9nyez.<\/p>\n<p><strong>V\u00edz\u00e1ll\u00f3s\u00e1g \u00e9s l\u00e9g\u00e1tereszt\u0151 k\u00e9pess\u00e9g<\/strong> - a v\u00edzbehatol\u00e1ssal szembeni ellen\u00e1ll\u00e1st a v\u00edzoszlop nyom\u00e1s\u00e1nak millim\u00e9ter\u00e9ben m\u00e9rik. A v\u00edzoszlopnyom\u00e1st \u00fagy m\u00e9rik, hogy egy folyad\u00e9koszlop-m\u00e9r\u0151t helyeznek az anyagra, \u00edgy egy 5000 mm v\u00edz\u00e1ll\u00f3s\u00e1g\u00fa anyag egy \u00f6t m\u00e9ter (5000 mm) magas m\u00e9r\u0151b\u0151l sz\u00e1rmaz\u00f3 vizet k\u00e9pes megtartani. Egy 10 000 mm v\u00edz\u00e1ll\u00f3s\u00e1g\u00fa anyag 10 m\u00e9ter (10 000 mm) vizet k\u00e9pes megtartani, stb. Az MVP \u00e9rt\u00e9k a membr\u00e1n l\u00e9g\u00e1tereszt\u0151 k\u00e9pess\u00e9g\u00e9t jelzi. Az MVP-\u00e9rt\u00e9k azt a v\u00edzg\u0151zmennyis\u00e9get fejezi ki, amely 24 \u00f3ra alatt egy n\u00e9gyzetm\u00e9ternyi membr\u00e1non kereszt\u00fcl el tud t\u00e1vozni. \u00cdgy egy 5000-es p\u00e1ra\u00e1tereszt\u0151k\u00e9pess\u00e9gi \u00e9rt\u00e9kkel rendelkez\u0151 term\u00e9k 24 \u00f3ra alatt 5000 g (5 liter) v\u00edzg\u0151zt k\u00e9pes \u201ekiszell\u0151ztetni\u201c n\u00e9gyzetm\u00e9terenk\u00e9nt. <strong>Membr\u00e1n garancia<\/strong> - 5 \u00e9v garancia a DEER-TEX\u00ae membr\u00e1nok gy\u00e1rt\u00e1si hib\u00e1ira.<\/p>\n<h2>Term\u00e9k param\u00e9terek<\/h2>\n<ul>\n<li>Be\u00e9p\u00edtett f\u0171t\u00e9si funkci\u00f3<\/li>\n<li>A kab\u00e1t tartalmaz egy \u00fajrat\u00f6lthet\u0151 energiabankot is.<\/li>\n<li>Rengeteg t\u00e1gas zseb<\/li>\n<li>A h\u00e1ts\u00f3 zseb egy kivehet\u0151 f\u00e9nyvisszaver\u0151 mell\u00e9nnyel van kieg\u00e9sz\u00edtve.<\/li>\n<li>Magas szint\u0171 k\u00e9nyelem \u00e9s funkcionalit\u00e1s<\/li>\n<li>Intuit\u00edv f\u0171t\u00e9s bekapcsol\u00e1sa<\/li>\n<li>Ak\u00e1r 5 \u00e9v garancia a gy\u00e1rt\u00e1si hib\u00e1kra<\/li>\n<\/ul>","protected":false},"excerpt":{"rendered":"<p>A Deerhunter Heat Game Wood f\u0171thet\u0151 kab\u00e1t ide\u00e1lis fels\u0151 r\u00e9teg t\u00e9li vad\u00e1szathoz, integr\u00e1lt, h\u00e1romfokozat\u00fa f\u0171t\u00e9si rendszerrel, mell\u00e9kelt 10 000 mAh-s powerbankkal \u00e9s csendes, szigetelt kialak\u00edt\u00e1ssal, amely melegen tart a leghidegebb napokon is. A 100%-ban v\u00edz\u00e1ll\u00f3 DEER-TEX\u00ae Performance Shell membr\u00e1n, a nagysz\u00e1m\u00fa praktikus zseb \u00e9s a h\u00e1ts\u00f3 zsebben elrejtett f\u00e9nyvisszaver\u0151 mell\u00e9ny magas k\u00e9nyelmet, biztons\u00e1got \u00e9s funkcionalit\u00e1st ny\u00fajt k\u00f6z\u00f6s vad\u00e1szatok sor\u00e1n.<\/p>","protected":false},"featured_media":19718,"template":"","meta":{"_gspb_post_css":""},"product_brand":[],"product_cat":[2329],"product_tag":[2322,2559],"class_list":{"0":"post-19638","1":"product","2":"type-product","3":"status-publish","4":"has-post-thumbnail","6":"product_cat-kabaty-a-svetre","7":"product_tag-deerhunter","8":"product_tag-heat-game","10":"first","11":"instock","12":"taxable","13":"shipping-taxable","14":"purchasable","15":"product-type-variable","16":"has-default-attributes"},"ct_brands":[],"_links":{"self":[{"href":"https:\/\/zbranebudai.sk\/hu\/wp-json\/wp\/v2\/product\/19638","targetHints":{"allow":["GET"]}}],"collection":[{"href":"https:\/\/zbranebudai.sk\/hu\/wp-json\/wp\/v2\/product"}],"about":[{"href":"https:\/\/zbranebudai.sk\/hu\/wp-json\/wp\/v2\/types\/product"}],"wp:featuredmedia":[{"embeddable":true,"href":"https:\/\/zbranebudai.sk\/hu\/wp-json\/wp\/v2\/media\/19718"}],"wp:attachment":[{"href":"https:\/\/zbranebudai.sk\/hu\/wp-json\/wp\/v2\/media?parent=19638"}],"wp:term":[{"taxonomy":"product_brand","embeddable":true,"href":"https:\/\/zbranebudai.sk\/hu\/wp-json\/wp\/v2\/product_brand?post=19638"},{"taxonomy":"product_cat","embeddable":true,"href":"https:\/\/zbranebudai.sk\/hu\/wp-json\/wp\/v2\/product_cat?post=19638"},{"taxonomy":"product_tag","embeddable":true,"href":"https:\/\/zbranebudai.sk\/hu\/wp-json\/wp\/v2\/product_tag?post=19638"}],"curies":[{"name":"wp","href":"https:\/\/api.w.org\/{rel}","templated":true}]}}