{"id":19637,"date":"2026-01-15T17:51:00","date_gmt":"2026-01-15T15:51:00","guid":{"rendered":"https:\/\/zbranebudai.sk\/?post_type=product&#038;p=19637"},"modified":"2026-01-15T19:11:00","modified_gmt":"2026-01-15T17:11:00","slug":"deerhunter-lady-pam-bonded-fleece-kabat-noi-kabat-dupla-mellvertes-zarodassal","status":"publish","type":"product","link":"https:\/\/zbranebudai.sk\/hu\/product\/deerhunter-lady-pam-bonded-fleece-jacket-damske-kabat-s-dvojradovym-zapinanim\/","title":{"rendered":"Deerhunter Lady Pam Bonded Fleece Jacket megford\u00edthat\u00f3 n\u0151i pol\u00e1r kab\u00e1t"},"content":{"rendered":"<p><strong>Deerhunter Lady Pam Bonded Fleece Jacket megford\u00edthat\u00f3 n\u0151i pol\u00e1r kab\u00e1t<\/strong>\u00a0k\u00e9t nagyszer\u0171 st\u00edlust k\u00edn\u00e1l egy kab\u00e1tban vad\u00e1szathoz vagy szabadid\u0151h\u00f6z. Ennek a m\u0171v\u00e9szi kab\u00e1tnak az egyik oldal\u00e1n klasszikus egysz\u00edn\u0171 szeg\u00e9ly \u00e9s vel\u00farszeg\u00e9ly tal\u00e1lhat\u00f3 a hagyom\u00e1nyos megjelen\u00e9s \u00e9rdek\u00e9ben. Ford\u00edtsa ki, \u00e9s haszn\u00e1lja modern narancss\u00e1rga sz\u00edn\u00e9t ott, ahol a l\u00e1that\u00f3s\u00e1g a legfontosabb a biztons\u00e1g \u00e9rdek\u00e9ben. A Deerhunter PAM dzseki meleg, puha \u00e9s csendes. H\u00e1rom el\u00fcls\u0151 \u00e9s h\u00e1rom bels\u0151 zsebbel rendelkezik, amelyek mindegyike rejtett cipz\u00e1rral rendelkezik.<\/p>\n<h2>Term\u00e9kle\u00edr\u00e1s<\/h2>\n<ul>\n<li><strong>M\u00e9retek:<\/strong> 36-48<\/li>\n<li><strong>Sz\u00edn:<\/strong> Camo<\/li>\n<li><strong>A k\u00fcls\u0151 r\u00e9teg \u00f6sszet\u00e9tele:<\/strong> 100 % poliamid<\/li>\n<li><strong>Fel\u00fcletkezel\u00e9s:<\/strong> v\u00edztasz\u00edt\u00f3<\/li>\n<\/ul>\n<h2>Term\u00e9k param\u00e9terek<\/h2>\n<ul>\n<li>Elasztikus anyag a jobb alak \u00e9s mozg\u00e1s \u00e9rdek\u00e9ben<\/li>\n<li>3 cipz\u00e1ras el\u00fcls\u0151 zseb<\/li>\n<li>Elasztikus szeg\u00e9ly a nadr\u00e1g alj\u00e1n<\/li>\n<li>3 bels\u0151 zseb<\/li>\n<li>K\u00f6nny\u0171 kab\u00e1t rendk\u00edv\u00fcl magas szigetel\u00e9ssel<\/li>\n<\/ul>","protected":false},"excerpt":{"rendered":"<p>A Deerhunter Lady Pam Bonded Fleece Jacket megford\u00edthat\u00f3 n\u0151i pol\u00e1r kab\u00e1t Orange puha, halk anyag\u00e1val \u00e9s j\u00f3l l\u00e1that\u00f3 narancss\u00e1rga oldal\u00e1val k\u00e9nyelmes \u00e9s biztons\u00e1gos viseletet ny\u00fajt vad\u00e1szathoz \u00e9s mindennapi szabadt\u00e9ri haszn\u00e1lathoz. Klasszikus \u00e9s figyelemfelkelt\u0151 st\u00edlusa egyar\u00e1nt j\u00f3l kombin\u00e1lhat\u00f3 farmerrel, csizm\u00e1val vagy vad\u00e1szruh\u00e1zattal.<\/p>","protected":false},"featured_media":19716,"template":"","meta":{"_gspb_post_css":""},"product_brand":[],"product_cat":[2329],"product_tag":[2322,2558],"class_list":{"0":"post-19637","1":"product","2":"type-product","3":"status-publish","4":"has-post-thumbnail","6":"product_cat-kabaty-a-svetre","7":"product_tag-deerhunter","8":"product_tag-lady-pam","10":"first","11":"instock","12":"taxable","13":"shipping-taxable","14":"purchasable","15":"product-type-variable","16":"has-default-attributes"},"ct_brands":[],"_links":{"self":[{"href":"https:\/\/zbranebudai.sk\/hu\/wp-json\/wp\/v2\/product\/19637","targetHints":{"allow":["GET"]}}],"collection":[{"href":"https:\/\/zbranebudai.sk\/hu\/wp-json\/wp\/v2\/product"}],"about":[{"href":"https:\/\/zbranebudai.sk\/hu\/wp-json\/wp\/v2\/types\/product"}],"wp:featuredmedia":[{"embeddable":true,"href":"https:\/\/zbranebudai.sk\/hu\/wp-json\/wp\/v2\/media\/19716"}],"wp:attachment":[{"href":"https:\/\/zbranebudai.sk\/hu\/wp-json\/wp\/v2\/media?parent=19637"}],"wp:term":[{"taxonomy":"product_brand","embeddable":true,"href":"https:\/\/zbranebudai.sk\/hu\/wp-json\/wp\/v2\/product_brand?post=19637"},{"taxonomy":"product_cat","embeddable":true,"href":"https:\/\/zbranebudai.sk\/hu\/wp-json\/wp\/v2\/product_cat?post=19637"},{"taxonomy":"product_tag","embeddable":true,"href":"https:\/\/zbranebudai.sk\/hu\/wp-json\/wp\/v2\/product_tag?post=19637"}],"curies":[{"name":"wp","href":"https:\/\/api.w.org\/{rel}","templated":true}]}}