{"id":19627,"date":"2026-01-15T17:50:35","date_gmt":"2026-01-15T15:50:35","guid":{"rendered":"https:\/\/zbranebudai.sk\/?post_type=product&#038;p=19627"},"modified":"2026-01-15T19:22:24","modified_gmt":"2026-01-15T17:22:24","slug":"deerhunter-excape-softshell-art-zold-ferfi-kabat","status":"publish","type":"product","link":"https:\/\/zbranebudai.sk\/hu\/product\/deerhunter-excape-softshell-art-green-panska-bunda\/","title":{"rendered":"Deerhunter Excape Softshell - Art Green f\u00e9rfi kab\u00e1t"},"content":{"rendered":"<p><strong>Deerhunter Excape Softshell - Art Green f\u00e9rfi kab\u00e1t<\/strong>\u00a0egy kiv\u00e1l\u00f3 min\u0151s\u00e9g\u0171 softshell kab\u00e1t, amely megfelel a min\u0151s\u00e9gi vad\u00e1szat \u00e9s v\u00e9delem minden k\u00f6vetelm\u00e9ny\u00e9nek. Mindig melegen \u00e9s sz\u00e1razon tart. A v\u00e1llakon \u00e9s az ujjakon be\u00e9p\u00edtett Deerhunter Stormliner membr\u00e1nnal rendelkezik, amely biztos\u00edtja a v\u00edz- \u00e9s sz\u00e9l\u00e1ll\u00f3s\u00e1got, valamint a maxim\u00e1lis rugalmass\u00e1got. Az egyed\u00fcl\u00e1ll\u00f3an finom \u00e1lc\u00e1z\u00e1s t\u00f6k\u00e9letesen illeszkedik a legt\u00f6bb term\u00e9szetes k\u00f6rnyezetbe, \u00e9s biztos\u00edtja az \u00fagynevezett l\u00e1thatatlans\u00e1got. Elegend\u0151 sz\u00e1m\u00fa v\u00edz\u00e1ll\u00f3 cipz\u00e1rral ell\u00e1tott zsebbel rendelkezik, amelyek a vad\u00e1szati kieg\u00e9sz\u00edt\u0151k biztons\u00e1gos t\u00e1rol\u00e1s\u00e1t biztos\u00edtj\u00e1k. Az el\u0151form\u00e1zott k\u00f6ny\u00f6k, az \u00e1ll\u00edthat\u00f3 mandzsetta \u00e9s szeg\u00e9ly nagyszer\u0171 tulajdons\u00e1gok, amelyek lehet\u0151v\u00e9 teszik, hogy minden vad\u00e1sz megtal\u00e1lja a sz\u00e1m\u00e1ra legmegfelel\u0151bb kab\u00e1tot. A melegebb h\u0151m\u00e9rs\u00e9klet\u0171 h\u00f3napokra a kab\u00e1t szell\u0151z\u0151vel rendelkezik a h\u00f3naljr\u00e9szen. A kab\u00e1t minden funkcion\u00e1lis jellemz\u0151je megk\u00fcl\u00f6nb\u00f6zteti a t\u00f6bbi modellt\u0151l. Ezenk\u00edv\u00fcl a kab\u00e1t OEKOTEX tan\u00fas\u00edtv\u00e1nnyal rendelkezik, ami azt jelenti, hogy k\u00e1ros anyagok felhaszn\u00e1l\u00e1sa n\u00e9lk\u00fcl k\u00e9sz\u00fclt.<\/p>\n<div>\n<h2>Term\u00e9kle\u00edr\u00e1s<\/h2>\n<\/div>\n<ul>\n<li><strong>Sz\u00edn:<\/strong> 376 - Art Green<\/li>\n<li><strong>M\u00e9retek:<\/strong> S-3XL<\/li>\n<li><strong>Anyag:<\/strong> 100 % poli\u00e9szter<\/li>\n<li><strong>V\u00edz- \u00e9s l\u00e9g\u00e1tereszt\u0151 k\u00e9pess\u00e9g:<\/strong> 3000\/3000<\/li>\n<li><strong>El\u0151re form\u00e1zott t\u00e9rdek:<\/strong> Igen<\/li>\n<li><strong>Aj\u00e1nlott mos\u00e1s:<\/strong> ne haszn\u00e1ljon l\u00e1gy\u00edt\u00f3t, hasonl\u00f3 sz\u00ednekkel mossa ki.<\/li>\n<\/ul>\n<p><strong>EKOTEX<\/strong> a k\u00e1ros anyagokat nem tartalmaz\u00f3 term\u00e9kek tan\u00fas\u00edt\u00e1sa. Ez a vil\u00e1g vezet\u0151 eg\u00e9szs\u00e9g\u00fcgyi tan\u00fas\u00edt\u00e1sa minden textilterm\u00e9kre.<\/p>\n<p><strong>DEERHUNTER Stormliner<\/strong> - ez egy membr\u00e1n, amelyet \u00e1ltal\u00e1ban a k\u00fcls\u0151 sz\u00f6vetre vagy k\u00e9t sz\u00f6vetr\u00e9teg k\u00f6z\u00e9 lamin\u00e1lnak. Els\u0151sorban ragasztott varr\u00e1s n\u00e9lk\u00fcli term\u00e9kekn\u00e9l haszn\u00e1lj\u00e1k. Ez a membr\u00e1n maxim\u00e1lis l\u00e9g\u00e1tereszt\u0151 k\u00e9pess\u00e9get \u00e9s szabads\u00e1got biztos\u00edt minden term\u00e9k sz\u00e1m\u00e1ra.<\/p>\n<h2>Term\u00e9k param\u00e9terek<\/h2>\n<ul>\n<li>OEKOTEX tan\u00fas\u00edtv\u00e1ny<\/li>\n<li>DEERHUTER Stormliner membr\u00e1n<\/li>\n<li>El\u0151re form\u00e1zott k\u00f6ny\u00f6k\u00f6k<\/li>\n<li>Sok praktikus zseb<\/li>\n<li>\u00c1ll\u00edthat\u00f3 als\u00f3 szeg\u00e9ly h\u00faz\u00f3zsin\u00f3rral<\/li>\n<li>V\u00edz\u00e1ll\u00f3 k\u00e9tir\u00e1ny\u00fa cipz\u00e1r<\/li>\n<li>Szell\u0151z\u0151 cipz\u00e1rak a h\u00f3nalj alatt<\/li>\n<li>Maxim\u00e1lis k\u00e9nyelem<\/li>\n<li>Magas l\u00e9g\u00e1tereszt\u0151 k\u00e9pess\u00e9g<\/li>\n<li>Csendes anyag<\/li>\n<\/ul>","protected":false},"excerpt":{"rendered":"<p>A Deerhunter Excape Softshell Art Green f\u00e9rfi vad\u00e1szkab\u00e1t sz\u00e9l- \u00e9s v\u00edz\u00e1ll\u00f3 Deerhunter Stormliner membr\u00e1nj\u00e1val, csendes anyag\u00e1val \u00e9s finom \u00e1lc\u00e1z\u00e1s\u00e1val melegen \u00e9s sz\u00e1razon tart, mik\u00f6zben beleolvad a term\u00e9szetbe. OEKOTEX tan\u00fas\u00edtv\u00e1nya, v\u00edz\u00e1ll\u00f3 cipz\u00e1ras zsebei, h\u00f3naljszell\u0151z\u0151i \u00e9s \u00e1ll\u00edthat\u00f3 r\u00e9szei maxim\u00e1lis k\u00e9nyelmet \u00e9s funkcion\u00e1lis t\u00e1rol\u00e1st adnak ig\u00e9nyes vad\u00e1szathoz.<\/p>","protected":false},"featured_media":19708,"template":"","meta":{"_gspb_post_css":""},"product_brand":[],"product_cat":[2329],"product_tag":[2322,2557],"class_list":{"0":"post-19627","1":"product","2":"type-product","3":"status-publish","4":"has-post-thumbnail","6":"product_cat-kabaty-a-svetre","7":"product_tag-deerhunter","8":"product_tag-excape-softshell","10":"first","11":"instock","12":"taxable","13":"shipping-taxable","14":"purchasable","15":"product-type-variable","16":"has-default-attributes"},"ct_brands":[],"_links":{"self":[{"href":"https:\/\/zbranebudai.sk\/hu\/wp-json\/wp\/v2\/product\/19627","targetHints":{"allow":["GET"]}}],"collection":[{"href":"https:\/\/zbranebudai.sk\/hu\/wp-json\/wp\/v2\/product"}],"about":[{"href":"https:\/\/zbranebudai.sk\/hu\/wp-json\/wp\/v2\/types\/product"}],"wp:featuredmedia":[{"embeddable":true,"href":"https:\/\/zbranebudai.sk\/hu\/wp-json\/wp\/v2\/media\/19708"}],"wp:attachment":[{"href":"https:\/\/zbranebudai.sk\/hu\/wp-json\/wp\/v2\/media?parent=19627"}],"wp:term":[{"taxonomy":"product_brand","embeddable":true,"href":"https:\/\/zbranebudai.sk\/hu\/wp-json\/wp\/v2\/product_brand?post=19627"},{"taxonomy":"product_cat","embeddable":true,"href":"https:\/\/zbranebudai.sk\/hu\/wp-json\/wp\/v2\/product_cat?post=19627"},{"taxonomy":"product_tag","embeddable":true,"href":"https:\/\/zbranebudai.sk\/hu\/wp-json\/wp\/v2\/product_tag?post=19627"}],"curies":[{"name":"wp","href":"https:\/\/api.w.org\/{rel}","templated":true}]}}