{"id":19625,"date":"2026-01-15T17:50:35","date_gmt":"2026-01-15T15:50:35","guid":{"rendered":"https:\/\/zbranebudai.sk\/?post_type=product&#038;p=19625"},"modified":"2026-01-15T19:05:03","modified_gmt":"2026-01-15T17:05:03","slug":"deerhunter-sarek-kotott-sotetszurke-melange-noi-pulover","status":"publish","type":"product","link":"https:\/\/zbranebudai.sk\/hu\/product\/deerhunter-sarek-knitted-dark-grey-melange-damsky-sveter\/","title":{"rendered":"Deerhunter Sarek Knitted - Dark Grey Melange n\u0151i pul\u00f3ver"},"content":{"rendered":"<p><strong>Deerhunter Sarek Knitted - Dark Grey Melange n\u0151i pul\u00f3ver<\/strong>\u00a0ide\u00e1lis v\u00e1laszt\u00e1s a h\u00f6lgyek sz\u00e1m\u00e1ra a tavaszi \u00e9s ny\u00e1ri h\u00f3napokban. Kiv\u00e1l\u00f3 min\u0151s\u00e9g\u0171, modern \u00e9s rugalmas anyagb\u00f3l k\u00e9sz\u00fclt, amely OEKO-TEX tan\u00fas\u00edtv\u00e1nnyal rendelkezik, ami azt jelenti, hogy mentes minden k\u00e1ros anyagt\u00f3l. A pul\u00f3ver 3 t\u00e1gas zsebbel rendelkezik, amelyekben t\u00e1rolhatja vad\u00e1szfelszerel\u00e9s\u00e9t vagy egy\u00e9b \u00e9rt\u00e9kt\u00e1rgyait. A pul\u00f3ver viselhet\u0151 vad\u00e1szathoz, munk\u00e1hoz, valamint a bar\u00e1tokkal vagy a csal\u00e1ddal k\u00f6z\u00f6s kir\u00e1ndul\u00e1sokon val\u00f3 szabadid\u0151s tev\u00e9kenys\u00e9gekhez. T\u00f6k\u00e9letesen p\u00e1ros\u00edthat\u00f3 farmerrel.<\/p>\n<h2>Term\u00e9kle\u00edr\u00e1s<\/h2>\n<ul>\n<li><strong>Sz\u00edn:<\/strong> 957 - s\u00f6t\u00e9tsz\u00fcrke melange<\/li>\n<li><strong>Anyag:<\/strong> 100 % poli\u00e9szter<\/li>\n<li><strong>Zsebek sz\u00e1ma<\/strong>: 3<\/li>\n<li><strong>Tan\u00fas\u00edtv\u00e1ny:<\/strong> OEKO-TEX<\/li>\n<li><strong>Aj\u00e1nlott mos\u00e1s:<\/strong> ne haszn\u00e1ljon l\u00e1gy\u00edt\u00f3t, hasonl\u00f3 sz\u00ednekkel mossa ki.<\/li>\n<\/ul>\n<p><strong>OEKO-TEX<\/strong> - a k\u00e1ros anyagokt\u00f3l mentes term\u00e9kek tan\u00fas\u00edt\u00e1sa. Az OEKO-TEX a vil\u00e1g vezet\u0151 eg\u00e9szs\u00e9g\u00fcgyi tan\u00fas\u00edt\u00e1sa minden textilterm\u00e9kre.<\/p>\n<h2>Term\u00e9k param\u00e9terek<\/h2>\n<ul>\n<li>Rendk\u00edv\u00fcl puha \u00e9s k\u00e9nyelmes<\/li>\n<li>Modern \u00e9s rugalmas anyagb\u00f3l k\u00e9sz\u00fclt<\/li>\n<li>3 t\u00e1gas zseb<\/li>\n<li>Ide\u00e1lis fels\u0151 r\u00e9teg tavasszal \u00e9s ny\u00e1ron<\/li>\n<\/ul>","protected":false},"excerpt":{"rendered":"<p>A Deerhunter Sarek Knitted Dark Grey Melange n\u0151i pul\u00f3ver rendk\u00edv\u00fcl puha, k\u00e9nyelmes \u00e9s rugalmas fels\u0151 r\u00e9teg a tavaszi \u00e9s ny\u00e1ri h\u00f3napokra, OEKO-TEX tan\u00fas\u00edtv\u00e1nnyal, k\u00e1ros anyagok n\u00e9lk\u00fcl. H\u00e1rom t\u00e1gas zseb\u00e9ben k\u00e9nyelmesen elf\u00e9rnek vad\u00e1szathoz, munk\u00e1hoz vagy kir\u00e1ndul\u00e1shoz sz\u00fcks\u00e9ges apr\u00f3bb felszerel\u00e9sek \u00e9s \u00e9rt\u00e9kt\u00e1rgyak, \u00edgy praktikus v\u00e1laszt\u00e1s a mindennapokra.<\/p>","protected":false},"featured_media":19704,"template":"","meta":{"_gspb_post_css":""},"product_brand":[],"product_cat":[2329],"product_tag":[2322,2555],"class_list":{"0":"post-19625","1":"product","2":"type-product","3":"status-publish","4":"has-post-thumbnail","6":"product_cat-kabaty-a-svetre","7":"product_tag-deerhunter","8":"product_tag-sarek-knitted","10":"first","11":"instock","12":"taxable","13":"shipping-taxable","14":"purchasable","15":"product-type-variable","16":"has-default-attributes"},"ct_brands":[],"_links":{"self":[{"href":"https:\/\/zbranebudai.sk\/hu\/wp-json\/wp\/v2\/product\/19625","targetHints":{"allow":["GET"]}}],"collection":[{"href":"https:\/\/zbranebudai.sk\/hu\/wp-json\/wp\/v2\/product"}],"about":[{"href":"https:\/\/zbranebudai.sk\/hu\/wp-json\/wp\/v2\/types\/product"}],"wp:featuredmedia":[{"embeddable":true,"href":"https:\/\/zbranebudai.sk\/hu\/wp-json\/wp\/v2\/media\/19704"}],"wp:attachment":[{"href":"https:\/\/zbranebudai.sk\/hu\/wp-json\/wp\/v2\/media?parent=19625"}],"wp:term":[{"taxonomy":"product_brand","embeddable":true,"href":"https:\/\/zbranebudai.sk\/hu\/wp-json\/wp\/v2\/product_brand?post=19625"},{"taxonomy":"product_cat","embeddable":true,"href":"https:\/\/zbranebudai.sk\/hu\/wp-json\/wp\/v2\/product_cat?post=19625"},{"taxonomy":"product_tag","embeddable":true,"href":"https:\/\/zbranebudai.sk\/hu\/wp-json\/wp\/v2\/product_tag?post=19625"}],"curies":[{"name":"wp","href":"https:\/\/api.w.org\/{rel}","templated":true}]}}