{"id":19614,"date":"2026-01-15T17:50:11","date_gmt":"2026-01-15T15:50:11","guid":{"rendered":"https:\/\/zbranebudai.sk\/?post_type=product&#038;p=19614"},"modified":"2026-01-15T19:26:40","modified_gmt":"2026-01-15T17:26:40","slug":"deerhunter-lady-gabby-turf-noi-kabat","status":"publish","type":"product","link":"https:\/\/zbranebudai.sk\/hu\/product\/deerhunter-lady-gabby-turf-damska-bunda\/","title":{"rendered":"Deerhunter Lady Gabby Turf n\u0151i kab\u00e1t"},"content":{"rendered":"<p><strong>Deerhunter Lady Gabby Turf n\u0151i kab\u00e1t<\/strong>\u00a0a d\u00edjnyertes Pro Gamekeeper egy v\u00e1ltozata. Alkalmas minden \u0151szi \u00e9s t\u00e9li s\u00e9t\u00e1hoz. Nem hi\u00e1nyzik bel\u0151le a sokoldal\u00fas\u00e1g. A szabadban val\u00f3 jobb mozg\u00e1s \u00e9rdek\u00e9ben a kab\u00e1t jobb szell\u0151z\u00e9ssel, a h\u00f3naljr\u00e9szben v\u00edz\u00e1ll\u00f3 cipz\u00e1rral \u00e9s a k\u00f6nnyebb hozz\u00e1f\u00e9r\u00e9s \u00e9rdek\u00e9ben k\u00e9tir\u00e1ny\u00fa YKK cipz\u00e1rral rendelkezik. Ha fontos t\u00e1rgyakat kell sz\u00e1ll\u00edtani, ez a kab\u00e1t el\u00fcls\u0151 zsebekkel \u00e9s k\u00e9t k\u00e9zzsebbel rendelkezik a h\u0171v\u00f6sebb id\u0151j\u00e1r\u00e1s miatt. A levehet\u0151 kapucni, a neopr\u00e9n mandzsett\u00e1k \u00e9s a kab\u00e1t alj\u00e1n tal\u00e1lhat\u00f3 h\u00faz\u00f3zsin\u00f3r megv\u00e9di \u00d6nt a zord id\u0151j\u00e1r\u00e1st\u00f3l. A n\u0151ies szab\u00e1s biztos\u00edtja a st\u00edlusos megjelen\u00e9st.<\/p>\n<div>\n<h2>Term\u00e9kle\u00edr\u00e1s<\/h2>\n<\/div>\n<ul>\n<li><strong>M\u00e9retek:<\/strong> 36 - 48<\/li>\n<li><strong>Sz\u00edn:<\/strong> Turf<\/li>\n<li><strong>K\u00fcls\u0151 anyag<\/strong>: 100 % poli\u00e9szter<\/li>\n<\/ul>\n<h2>Term\u00e9k param\u00e9terek<\/h2>\n<ul>\n<li>Levehet\u0151 kapucni<\/li>\n<li>K\u00e9tir\u00e1ny\u00fa YKK cipz\u00e1r el\u00f6l<\/li>\n<li>T\u00e1ska v\u00edz\u00e1ll\u00f3 cipz\u00e1rral<\/li>\n<li>K\u00e9t el\u00fcls\u0151 zseb v\u00edz\u00e1ll\u00f3 cipz\u00e1rral<\/li>\n<li>2 el\u00fcls\u0151 zseb patentokkal<\/li>\n<li>V\u00edz\u00e1ll\u00f3 h\u00f3nalj cipz\u00e1r a jobb szell\u0151z\u00e9s \u00e9rdek\u00e9ben<\/li>\n<li>El\u0151re form\u00e1zott h\u00fcvelyek<\/li>\n<li>\u00c1ll\u00edthat\u00f3 ujjak t\u00e9p\u0151z\u00e1ras r\u00f6gz\u00edt\u0151kkel<\/li>\n<li>Neopr\u00e9n mandzsetta a kezeken<\/li>\n<li>\u00c1ll\u00edthat\u00f3 kab\u00e1t alja h\u00faz\u00f3zsin\u00f3rral<\/li>\n<\/ul>","protected":false},"excerpt":{"rendered":"<p>A Deerhunter Lady Gabby Turf n\u0151i kab\u00e1t strapab\u00edr\u00f3, v\u00edz\u00e1ll\u00f3 \u00e9s j\u00f3l szell\u0151z\u0151 v\u00e1laszt\u00e1s \u0151szi-t\u00e9li s\u00e9t\u00e1khoz \u00e9s vad\u00e1szathoz, n\u0151ies szab\u00e1ssal \u00e9s k\u00e9nyelmes mozg\u00e1sszabads\u00e1ggal. Levehet\u0151 kapucnija, v\u00edz\u00e1ll\u00f3 cipz\u00e1rjai, praktikus els\u0151 \u00e9s k\u00e9zmeleg\u00edt\u0151 zsebei, valamint h\u00faz\u00f3zsin\u00f3rral \u00e1ll\u00edthat\u00f3 alja gondoskodnak a v\u00e9delemr\u0151l \u00e9s a k\u00e9nyelemr\u0151l v\u00e1ltoz\u00e9kony id\u0151ben.<\/p>","protected":false},"featured_media":19698,"template":"","meta":{"_gspb_post_css":""},"product_brand":[],"product_cat":[2329],"product_tag":[2322,2552],"class_list":{"0":"post-19614","1":"product","2":"type-product","3":"status-publish","4":"has-post-thumbnail","6":"product_cat-kabaty-a-svetre","7":"product_tag-deerhunter","8":"product_tag-lady-gabby-jacket","10":"first","11":"instock","12":"taxable","13":"shipping-taxable","14":"purchasable","15":"product-type-variable","16":"has-default-attributes"},"ct_brands":[],"_links":{"self":[{"href":"https:\/\/zbranebudai.sk\/hu\/wp-json\/wp\/v2\/product\/19614","targetHints":{"allow":["GET"]}}],"collection":[{"href":"https:\/\/zbranebudai.sk\/hu\/wp-json\/wp\/v2\/product"}],"about":[{"href":"https:\/\/zbranebudai.sk\/hu\/wp-json\/wp\/v2\/types\/product"}],"wp:featuredmedia":[{"embeddable":true,"href":"https:\/\/zbranebudai.sk\/hu\/wp-json\/wp\/v2\/media\/19698"}],"wp:attachment":[{"href":"https:\/\/zbranebudai.sk\/hu\/wp-json\/wp\/v2\/media?parent=19614"}],"wp:term":[{"taxonomy":"product_brand","embeddable":true,"href":"https:\/\/zbranebudai.sk\/hu\/wp-json\/wp\/v2\/product_brand?post=19614"},{"taxonomy":"product_cat","embeddable":true,"href":"https:\/\/zbranebudai.sk\/hu\/wp-json\/wp\/v2\/product_cat?post=19614"},{"taxonomy":"product_tag","embeddable":true,"href":"https:\/\/zbranebudai.sk\/hu\/wp-json\/wp\/v2\/product_tag?post=19614"}],"curies":[{"name":"wp","href":"https:\/\/api.w.org\/{rel}","templated":true}]}}