{"id":19612,"date":"2026-01-15T17:50:11","date_gmt":"2026-01-15T15:50:11","guid":{"rendered":"https:\/\/zbranebudai.sk\/?post_type=product&#038;p=19612"},"modified":"2026-01-15T19:32:00","modified_gmt":"2026-01-15T17:32:00","slug":"deerhunter-rogaland-rogaland-fiber-pile-barna-ferfi-fleece-kabat","status":"publish","type":"product","link":"https:\/\/zbranebudai.sk\/hu\/product\/deerhunter-rogaland-fiber-pile-hneda-panska-fleecova-bunda\/","title":{"rendered":"Deerhunter Rogaland Fiber Pile barna f\u00e9rfi pol\u00e1rdzseki"},"content":{"rendered":"<p><strong>Deerhunter Rogaland Fiber Pile barna f\u00e9rfi pol\u00e1rdzseki<\/strong>\u00a0meleg \u00e9s k\u00e9nyelmes kialak\u00edt\u00e1s\u00e1nak k\u00f6sz\u00f6nhet\u0151en nem hagyja cserben. Nagy mozg\u00e1sszabads\u00e1got garant\u00e1l. Az eleg\u00e1ns diz\u00e1jnt \u00e9s a moderns\u00e9get az el\u00fcls\u0151 f\u0151 cipz\u00e1r, a k\u00e9t cipz\u00e1ras el\u00fcls\u0151 zseb \u00e9s a mellzseb garant\u00e1lja. A Rogaland Fiber Pile Jacket kab\u00e1ttal garant\u00e1lt a k\u00e9nyelmes vad\u00e1szat vagy term\u00e9szetj\u00e1r\u00e1s. A visel\u00e9ssel val\u00f3 el\u00e9gedetts\u00e9g garant\u00e1lt.<\/p>\n<div>\n<h2>Term\u00e9kle\u00edr\u00e1s<\/h2>\n<\/div>\n<ul>\n<li><strong>M\u00e9retek:<\/strong> S - 4XL<\/li>\n<li><strong>Sz\u00edn:<\/strong> csokol\u00e1d\u00e9barna<\/li>\n<li><strong>K\u00fcls\u0151 anyag:<\/strong> 100 % poli\u00e9szter<\/li>\n<li><strong>Kontrasztos anyag:<\/strong> 7 % elaszt\u00e1n \/ 69 % poli\u00e9szter \/ 24 % viszk\u00f3z<\/li>\n<li><strong>B\u00e9l\u00e9s:<\/strong> 96 % poli\u00e9szter \/ 4 % elaszt\u00e1n<\/li>\n<li><strong>Viszk\u00f3z<\/strong> cellul\u00f3zsz\u00e1lakb\u00f3l k\u00e9sz\u00fclt term\u00e9szetes anyag. Kellemes tapint\u00e1st biztos\u00edt, \u00e9s nem kell b\u00e9lelni. Ez k\u00fcl\u00f6n\u00f6sen ny\u00e1ron el\u0151ny\u00f6s.<\/li>\n<\/ul>\n<h2>Term\u00e9k param\u00e9terek<\/h2>\n<ul>\n<li>El\u00f6l cipz\u00e1ras z\u00e1r\u00f3d\u00e1s<\/li>\n<li>Mellzseb cipz\u00e1rral<\/li>\n<li>K\u00e9t cipz\u00e1ras el\u00fcls\u0151 zseb<\/li>\n<li>Elasztikus gall\u00e9r<\/li>\n<li>Mandzsett\u00e1k el\u00f6l, k\u00f6z\u00e9pen \u00e9s alul<\/li>\n<li>Kab\u00e1tanyag \u00e9s rugalmas anyag kombin\u00e1ci\u00f3ja<\/li>\n<li>Bels\u0151 elasztikus b\u00e9l\u00e9s k\u00e9t nagy zsebbel<\/li>\n<\/ul>","protected":false},"excerpt":{"rendered":"<p>A Deerhunter Rogaland Fiber Pile csokol\u00e1d\u00e9barna f\u00e9rfi pol\u00e1rdzseki meleg, puha \u00e9s k\u00e9nyelmes viselet, amely nagy mozg\u00e1sszabads\u00e1got biztos\u00edt a mindennapokban \u00e9s vad\u00e1szathoz is. Praktikus cipz\u00e1ras zsebei \u00e9s rugalmas kialak\u00edt\u00e1sa miatt ide\u00e1lis v\u00e1laszt\u00e1s a term\u00e9szetben t\u00f6lt\u00f6tt s\u00e9t\u00e1khoz \u00e9s akt\u00edv szabadt\u00e9ri tev\u00e9kenys\u00e9gekhez.<\/p>","protected":false},"featured_media":19690,"template":"","meta":{"_gspb_post_css":""},"product_brand":[],"product_cat":[2329],"product_tag":[2322,2550],"class_list":{"0":"post-19612","1":"product","2":"type-product","3":"status-publish","4":"has-post-thumbnail","6":"product_cat-kabaty-a-svetre","7":"product_tag-deerhunter","8":"product_tag-rogaland-fiber-pile-jacket","10":"first","11":"instock","12":"taxable","13":"shipping-taxable","14":"purchasable","15":"product-type-variable","16":"has-default-attributes"},"ct_brands":[],"_links":{"self":[{"href":"https:\/\/zbranebudai.sk\/hu\/wp-json\/wp\/v2\/product\/19612","targetHints":{"allow":["GET"]}}],"collection":[{"href":"https:\/\/zbranebudai.sk\/hu\/wp-json\/wp\/v2\/product"}],"about":[{"href":"https:\/\/zbranebudai.sk\/hu\/wp-json\/wp\/v2\/types\/product"}],"wp:featuredmedia":[{"embeddable":true,"href":"https:\/\/zbranebudai.sk\/hu\/wp-json\/wp\/v2\/media\/19690"}],"wp:attachment":[{"href":"https:\/\/zbranebudai.sk\/hu\/wp-json\/wp\/v2\/media?parent=19612"}],"wp:term":[{"taxonomy":"product_brand","embeddable":true,"href":"https:\/\/zbranebudai.sk\/hu\/wp-json\/wp\/v2\/product_brand?post=19612"},{"taxonomy":"product_cat","embeddable":true,"href":"https:\/\/zbranebudai.sk\/hu\/wp-json\/wp\/v2\/product_cat?post=19612"},{"taxonomy":"product_tag","embeddable":true,"href":"https:\/\/zbranebudai.sk\/hu\/wp-json\/wp\/v2\/product_tag?post=19612"}],"curies":[{"name":"wp","href":"https:\/\/api.w.org\/{rel}","templated":true}]}}