{"id":19601,"date":"2026-01-15T17:49:43","date_gmt":"2026-01-15T15:49:43","guid":{"rendered":"https:\/\/zbranebudai.sk\/?post_type=product&#038;p=19601"},"modified":"2026-01-15T19:30:32","modified_gmt":"2026-01-15T17:30:32","slug":"deerhunter-cumbria-gyapju-melleny-sotetkek-gyapju-melleny","status":"publish","type":"product","link":"https:\/\/zbranebudai.sk\/hu\/product\/deerhunter-cumbria-fleece-waistcoat-dark-blue-fleecova-vesta\/","title":{"rendered":"Deerhunter Cumbria Fleece Waistcoat Dark Blue pol\u00e1r mell\u00e9ny"},"content":{"rendered":"<p><strong>Deerhunter Cumbria Fleece Waistcoat Dark Blue pol\u00e1r mell\u00e9ny<\/strong>\u00a0\u00f6tv\u00f6zi a klasszikus vid\u00e9ki st\u00edlust a visszafogott, praktikus funkcionalit\u00e1ssal, \u00edgy ide\u00e1lis a h\u0171v\u00f6sebb napokon egy gombos ing f\u00f6l\u00e9. \u00dajrahasznos\u00edtott poli\u00e9szter gyapj\u00fab\u00f3l k\u00e9sz\u00fclt, amely puha meleget biztos\u00edt, \u00e9s a hossz\u00fa \u00e9lettartam \u00e9rdek\u00e9ben anti-pilling kivitel\u0171. A v\u00e1llakon \u00e9s a gall\u00e9ron tal\u00e1lhat\u00f3 m\u0171szarvasb\u0151r r\u00e9szletek kifinomult jelleget k\u00f6lcs\u00f6n\u00f6znek a mell\u00e9nynek, m\u00edg a mellkason tal\u00e1lhat\u00f3 h\u00edmzett log\u00f3 a letisztult, hagyom\u00e1nyos st\u00edlust \u0151rzi. K\u00e9t rejtett, el\u00fcls\u0151 cipz\u00e1ras zseb biztons\u00e1gos t\u00e1rol\u00e1st biztos\u00edt, az \u00e1ll\u00edthat\u00f3 h\u00faz\u00f3zsin\u00f3rral ell\u00e1tott szeg\u00e9ly pedig lehet\u0151v\u00e9 teszi a m\u00e9ret be\u00e1ll\u00edt\u00e1s\u00e1t.<\/p>\n<div>\n<h2>Term\u00e9k param\u00e9terek<\/h2>\n<\/div>\n<ul>\n<li>Mesters\u00e9ges vel\u00far b\u0151r d\u00edsz\u00edt\u00e9sek<\/li>\n<li>Puha \u00e9s csendes anyag<\/li>\n<li>H\u00edmzett log\u00f3 a mellkason<\/li>\n<li>K\u00e9t el\u00fcls\u0151 zseb rejtett cipz\u00e1ras z\u00e1r\u00f3d\u00e1ssal<\/li>\n<li>\u00c1ll\u00edthat\u00f3 als\u00f3 szeg\u00e9ly h\u00faz\u00f3zsin\u00f3rral<\/li>\n<\/ul>","protected":false},"excerpt":{"rendered":"<p>A Deerhunter Cumbria Fleece Waistcoat Dark Blue pol\u00e1r mell\u00e9ny puha, csendes \u00e9s id\u0151t\u00e1ll\u00f3 darab, amely j\u00f3l haszn\u00e1lhat\u00f3 terepen, mindennapi viseletk\u00e9nt vagy lezserebb alkalmakon. Sokoldal\u00faan r\u00e9tegezhet\u0151, \u00e9s diszkr\u00e9t, visszafogott megjelen\u00e9s\u00e9vel k\u00f6nnyen illeszkedik b\u00e1rmely outdoor ruhat\u00e1rba.<\/p>","protected":false},"featured_media":19688,"template":"","meta":{"_gspb_post_css":""},"product_brand":[],"product_cat":[2329],"product_tag":[2549,2322],"class_list":{"0":"post-19601","1":"product","2":"type-product","3":"status-publish","4":"has-post-thumbnail","6":"product_cat-kabaty-a-svetre","7":"product_tag-cumbria-fleece-waistcoat","8":"product_tag-deerhunter","10":"first","11":"instock","12":"taxable","13":"shipping-taxable","14":"purchasable","15":"product-type-variable","16":"has-default-attributes"},"ct_brands":[],"_links":{"self":[{"href":"https:\/\/zbranebudai.sk\/hu\/wp-json\/wp\/v2\/product\/19601","targetHints":{"allow":["GET"]}}],"collection":[{"href":"https:\/\/zbranebudai.sk\/hu\/wp-json\/wp\/v2\/product"}],"about":[{"href":"https:\/\/zbranebudai.sk\/hu\/wp-json\/wp\/v2\/types\/product"}],"wp:featuredmedia":[{"embeddable":true,"href":"https:\/\/zbranebudai.sk\/hu\/wp-json\/wp\/v2\/media\/19688"}],"wp:attachment":[{"href":"https:\/\/zbranebudai.sk\/hu\/wp-json\/wp\/v2\/media?parent=19601"}],"wp:term":[{"taxonomy":"product_brand","embeddable":true,"href":"https:\/\/zbranebudai.sk\/hu\/wp-json\/wp\/v2\/product_brand?post=19601"},{"taxonomy":"product_cat","embeddable":true,"href":"https:\/\/zbranebudai.sk\/hu\/wp-json\/wp\/v2\/product_cat?post=19601"},{"taxonomy":"product_tag","embeddable":true,"href":"https:\/\/zbranebudai.sk\/hu\/wp-json\/wp\/v2\/product_tag?post=19601"}],"curies":[{"name":"wp","href":"https:\/\/api.w.org\/{rel}","templated":true}]}}