{"id":19600,"date":"2026-01-15T17:49:43","date_gmt":"2026-01-15T15:49:43","guid":{"rendered":"https:\/\/zbranebudai.sk\/?post_type=product&#038;p=19600"},"modified":"2026-01-15T19:29:12","modified_gmt":"2026-01-15T17:29:12","slug":"deerhunter-northward-parnazott-melleny-puska-zold-presivana-melleny","status":"publish","type":"product","link":"https:\/\/zbranebudai.sk\/hu\/product\/deerhunter-northward-padded-waistcoat-rifle-green-presivana-vesta\/","title":{"rendered":"Deerhunter Northward Padded Waistcoat Rifle Green steppelt mell\u00e9ny"},"content":{"rendered":"<p><strong>Deerhunter Northward Padded Waistcoat Rifle Green steppelt mell\u00e9ny<\/strong>\u00a0\u00f6tv\u00f6zi a Deerhunter anyagtechnol\u00f3giai szak\u00e9rtelm\u00e9t a funkcion\u00e1lis diz\u00e1jnnal. A DEER-TEX\u00ae Temp b\u00e9l\u00e9s rendk\u00edv\u00fcl puha tapint\u00e1st \u00e9s hat\u00e9kony h\u0151szigetel\u00e9st biztos\u00edt a testet k\u00f6r\u00fclvev\u0151 t\u00f6bbr\u00e9teg\u0171 szerkezetnek k\u00f6sz\u00f6nhet\u0151en. A kontrasztos v\u00e1ll- \u00e9s oldals\u00f3 panelek, valamint a v\u00edzleperget\u0151 kivitel st\u00edlusoss\u00e1 \u00e9s praktikuss\u00e1 teszik ezt a mell\u00e9nyt.<\/p>\n<div>\n<h2>Term\u00e9k param\u00e9terek<\/h2>\n<\/div>\n<ul>\n<li>K\u00e9t el\u00fcls\u0151 zseb rejtett cipz\u00e1ras z\u00e1r\u00f3d\u00e1ssal<\/li>\n<li>Bels\u0151 zseb cipz\u00e1rral<\/li>\n<\/ul>","protected":false},"excerpt":{"rendered":"<p>A Deerhunter Northward Padded Waistcoat Rifle Green steppelt mell\u00e9ny ide\u00e1lis \u00e1tmeneti id\u0151ben k\u00fcls\u0151 r\u00e9tegk\u00e9nt, t\u00e9len pedig szigetel\u0151 k\u00f6ztes r\u00e9tegk\u00e9nt a kab\u00e1t alatt. K\u00f6nny\u0171, m\u00e9gis j\u00f3l meleg\u00edt\u0151 kialak\u00edt\u00e1sa miatt k\u00e9nyelmes viselet szabadt\u00e9ri tev\u00e9kenys\u00e9gekhez, szabadid\u0151s programokhoz \u00e9s h\u00e9tk\u00f6znapi haszn\u00e1latra egyar\u00e1nt.<\/p>","protected":false},"featured_media":19686,"template":"","meta":{"_gspb_post_css":""},"product_brand":[],"product_cat":[2329],"product_tag":[2322,2548],"class_list":{"0":"post-19600","1":"product","2":"type-product","3":"status-publish","4":"has-post-thumbnail","6":"product_cat-kabaty-a-svetre","7":"product_tag-deerhunter","8":"product_tag-northward-padded-waistcoat","10":"first","11":"instock","12":"taxable","13":"shipping-taxable","14":"purchasable","15":"product-type-variable","16":"has-default-attributes"},"ct_brands":[],"_links":{"self":[{"href":"https:\/\/zbranebudai.sk\/hu\/wp-json\/wp\/v2\/product\/19600","targetHints":{"allow":["GET"]}}],"collection":[{"href":"https:\/\/zbranebudai.sk\/hu\/wp-json\/wp\/v2\/product"}],"about":[{"href":"https:\/\/zbranebudai.sk\/hu\/wp-json\/wp\/v2\/types\/product"}],"wp:featuredmedia":[{"embeddable":true,"href":"https:\/\/zbranebudai.sk\/hu\/wp-json\/wp\/v2\/media\/19686"}],"wp:attachment":[{"href":"https:\/\/zbranebudai.sk\/hu\/wp-json\/wp\/v2\/media?parent=19600"}],"wp:term":[{"taxonomy":"product_brand","embeddable":true,"href":"https:\/\/zbranebudai.sk\/hu\/wp-json\/wp\/v2\/product_brand?post=19600"},{"taxonomy":"product_cat","embeddable":true,"href":"https:\/\/zbranebudai.sk\/hu\/wp-json\/wp\/v2\/product_cat?post=19600"},{"taxonomy":"product_tag","embeddable":true,"href":"https:\/\/zbranebudai.sk\/hu\/wp-json\/wp\/v2\/product_tag?post=19600"}],"curies":[{"name":"wp","href":"https:\/\/api.w.org\/{rel}","templated":true}]}}