{"id":19590,"date":"2026-01-15T17:49:21","date_gmt":"2026-01-15T15:49:21","guid":{"rendered":"https:\/\/zbranebudai.sk\/?post_type=product&#038;p=19590"},"modified":"2026-01-15T19:43:37","modified_gmt":"2026-01-15T17:43:37","slug":"deerhunter-quinn-merino-hosszu-alsonadrag-fekete-tolgy-merino-alsonadrag","status":"publish","type":"product","link":"https:\/\/zbranebudai.sk\/hu\/product\/deerhunter-quinn-merino-long-johns-black-oak-merino-spodne-nohavice\/","title":{"rendered":"Deerhunter Quinn Merino Long Johns Black Oak merin\u00f3 al\u00e1\u00f6lt\u00f6zet als\u00f3nadr\u00e1g"},"content":{"rendered":"<p><strong>Deerhunter Quinn Merino Long Johns Black Oak merin\u00f3 al\u00e1\u00f6lt\u00f6zet als\u00f3nadr\u00e1g<\/strong>\u00a0puha \u00e9s k\u00e9nyelmes viselet, k\u00edv\u00fclr\u0151l 100 % merin\u00f3 gyapj\u00fa, bel\u00fclr\u0151l pedig term\u00e9szetes viszk\u00f3z (bambusz). H\u0151szab\u00e1lyoz\u00f3 tulajdons\u00e1gai \u00e9s term\u00e9szetes antibakteri\u00e1lis hat\u00e1sa miatt ide\u00e1lis v\u00e1laszt\u00e1s alapr\u00e9tegk\u00e9nt hideg id\u0151ben, a jellegzetes DEERHUNTER k\u00e9tir\u00e1ny\u00fa sztreccs anyaggal kombin\u00e1lva pedig kiv\u00e1l\u00f3 mozg\u00e1sszabads\u00e1got biztos\u00edt akt\u00edv haszn\u00e1lat sor\u00e1n.<\/p>\n<div>\n<h2>Term\u00e9k param\u00e9terek<\/h2>\n<\/div>\n<ul>\n<li>K\u00fcls\u0151 anyag: 100 % merin\u00f3 gyapj\u00fa<\/li>\n<li>Bels\u0151 oldal: 100 % viszk\u00f3z (bambusz)<\/li>\n<li>Puha \u00e9s k\u00e9nyelmes viselet<\/li>\n<li>Melegen tart hideg id\u0151ben<\/li>\n<li>Term\u00e9szetes antibakteri\u00e1lis tulajdons\u00e1gok<\/li>\n<\/ul>","protected":false},"excerpt":{"rendered":"<p>A Deerhunter Quinn Merino Long Johns Black Oak merin\u00f3 al\u00e1\u00f6lt\u00f6zet als\u00f3nadr\u00e1g kiv\u00e1l\u00f3 h\u0151szab\u00e1lyoz\u00e1st \u00e9s komfortos alapr\u00e9teget biztos\u00edt t\u00e9li vad\u00e1szathoz \u00e9s m\u00e1s szabadt\u00e9ri tev\u00e9kenys\u00e9gekhez. Term\u00e9szetes anyag\u00f6sszet\u00e9tele \u00e9s rugalmas kialak\u00edt\u00e1sa hosszabb visel\u00e9s sor\u00e1n is kellemes \u00e9rzetet ny\u00fajt, mik\u00f6zben hat\u00e9konyan \u00f3vja a testet a leh\u0171l\u00e9st\u0151l.<\/p>","protected":false},"featured_media":19677,"template":"","meta":{"_gspb_post_css":""},"product_brand":[],"product_cat":[2543],"product_tag":[2322,2545],"class_list":{"0":"post-19590","1":"product","2":"type-product","3":"status-publish","4":"has-post-thumbnail","6":"product_cat-termo-oblecenie","7":"product_tag-deerhunter","8":"product_tag-quinn-merino-long-johns","10":"first","11":"instock","12":"taxable","13":"shipping-taxable","14":"purchasable","15":"product-type-variable","16":"has-default-attributes"},"ct_brands":[],"_links":{"self":[{"href":"https:\/\/zbranebudai.sk\/hu\/wp-json\/wp\/v2\/product\/19590","targetHints":{"allow":["GET"]}}],"collection":[{"href":"https:\/\/zbranebudai.sk\/hu\/wp-json\/wp\/v2\/product"}],"about":[{"href":"https:\/\/zbranebudai.sk\/hu\/wp-json\/wp\/v2\/types\/product"}],"wp:featuredmedia":[{"embeddable":true,"href":"https:\/\/zbranebudai.sk\/hu\/wp-json\/wp\/v2\/media\/19677"}],"wp:attachment":[{"href":"https:\/\/zbranebudai.sk\/hu\/wp-json\/wp\/v2\/media?parent=19590"}],"wp:term":[{"taxonomy":"product_brand","embeddable":true,"href":"https:\/\/zbranebudai.sk\/hu\/wp-json\/wp\/v2\/product_brand?post=19590"},{"taxonomy":"product_cat","embeddable":true,"href":"https:\/\/zbranebudai.sk\/hu\/wp-json\/wp\/v2\/product_cat?post=19590"},{"taxonomy":"product_tag","embeddable":true,"href":"https:\/\/zbranebudai.sk\/hu\/wp-json\/wp\/v2\/product_tag?post=19590"}],"curies":[{"name":"wp","href":"https:\/\/api.w.org\/{rel}","templated":true}]}}