{"id":19588,"date":"2026-01-15T17:49:21","date_gmt":"2026-01-15T15:49:21","guid":{"rendered":"https:\/\/zbranebudai.sk\/?post_type=product&#038;p=19588"},"modified":"2026-01-15T19:40:25","modified_gmt":"2026-01-15T17:40:25","slug":"deerhunter-norden-szigetelt-fleece-zold-melange-fleece-kapucnis-pulover","status":"publish","type":"product","link":"https:\/\/zbranebudai.sk\/hu\/product\/deerhunter-norden-insulated-fleece-green-melange-fleecova-mikina\/","title":{"rendered":"Deerhunter Norden Insulated Fleece Green Melange b\u00e9lelt pol\u00e1r fels\u0151"},"content":{"rendered":"<p><strong>Deerhunter Norden Insulated Fleece Green Melange b\u00e9lelt pol\u00e1r fels\u0151<\/strong>\u00a0puha, meleg anyagb\u00f3l k\u00e9sz\u00fclt, \u00e9s a Norden sorozat jellegzetes, kifinomult megjelen\u00e9s\u00e9t ny\u00fajtja. T\u00f6k\u00e9letes v\u00e1laszt\u00e1s h\u0171v\u00f6s ny\u00e1ri est\u00e9kre, kora \u0151szi napokra vagy t\u00e9len kieg\u00e9sz\u00edt\u0151 szigetel\u0151 r\u00e9tegk\u00e9nt a kab\u00e1t al\u00e1.<\/p>\n<div>\n<h2>Term\u00e9k param\u00e9terek<\/h2>\n<\/div>\n<ul>\n<li>K\u00e9t cipz\u00e1ras el\u00fcls\u0151 zseb<\/li>\n<li>Kontrasztos d\u00edsz\u00edt\u00e9s lapos varr\u00e1ssal<\/li>\n<li>Elasztikus mandzsetta \u00e9s szeg\u00e9ly<\/li>\n<li>Puha \u00e9s rugalmas anyag<\/li>\n<\/ul>","protected":false},"excerpt":{"rendered":"<p>A Deerhunter Norden Insulated Fleece Green Melange b\u00e9lelt pol\u00e1r fels\u0151 sokoldal\u00fa k\u00f6ztes r\u00e9teg, amely kellemes meleget \u00e9s k\u00e9nyelmes viseletet biztos\u00edt a mindennapi szabadt\u00e9ri tev\u00e9kenys\u00e9gekhez. Letisztult, sportos diz\u00e1jnja k\u00f6nnyen kombin\u00e1lhat\u00f3 m\u00e1s vad\u00e1sz- \u00e9s szabadid\u0151-ruh\u00e1zattal.<\/p>","protected":false},"featured_media":19670,"template":"","meta":{"_gspb_post_css":""},"product_brand":[],"product_cat":[2329],"product_tag":[2322,2542],"class_list":{"0":"post-19588","1":"product","2":"type-product","3":"status-publish","4":"has-post-thumbnail","6":"product_cat-kabaty-a-svetre","7":"product_tag-deerhunter","8":"product_tag-norden-insulated-fleece","10":"first","11":"instock","12":"taxable","13":"shipping-taxable","14":"purchasable","15":"product-type-variable","16":"has-default-attributes"},"ct_brands":[],"_links":{"self":[{"href":"https:\/\/zbranebudai.sk\/hu\/wp-json\/wp\/v2\/product\/19588","targetHints":{"allow":["GET"]}}],"collection":[{"href":"https:\/\/zbranebudai.sk\/hu\/wp-json\/wp\/v2\/product"}],"about":[{"href":"https:\/\/zbranebudai.sk\/hu\/wp-json\/wp\/v2\/types\/product"}],"wp:featuredmedia":[{"embeddable":true,"href":"https:\/\/zbranebudai.sk\/hu\/wp-json\/wp\/v2\/media\/19670"}],"wp:attachment":[{"href":"https:\/\/zbranebudai.sk\/hu\/wp-json\/wp\/v2\/media?parent=19588"}],"wp:term":[{"taxonomy":"product_brand","embeddable":true,"href":"https:\/\/zbranebudai.sk\/hu\/wp-json\/wp\/v2\/product_brand?post=19588"},{"taxonomy":"product_cat","embeddable":true,"href":"https:\/\/zbranebudai.sk\/hu\/wp-json\/wp\/v2\/product_cat?post=19588"},{"taxonomy":"product_tag","embeddable":true,"href":"https:\/\/zbranebudai.sk\/hu\/wp-json\/wp\/v2\/product_tag?post=19588"}],"curies":[{"name":"wp","href":"https:\/\/api.w.org\/{rel}","templated":true}]}}