{"id":19587,"date":"2026-01-15T17:49:20","date_gmt":"2026-01-15T15:49:20","guid":{"rendered":"https:\/\/zbranebudai.sk\/?post_type=product&#038;p=19587"},"modified":"2026-01-15T19:39:03","modified_gmt":"2026-01-15T17:39:03","slug":"deerhunter-ferfi-teljesitmeny-alsonemu-szett-forest-night-funkcionalis-alsonemu","status":"publish","type":"product","link":"https:\/\/zbranebudai.sk\/hu\/product\/deerhunter-mens-performance-underwear-set-forest-night-funkcna-spodna-bielizen\/","title":{"rendered":"Deerhunter Men's Performance Underwear Set Forest Night f\u00e9rfi technikai al\u00e1\u00f6lt\u00f6zet szett"},"content":{"rendered":"<p><strong>Deerhunter Men's Performance Underwear Set Forest Night f\u00e9rfi technikai al\u00e1\u00f6lt\u00f6zet szett<\/strong>\u00a0ugyanolyan fontos, mint a megfelel\u0151 fels\u0151ruh\u00e1zat kiv\u00e1laszt\u00e1sa. A varr\u00e1s n\u00e9lk\u00fcli, szuperk\u00f6nny\u0171 szett rendk\u00edv\u00fcl puha, \u00edgy rendk\u00edv\u00fcl k\u00e9nyelmes viselet. A k\u00f6t\u00f6tt panelek k\u00fcl\u00f6nb\u00f6z\u0151 strukt\u00far\u00e1i c\u00e9lzott szell\u0151z\u00e9st biztos\u00edtanak a t\u00falmeleged\u00e9sre hajlamos ter\u00fcleteken, ami j\u00f3 l\u00e9g\u00e1raml\u00e1st eredm\u00e9nyez. Az als\u00f3nem\u0171 nedvess\u00e9g hat\u00e1s\u00e1ra gyorsan sz\u00e1rad.<\/p>\n<div>\n<h2>Term\u00e9k param\u00e9terek<\/h2>\n<\/div>\n<ul>\n<li>K\u00fcl\u00f6nb\u00f6z\u0151 k\u00f6t\u00f6tt panelszerkezetek a kiv\u00e1l\u00f3 k\u00e9nyelem\u00e9rt<\/li>\n<li>Szell\u0151z\u0151z\u00f3n\u00e1k a t\u00falmeleged\u00e9sre hajlamos ter\u00fcleteken<\/li>\n<li>Ergonomikus kialak\u00edt\u00e1s a maxim\u00e1lis mozg\u00e1sszabads\u00e1g\u00e9rt<\/li>\n<li>K\u00e9nyelem varratok \u00e9s s\u00farl\u00f3d\u00e1s n\u00e9lk\u00fcl<\/li>\n<li>L\u00e9g\u00e1tereszt\u0151 \u00e9s nedvess\u00e9gelvezet\u0151<\/li>\n<li>Rendk\u00edv\u00fcl puha<\/li>\n<li>K\u00f6nny\u0171szerkezetes kialak\u00edt\u00e1s<\/li>\n<\/ul>","protected":false},"excerpt":{"rendered":"<p>A Deerhunter Men's Performance Underwear Set Forest Night f\u00e9rfi technikai al\u00e1\u00f6lt\u00f6zet szett k\u00f6nny\u0171, rendk\u00edv\u00fcl puha \u00e9s j\u00f3l szell\u0151z\u0151 alapr\u00e9teg akt\u00edv vad\u00e1szathoz \u00e9s m\u00e1s intenz\u00edv szabadt\u00e9ri tev\u00e9kenys\u00e9gekhez. Ergonomikus, varr\u00e1s n\u00e9lk\u00fcli kialak\u00edt\u00e1sa \u00e9s gyorsan sz\u00e1rad\u00f3 anyaga gondoskodik a k\u00e9nyelemr\u0151l eg\u00e9sz napos viselet mellett is.<\/p>","protected":false},"featured_media":19668,"template":"","meta":{"_gspb_post_css":""},"product_brand":[],"product_cat":[2320],"product_tag":[2322,2541],"class_list":{"0":"post-19587","1":"product","2":"type-product","3":"status-publish","4":"has-post-thumbnail","6":"product_cat-doplnky-obuv-a-oblecenie","7":"product_tag-deerhunter","8":"product_tag-mens-performance-underwear-set","10":"first","11":"instock","12":"taxable","13":"shipping-taxable","14":"purchasable","15":"product-type-variable","16":"has-default-attributes"},"ct_brands":[],"_links":{"self":[{"href":"https:\/\/zbranebudai.sk\/hu\/wp-json\/wp\/v2\/product\/19587","targetHints":{"allow":["GET"]}}],"collection":[{"href":"https:\/\/zbranebudai.sk\/hu\/wp-json\/wp\/v2\/product"}],"about":[{"href":"https:\/\/zbranebudai.sk\/hu\/wp-json\/wp\/v2\/types\/product"}],"wp:featuredmedia":[{"embeddable":true,"href":"https:\/\/zbranebudai.sk\/hu\/wp-json\/wp\/v2\/media\/19668"}],"wp:attachment":[{"href":"https:\/\/zbranebudai.sk\/hu\/wp-json\/wp\/v2\/media?parent=19587"}],"wp:term":[{"taxonomy":"product_brand","embeddable":true,"href":"https:\/\/zbranebudai.sk\/hu\/wp-json\/wp\/v2\/product_brand?post=19587"},{"taxonomy":"product_cat","embeddable":true,"href":"https:\/\/zbranebudai.sk\/hu\/wp-json\/wp\/v2\/product_cat?post=19587"},{"taxonomy":"product_tag","embeddable":true,"href":"https:\/\/zbranebudai.sk\/hu\/wp-json\/wp\/v2\/product_tag?post=19587"}],"curies":[{"name":"wp","href":"https:\/\/api.w.org\/{rel}","templated":true}]}}