{"id":19586,"date":"2026-01-15T17:49:20","date_gmt":"2026-01-15T15:49:20","guid":{"rendered":"https:\/\/zbranebudai.sk\/?post_type=product&#038;p=19586"},"modified":"2026-01-15T19:35:55","modified_gmt":"2026-01-15T17:35:55","slug":"deerhunter-strike-nadrag-bronz-vadasz-nadrag","status":"publish","type":"product","link":"https:\/\/zbranebudai.sk\/hu\/product\/deerhunter-strike-trousers-bronze-lovecke-nohavice\/","title":{"rendered":"Deerhunter Strike Trousers Bronze vad\u00e1sznadr\u00e1g"},"content":{"rendered":"<p><strong>Deerhunter Strike Trousers Bronze vad\u00e1sznadr\u00e1g<\/strong>\u00a0akt\u00edv vad\u00e1szok \u00e9s term\u00e9szetkedvel\u0151k sz\u00e1m\u00e1ra k\u00e9sz\u00fcltek, \u00e9s k\u00e9nyelmes \u00e9s biztons\u00e1gos t\u00e1rol\u00e1st biztos\u00edtanak a mindennapi felszerel\u00e9snek. K\u00e9t el\u00fcls\u0151 zseb, rejtett cipz\u00e1ras combzseb \u00e9s a bal combon tal\u00e1lhat\u00f3 k\u00e9szseb tov\u00e1bbi v\u00e9delmet ny\u00fajt felszerel\u00e9s\u00e9nek, m\u00edg a 4 ir\u00e1nyban sztreccsbet\u00e9tek, az el\u0151re kialak\u00edtott t\u00e9rdr\u00e9sz, az elasztikus der\u00e9ksz\u00edj \u00e9s a p\u00e1ntokkal \u00e9s t\u00e9p\u0151z\u00e1rral ell\u00e1tott \u00e1ll\u00edthat\u00f3 nadr\u00e1gv\u00e9gek maxim\u00e1lis mozg\u00e1sszabads\u00e1got \u00e9s k\u00e9nyelmes illeszked\u00e9st biztos\u00edtanak.<\/p>\n<div>\n<h2>Term\u00e9k param\u00e9terek<\/h2>\n<\/div>\n<ul>\n<li>Elasztikus der\u00e9kp\u00e1nt<\/li>\n<li>K\u00e9t el\u00fcls\u0151 zseb<\/li>\n<li>K\u00e9t rakott combzseb rejtett cipz\u00e1ras z\u00e1r\u00f3d\u00e1ssal<\/li>\n<li>K\u00e9s zseb a bal combzsebben<\/li>\n<li>H\u00e1ts\u00f3 zseb rejtett cipz\u00e1rral<\/li>\n<li>A t\u00e9rd el\u0151re form\u00e1zott r\u00e9sze<\/li>\n<li>Rugalmas textilbet\u00e9tek a nagyobb mobilit\u00e1s \u00e9rdek\u00e9ben<\/li>\n<li>\u00c1ll\u00edthat\u00f3 l\u00e1bsz\u00e1r mandzsetta t\u00e9p\u0151z\u00e1rral<\/li>\n<\/ul>","protected":false},"excerpt":{"rendered":"<p>A Deerhunter Strike Trousers Bronze vad\u00e1sznadr\u00e1g rugalmas, strapab\u00edr\u00f3 kialak\u00edt\u00e1sa \u00e9s praktikus zsebei r\u00e9v\u00e9n j\u00f3l teljes\u00edt intenz\u00edv terephaszn\u00e1lat sor\u00e1n. K\u00e9nyelmes szab\u00e1sa \u00e9s funkcion\u00e1lis r\u00e9szletei miatt megb\u00edzhat\u00f3 v\u00e1laszt\u00e1s cserkel\u00e9shez, lesvad\u00e1szathoz \u00e9s m\u00e1s szabadt\u00e9ri tev\u00e9kenys\u00e9gekhez.<\/p>","protected":false},"featured_media":19662,"template":"","meta":{"_gspb_post_css":""},"product_brand":[],"product_cat":[2369],"product_tag":[2322,2540],"class_list":{"0":"post-19586","1":"product","2":"type-product","3":"status-publish","4":"has-post-thumbnail","6":"product_cat-nohavice","7":"product_tag-deerhunter","8":"product_tag-strike-trousers","10":"first","11":"instock","12":"taxable","13":"shipping-taxable","14":"purchasable","15":"product-type-variable","16":"has-default-attributes"},"ct_brands":[],"_links":{"self":[{"href":"https:\/\/zbranebudai.sk\/hu\/wp-json\/wp\/v2\/product\/19586","targetHints":{"allow":["GET"]}}],"collection":[{"href":"https:\/\/zbranebudai.sk\/hu\/wp-json\/wp\/v2\/product"}],"about":[{"href":"https:\/\/zbranebudai.sk\/hu\/wp-json\/wp\/v2\/types\/product"}],"wp:featuredmedia":[{"embeddable":true,"href":"https:\/\/zbranebudai.sk\/hu\/wp-json\/wp\/v2\/media\/19662"}],"wp:attachment":[{"href":"https:\/\/zbranebudai.sk\/hu\/wp-json\/wp\/v2\/media?parent=19586"}],"wp:term":[{"taxonomy":"product_brand","embeddable":true,"href":"https:\/\/zbranebudai.sk\/hu\/wp-json\/wp\/v2\/product_brand?post=19586"},{"taxonomy":"product_cat","embeddable":true,"href":"https:\/\/zbranebudai.sk\/hu\/wp-json\/wp\/v2\/product_cat?post=19586"},{"taxonomy":"product_tag","embeddable":true,"href":"https:\/\/zbranebudai.sk\/hu\/wp-json\/wp\/v2\/product_tag?post=19586"}],"curies":[{"name":"wp","href":"https:\/\/api.w.org\/{rel}","templated":true}]}}