{"id":19585,"date":"2026-01-15T17:49:20","date_gmt":"2026-01-15T15:49:20","guid":{"rendered":"https:\/\/zbranebudai.sk\/?post_type=product&#038;p=19585"},"modified":"2026-01-15T19:34:47","modified_gmt":"2026-01-15T17:34:47","slug":"deerhunter-eagle-teli-nadrag-tarmac-zold-teli-vadasz-nadrag","status":"publish","type":"product","link":"https:\/\/zbranebudai.sk\/hu\/product\/deerhunter-eagle-winter-trousers-tarmac-green-zimne-lovecke-nohavice\/","title":{"rendered":"Deerhunter Eagle Winter Trousers Tarmac Green t\u00e9li vad\u00e1sznadr\u00e1g"},"content":{"rendered":"<p><strong>Deerhunter Eagle Winter Trousers Tarmac Green t\u00e9li vad\u00e1sznadr\u00e1g<\/strong>\u00a0sz\u00e9l- \u00e9s v\u00edz\u00e1ll\u00f3, szigetelt b\u00e9l\u00e9ssel \u00e9s kiv\u00e1l\u00f3 l\u00e9g\u00e1tereszt\u0151 k\u00e9pess\u00e9ggel rendelkezik, hogy hideg id\u0151ben is melegen \u00e9s k\u00e9nyelmesen \u00e9rezze mag\u00e1t, k\u00f6sz\u00f6nhet\u0151en a Deer-Tex\u00ae Performance Shell membr\u00e1nnak, amely m\u00e9g akt\u00edv vad\u00e1szat k\u00f6zben is fenntartja a k\u00e9nyelmes belt\u00e9ri k\u00f6rnyezetet. A klasszikus vad\u00e1sznadr\u00e1g modern v\u00e1ltozata vel\u00far r\u00e9szletekkel \u00e9s sz\u00e1mos praktikus funkci\u00f3val, amelyek megb\u00edzhat\u00f3 v\u00e9delmet ny\u00fajtanak a zord t\u00e9li k\u00f6r\u00fclm\u00e9nyek k\u00f6z\u00f6tt. Az el\u0151form\u00e1zott t\u00e9rdr\u00e9sz, a szilikon der\u00e9kp\u00e1nt a bels\u0151 der\u00e9kr\u00e9szen \u00e9s az \u00e1ll\u00edthat\u00f3 nadr\u00e1gv\u00e9gek a boka ter\u00fclet\u00e9n egy\u00e9ni illeszked\u00e9st biztos\u00edtanak, ami k\u00fcl\u00f6n\u00f6sen el\u0151ny\u00f6s az akt\u00edv vad\u00e1szok sz\u00e1m\u00e1ra. K\u00e9t el\u00fcls\u0151 zseb, patentos combzseb, a bal combzsebben egy rejtett k\u00e9szseb \u00e9s egy rejtett h\u00e1ts\u00f3 cipz\u00e1ras zseb rengeteg j\u00f3l szervezett t\u00e1rol\u00f3helyet biztos\u00edt a fontos felszerel\u00e9sek sz\u00e1m\u00e1ra.<\/p>\n<div>\n<h2>Term\u00e9k param\u00e9terek<\/h2>\n<\/div>\n<ul>\n<li>Mesters\u00e9ges vel\u00far b\u0151r d\u00edsz\u00edt\u00e9sek<\/li>\n<li>Emelt \u00f6v h\u00e1tul<\/li>\n<li>Szilikon cs\u00edk log\u00f3val az \u00f6v belsej\u00e9ben<\/li>\n<li>Elasztikus der\u00e9kp\u00e1nt levehet\u0151 p\u00e1ntokkal<\/li>\n<li>K\u00e9t el\u00fcls\u0151 zseb<\/li>\n<li>K\u00e9t combzseb patenttal<\/li>\n<li>Rejtett k\u00e9s zseb a bal combzsebben<\/li>\n<li>H\u00e1ts\u00f3 zseb rejtett cipz\u00e1rral<\/li>\n<li>Szell\u0151z\u0151 cipz\u00e1r a nadr\u00e1g h\u00e1tulj\u00e1n<\/li>\n<li>El\u0151re kialak\u00edtott t\u00e9rdfel\u00fclet<\/li>\n<li>\u00c1ll\u00edthat\u00f3 nadr\u00e1gv\u00e9gek p\u00e1ntokkal \u00e9s patentokkal<\/li>\n<\/ul>","protected":false},"excerpt":{"rendered":"<p>A Deerhunter Eagle Winter Trousers Tarmac Green t\u00e9li vad\u00e1sznadr\u00e1g megb\u00edzhat\u00f3 meleget, sz\u00e9l- \u00e9s v\u00edz\u00e1ll\u00f3 v\u00e9delmet ny\u00fajt hideg, t\u00e9li vad\u00e1sznapokon, mik\u00f6zben j\u00f3l szell\u0151zik \u00e9s k\u00e9nyelmes marad. Praktikus zsebkialak\u00edt\u00e1sa \u00e9s \u00e1ll\u00edthat\u00f3, stabil illeszked\u00e9se ide\u00e1liss\u00e1 teszi intenz\u00edv, akt\u00edv haszn\u00e1latra a szabadban.<\/p>","protected":false},"featured_media":19660,"template":"","meta":{"_gspb_post_css":""},"product_brand":[],"product_cat":[2369],"product_tag":[2322,2539],"class_list":{"0":"post-19585","1":"product","2":"type-product","3":"status-publish","4":"has-post-thumbnail","6":"product_cat-nohavice","7":"product_tag-deerhunter","8":"product_tag-eagle-winter-trousers","10":"first","11":"instock","12":"taxable","13":"shipping-taxable","14":"purchasable","15":"product-type-variable","16":"has-default-attributes"},"ct_brands":[],"_links":{"self":[{"href":"https:\/\/zbranebudai.sk\/hu\/wp-json\/wp\/v2\/product\/19585","targetHints":{"allow":["GET"]}}],"collection":[{"href":"https:\/\/zbranebudai.sk\/hu\/wp-json\/wp\/v2\/product"}],"about":[{"href":"https:\/\/zbranebudai.sk\/hu\/wp-json\/wp\/v2\/types\/product"}],"wp:featuredmedia":[{"embeddable":true,"href":"https:\/\/zbranebudai.sk\/hu\/wp-json\/wp\/v2\/media\/19660"}],"wp:attachment":[{"href":"https:\/\/zbranebudai.sk\/hu\/wp-json\/wp\/v2\/media?parent=19585"}],"wp:term":[{"taxonomy":"product_brand","embeddable":true,"href":"https:\/\/zbranebudai.sk\/hu\/wp-json\/wp\/v2\/product_brand?post=19585"},{"taxonomy":"product_cat","embeddable":true,"href":"https:\/\/zbranebudai.sk\/hu\/wp-json\/wp\/v2\/product_cat?post=19585"},{"taxonomy":"product_tag","embeddable":true,"href":"https:\/\/zbranebudai.sk\/hu\/wp-json\/wp\/v2\/product_tag?post=19585"}],"curies":[{"name":"wp","href":"https:\/\/api.w.org\/{rel}","templated":true}]}}