{"id":19584,"date":"2026-01-15T17:49:20","date_gmt":"2026-01-15T15:49:20","guid":{"rendered":"https:\/\/zbranebudai.sk\/?post_type=product&#038;p=19584"},"modified":"2026-01-15T19:33:17","modified_gmt":"2026-01-15T17:33:17","slug":"deerhunter-lady-ann-nadrag-bronz-noi-outdoor-nadrag","status":"publish","type":"product","link":"https:\/\/zbranebudai.sk\/hu\/product\/deerhunter-lady-ann-trousers-bronze-damske-outdoorove-nohavice\/","title":{"rendered":"Deerhunter Lady Ann Trousers Bronze n\u0151i outdoor nadr\u00e1g"},"content":{"rendered":"<p><strong>Deerhunter Lady Ann Trousers Bronze n\u0151i outdoor nadr\u00e1g<\/strong>\u00a0a Lady Ann kollekci\u00f3 st\u00edlusos \u00e9s sokoldal\u00fa darabjai, amelyek rugalmas bet\u00e9tekkel rendelkeznek, amelyek kiv\u00e1l\u00f3 mozg\u00e1sszabads\u00e1got \u00e9s k\u00e9nyelmes viseletet biztos\u00edtanak. A nadr\u00e1g OEKO-TEX tan\u00fas\u00edtv\u00e1nnyal rendelkezik, ami meger\u0151s\u00edti, hogy a term\u00e9ket az OEKO-TEX szabv\u00e1nyoknak megfelel\u0151en tesztelt\u00e9k \u00e9s j\u00f3v\u00e1hagyt\u00e1k.<\/p>\n<div>\n<h2>Term\u00e9k param\u00e9terek<\/h2>\n<\/div>\n<ul>\n<li>Elasztikus der\u00e9kp\u00e1nt<\/li>\n<li>K\u00e9t el\u00fcls\u0151 zseb<\/li>\n<li>Combzsebek rejtett cipz\u00e1rral<\/li>\n<li>K\u00e9s zseb a bal combzsebben<\/li>\n<li>H\u00e1ts\u00f3 zseb cipz\u00e1rral<\/li>\n<li>A t\u00e9rd el\u0151re form\u00e1zott r\u00e9sze<\/li>\n<li>Rugalmas textilbet\u00e9tek a nagyobb mobilit\u00e1s \u00e9rdek\u00e9ben<\/li>\n<li>\u00c1ll\u00edthat\u00f3 l\u00e1bsz\u00e1r mandzsetta t\u00e9p\u0151z\u00e1rral<\/li>\n<\/ul>","protected":false},"excerpt":{"rendered":"<p>A Deerhunter Lady Ann Trousers Bronze n\u0151i outdoor nadr\u00e1g k\u00e9nyelmes, rugalmas viselet t\u00far\u00e1z\u00e1shoz, vad\u00e1szathoz \u00e9s mindennapi szabadt\u00e9ri tev\u00e9kenys\u00e9gekhez. Funkcion\u00e1lis zsebkialak\u00edt\u00e1sa \u00e9s rugalmas bet\u00e9tei r\u00e9v\u00e9n j\u00f3l alkalmazkodik az akt\u00edv haszn\u00e1lathoz, mik\u00f6zben meg\u0151rzi n\u0151ies, letisztult megjelen\u00e9s\u00e9t.<\/p>","protected":false},"featured_media":19658,"template":"","meta":{"_gspb_post_css":""},"product_brand":[],"product_cat":[2369],"product_tag":[2322,2538],"class_list":{"0":"post-19584","1":"product","2":"type-product","3":"status-publish","4":"has-post-thumbnail","6":"product_cat-nohavice","7":"product_tag-deerhunter","8":"product_tag-lady-ann-trousers","10":"first","11":"instock","12":"taxable","13":"shipping-taxable","14":"purchasable","15":"product-type-variable","16":"has-default-attributes"},"ct_brands":[],"_links":{"self":[{"href":"https:\/\/zbranebudai.sk\/hu\/wp-json\/wp\/v2\/product\/19584","targetHints":{"allow":["GET"]}}],"collection":[{"href":"https:\/\/zbranebudai.sk\/hu\/wp-json\/wp\/v2\/product"}],"about":[{"href":"https:\/\/zbranebudai.sk\/hu\/wp-json\/wp\/v2\/types\/product"}],"wp:featuredmedia":[{"embeddable":true,"href":"https:\/\/zbranebudai.sk\/hu\/wp-json\/wp\/v2\/media\/19658"}],"wp:attachment":[{"href":"https:\/\/zbranebudai.sk\/hu\/wp-json\/wp\/v2\/media?parent=19584"}],"wp:term":[{"taxonomy":"product_brand","embeddable":true,"href":"https:\/\/zbranebudai.sk\/hu\/wp-json\/wp\/v2\/product_brand?post=19584"},{"taxonomy":"product_cat","embeddable":true,"href":"https:\/\/zbranebudai.sk\/hu\/wp-json\/wp\/v2\/product_cat?post=19584"},{"taxonomy":"product_tag","embeddable":true,"href":"https:\/\/zbranebudai.sk\/hu\/wp-json\/wp\/v2\/product_tag?post=19584"}],"curies":[{"name":"wp","href":"https:\/\/api.w.org\/{rel}","templated":true}]}}