{"id":19583,"date":"2026-01-15T17:49:20","date_gmt":"2026-01-15T15:49:20","guid":{"rendered":"https:\/\/zbranebudai.sk\/?post_type=product&#038;p=19583"},"modified":"2026-01-15T20:04:47","modified_gmt":"2026-01-15T18:04:47","slug":"deerhunter-excape-softshell-nadrag-art-zold-softshell-felnadrag","status":"publish","type":"product","link":"https:\/\/zbranebudai.sk\/hu\/product\/deerhunter-excape-softshell-trousers-art-green-softshell-polovnicke-nohavice\/","title":{"rendered":"Deerhunter Excape Softshell Trousers Art Green softshell vad\u00e1sznadr\u00e1g"},"content":{"rendered":"<p><strong>Deerhunter Excape Softshell Trousers Art Green softshell vad\u00e1sznadr\u00e1g<\/strong>\u00a0elasztikus der\u00e9kp\u00e1nttal \u00e9s levehet\u0151 merev\u00edt\u0151kkel vannak ell\u00e1tva a k\u00e9nyelmes \u00e9s biztons\u00e1gos illeszked\u00e9s \u00e9rdek\u00e9ben. \u00dagy tervezt\u00e9k, hogy semmi ne \u00e1lljon a szabadt\u00e9ri tev\u00e9kenys\u00e9gek \u00fatj\u00e1ba, \u00e9s sz\u00e1mos okos t\u00e1rol\u00e1si megold\u00e1st k\u00edn\u00e1l: k\u00e9t el\u00fcls\u0151 zseb v\u00edzleperget\u0151 cipz\u00e1rral, k\u00e9t ergonomikus combzseb v\u00edzleperget\u0151 cipz\u00e1rral, egy rejtett k\u00e9szseb a bal combzseb bels\u0151 oldal\u00e1n, \u00e9s egy h\u00e1ts\u00f3 zseb v\u00edzleperget\u0151 cipz\u00e1rral. A nadr\u00e1g h\u00e1ts\u00f3 r\u00e9sz\u00e9n v\u00edzleperget\u0151 cipz\u00e1r biztos\u00edtja a szell\u0151z\u00e9st, az el\u0151form\u00e1zott t\u00e9rdek helyet biztos\u00edtanak a t\u00e9rdv\u00e9d\u0151nek, az \u00fcl\u00e9sen, a t\u00e9rdn\u00e9l \u00e9s az als\u00f3 l\u00e1bsz\u00e1rn\u00e1l l\u00e9v\u0151 rugalmas meger\u0151s\u00edt\u00e9sek pedig tov\u00e1bbi v\u00e9delmet \u00e9s tart\u00f3ss\u00e1got biztos\u00edtanak. Az \u00e1ll\u00edthat\u00f3 mandzsett\u00e1k rugalmas p\u00e1nttal \u00e9s t\u00e9p\u0151z\u00e1rral a l\u00e1bak alj\u00e1n fokozz\u00e1k a funkcionalit\u00e1st. A nadr\u00e1g puha \u00e9s csendes, a v\u00edz\u00e1ll\u00f3 \u00e9s v\u00edzhatlan sz\u00f6vetbet\u00e9tek kombin\u00e1ci\u00f3ja pedig magas l\u00e9g\u00e1tereszt\u0151 k\u00e9pess\u00e9get \u00e9s k\u00e9nyelmet biztos\u00edt.<\/p>\n<div>\n<h2>Term\u00e9k param\u00e9terek<\/h2>\n<\/div>\n<ul>\n<li>Puha \u00e9s csendes anyag<\/li>\n<li>Elasztikus der\u00e9kp\u00e1nt<\/li>\n<li>Levehet\u0151 p\u00e1ntok<\/li>\n<li>K\u00e9t el\u00fcls\u0151 zseb v\u00edzleperget\u0151 cipz\u00e1rral<\/li>\n<li>K\u00e9t ergonomikus combzseb v\u00edzleperget\u0151 cipz\u00e1rral<\/li>\n<li>Rejtett k\u00e9start\u00f3 zseb a bal comb bels\u0151 zseb\u00e9ben<\/li>\n<li>H\u00e1ts\u00f3 zseb v\u00edzleperget\u0151 cipz\u00e1rral<\/li>\n<li>V\u00edzleperget\u0151 cipz\u00e1r a nadr\u00e1g h\u00e1tulj\u00e1n a szell\u0151z\u00e9s \u00e9rdek\u00e9ben<\/li>\n<li>El\u0151re form\u00e1zott t\u00e9rdek t\u00e9rdv\u00e9d\u0151vel<\/li>\n<li>Rugalmas meger\u0151s\u00edt\u00e9s az \u00fcl\u00e9sen, a t\u00e9rdeken \u00e9s az als\u00f3 l\u00e1bsz\u00e1rakon<\/li>\n<li>\u00c1ll\u00edthat\u00f3 nadr\u00e1gv\u00e9gek gumiszalaggal \u00e9s t\u00e9p\u0151z\u00e1rral<\/li>\n<li>V\u00edz\u00e1ll\u00f3 \u00e9s nem v\u00edz\u00e1ll\u00f3 textilb\u00e9l\u00e9s a nagyfok\u00fa l\u00e9g\u00e1tereszt\u0151 k\u00e9pess\u00e9g \u00e9s k\u00e9nyelem \u00e9rdek\u00e9ben.<\/li>\n<\/ul>","protected":false},"excerpt":{"rendered":"<p>A Deerhunter Excape Softshell Trousers Art Green softshell vad\u00e1sznadr\u00e1g puha, nesztelen \u00e9s j\u00f3l szell\u0151z\u0151 viselet, amely akt\u00edv vad\u00e1szathoz \u00e9s intenz\u00edv szabadt\u00e9ri haszn\u00e1latra k\u00e9sz\u00fclt. Rugalmas, meger\u0151s\u00edtett z\u00f3n\u00e1i \u00e9s v\u00edzleperget\u0151 cipz\u00e1ras zsebei megb\u00edzhat\u00f3 v\u00e9delmet \u00e9s praktikus t\u00e1rol\u00e1st biztos\u00edtanak v\u00e1ltozatos terep- \u00e9s id\u0151j\u00e1r\u00e1si k\u00f6r\u00fclm\u00e9nyek k\u00f6z\u00f6tt.<\/p>","protected":false},"featured_media":19656,"template":"","meta":{"_gspb_post_css":""},"product_brand":[],"product_cat":[2369],"product_tag":[2322,2537],"class_list":{"0":"post-19583","1":"product","2":"type-product","3":"status-publish","4":"has-post-thumbnail","6":"product_cat-nohavice","7":"product_tag-deerhunter","8":"product_tag-excape-softshell-trousers","10":"first","11":"instock","12":"taxable","13":"shipping-taxable","14":"purchasable","15":"product-type-variable","16":"has-default-attributes"},"ct_brands":[],"_links":{"self":[{"href":"https:\/\/zbranebudai.sk\/hu\/wp-json\/wp\/v2\/product\/19583","targetHints":{"allow":["GET"]}}],"collection":[{"href":"https:\/\/zbranebudai.sk\/hu\/wp-json\/wp\/v2\/product"}],"about":[{"href":"https:\/\/zbranebudai.sk\/hu\/wp-json\/wp\/v2\/types\/product"}],"wp:featuredmedia":[{"embeddable":true,"href":"https:\/\/zbranebudai.sk\/hu\/wp-json\/wp\/v2\/media\/19656"}],"wp:attachment":[{"href":"https:\/\/zbranebudai.sk\/hu\/wp-json\/wp\/v2\/media?parent=19583"}],"wp:term":[{"taxonomy":"product_brand","embeddable":true,"href":"https:\/\/zbranebudai.sk\/hu\/wp-json\/wp\/v2\/product_brand?post=19583"},{"taxonomy":"product_cat","embeddable":true,"href":"https:\/\/zbranebudai.sk\/hu\/wp-json\/wp\/v2\/product_cat?post=19583"},{"taxonomy":"product_tag","embeddable":true,"href":"https:\/\/zbranebudai.sk\/hu\/wp-json\/wp\/v2\/product_tag?post=19583"}],"curies":[{"name":"wp","href":"https:\/\/api.w.org\/{rel}","templated":true}]}}