{"id":19582,"date":"2026-01-15T17:49:20","date_gmt":"2026-01-15T15:49:20","guid":{"rendered":"https:\/\/zbranebudai.sk\/?post_type=product&#038;p=19582"},"modified":"2026-01-15T20:03:38","modified_gmt":"2026-01-15T18:03:38","slug":"deerhunter-excape-light-nadrag-art-zold-konnyu-vadasz-nadrag","status":"publish","type":"product","link":"https:\/\/zbranebudai.sk\/hu\/product\/deerhunter-excape-light-trousers-art-green-lahke-lovecke-nohavice\/","title":{"rendered":"Deerhunter Excape Light Trousers Art Green k\u00f6nny\u0171 vad\u00e1sznadr\u00e1g"},"content":{"rendered":"<p><strong>Deerhunter Excape Light Trousers Art Green k\u00f6nny\u0171 vad\u00e1sznadr\u00e1g<\/strong>\u00a0rugalmas der\u00e9kp\u00e1nttal \u00e9s el\u0151form\u00e1zott t\u00e9rdekkel a maxim\u00e1lis k\u00e9nyelem \u00e9s mozg\u00e1sszabads\u00e1g \u00e9rdek\u00e9ben. A k\u00e9t el\u00fcls\u0151 zseb \u00e9s az ergonomikus cipz\u00e1ras combzseb lehet\u0151v\u00e9 teszi, hogy biztons\u00e1gosan \u00e9s egyszer\u0171en t\u00e1rolja a legfontosabb felszerel\u00e9seket. A rugalmas Deer-X-Dura meger\u0151s\u00edt\u00e9sek az \u00fcl\u00e9s \u00e9s a t\u00e9rd ter\u00fclet\u00e9n tov\u00e1bbi v\u00e9delmet ny\u00fajtanak, m\u00edg a bok\u00e1n\u00e1l l\u00e9v\u0151, p\u00e1ntokkal \u00e9s t\u00e9p\u0151z\u00e1rral ell\u00e1tott, \u00e1ll\u00edthat\u00f3 mandzsett\u00e1k k\u00e9nyelmesen a csizm\u00e1hoz igaz\u00edthat\u00f3k, hogy cs\u00f6kkents\u00e9k a v\u00edz behatol\u00e1s\u00e1t.<\/p>\n<div>\n<h2>Term\u00e9k param\u00e9terek<\/h2>\n<\/div>\n<ul>\n<li>Elasztikus der\u00e9kp\u00e1nt<\/li>\n<li>K\u00e9t el\u00fcls\u0151 zseb<\/li>\n<li>Ergonomikus cipz\u00e1ras combzseb<\/li>\n<li>H\u00e1ts\u00f3 zseb cipz\u00e1rral<\/li>\n<li>El\u0151re kialak\u00edtott t\u00e9rdfel\u00fclet<\/li>\n<li>Rugalmas, meger\u0151s\u00edtett anyag az \u00fcl\u00e9s \u00e9s a t\u00e9rd ter\u00fclet\u00e9n<\/li>\n<li>\u00c1ll\u00edthat\u00f3 nadr\u00e1gv\u00e9gek p\u00e1ntokkal \u00e9s t\u00e9p\u0151z\u00e1rakkal<\/li>\n<\/ul>","protected":false},"excerpt":{"rendered":"<p>A Deerhunter Excape Light Trousers Art Green k\u00f6nny\u0171 vad\u00e1sznadr\u00e1g k\u00e9nyelmes, rugalmas viselet akt\u00edv vad\u00e1szathoz \u00e9s m\u00e1s szabadt\u00e9ri tev\u00e9kenys\u00e9gekhez. Diszkr\u00e9t z\u00f6ld sz\u00edne, tart\u00f3s meger\u0151s\u00edt\u00e9sei \u00e9s praktikus zsebei j\u00f3l illeszkednek a mindennapi terephaszn\u00e1lathoz.<\/p>","protected":false},"featured_media":19648,"template":"","meta":{"_gspb_post_css":""},"product_brand":[],"product_cat":[2369],"product_tag":[2322,2536],"class_list":{"0":"post-19582","1":"product","2":"type-product","3":"status-publish","4":"has-post-thumbnail","6":"product_cat-nohavice","7":"product_tag-deerhunter","8":"product_tag-excape-light-trousers","10":"first","11":"instock","12":"taxable","13":"shipping-taxable","14":"purchasable","15":"product-type-variable","16":"has-default-attributes"},"ct_brands":[],"_links":{"self":[{"href":"https:\/\/zbranebudai.sk\/hu\/wp-json\/wp\/v2\/product\/19582","targetHints":{"allow":["GET"]}}],"collection":[{"href":"https:\/\/zbranebudai.sk\/hu\/wp-json\/wp\/v2\/product"}],"about":[{"href":"https:\/\/zbranebudai.sk\/hu\/wp-json\/wp\/v2\/types\/product"}],"wp:featuredmedia":[{"embeddable":true,"href":"https:\/\/zbranebudai.sk\/hu\/wp-json\/wp\/v2\/media\/19648"}],"wp:attachment":[{"href":"https:\/\/zbranebudai.sk\/hu\/wp-json\/wp\/v2\/media?parent=19582"}],"wp:term":[{"taxonomy":"product_brand","embeddable":true,"href":"https:\/\/zbranebudai.sk\/hu\/wp-json\/wp\/v2\/product_brand?post=19582"},{"taxonomy":"product_cat","embeddable":true,"href":"https:\/\/zbranebudai.sk\/hu\/wp-json\/wp\/v2\/product_cat?post=19582"},{"taxonomy":"product_tag","embeddable":true,"href":"https:\/\/zbranebudai.sk\/hu\/wp-json\/wp\/v2\/product_tag?post=19582"}],"curies":[{"name":"wp","href":"https:\/\/api.w.org\/{rel}","templated":true}]}}