{"id":19581,"date":"2026-01-15T17:49:20","date_gmt":"2026-01-15T15:49:20","guid":{"rendered":"https:\/\/zbranebudai.sk\/?post_type=product&#038;p=19581"},"modified":"2026-01-15T20:01:53","modified_gmt":"2026-01-15T18:01:53","slug":"deerhunter-excape-light-nadrag-realtree-excape-light-fel-nadrag","status":"publish","type":"product","link":"https:\/\/zbranebudai.sk\/hu\/product\/deerhunter-excape-light-trousers-realtree-excape-lahke-polovnicke-nohavice\/","title":{"rendered":"Deerhunter Excape Light Trousers REALTREE EXCAPE\u2122 k\u00f6nny\u0171 vad\u00e1sznadr\u00e1g"},"content":{"rendered":"<p><strong>Deerhunter Excape Light Trousers REALTREE EXCAPE\u2122 k\u00f6nny\u0171 vad\u00e1sznadr\u00e1g<\/strong> rugalmas der\u00e9kp\u00e1nttal \u00e9s el\u0151form\u00e1zott t\u00e9rdekkel a nagyobb k\u00e9nyelem \u00e9s mozg\u00e1sszabads\u00e1g \u00e9rdek\u00e9ben. A k\u00e9t el\u00fcls\u0151 zseb \u00e9s az ergonomikus cipz\u00e1ras combzseb lehet\u0151v\u00e9 teszi, hogy a fontos felszerel\u00e9seket biztons\u00e1gban \u00e9s k\u00e9zn\u00e9l tartsa. A Deer-X-Dura elasztikus meger\u0151s\u00edt\u00e9sek a h\u00e1ton \u00e9s a t\u00e9rdeken extra v\u00e9delmet ny\u00fajtanak a nagy ig\u00e9nybev\u00e9tel\u0171 ter\u00fcleteken. A nadr\u00e1g t\u00e9p\u0151z\u00e1rral \u00e1ll\u00edthat\u00f3 mandzsett\u00e1val rendelkezik, amely k\u00e9nyelmesen igazodik a csizm\u00e1hoz, \u00e9s megakad\u00e1lyozza a v\u00edz bejut\u00e1s\u00e1t.<\/p>\n<div>\n<h2>Term\u00e9k param\u00e9terek<\/h2>\n<\/div>\n<ul>\n<li>Elasztikus der\u00e9kp\u00e1nt<\/li>\n<li>K\u00e9t el\u00fcls\u0151 zseb<\/li>\n<li>Ergonomikus cipz\u00e1ras combzseb<\/li>\n<li>H\u00e1ts\u00f3 zseb cipz\u00e1rral<\/li>\n<li>El\u0151re kialak\u00edtott t\u00e9rdfel\u00fclet<\/li>\n<li>Rugalmas, meger\u0151s\u00edtett anyag az \u00fcl\u00e9s \u00e9s a t\u00e9rd ter\u00fclet\u00e9n<\/li>\n<li>\u00c1ll\u00edthat\u00f3 nadr\u00e1gv\u00e9gek p\u00e1ntokkal \u00e9s t\u00e9p\u0151z\u00e1rakkal<\/li>\n<\/ul>","protected":false},"excerpt":{"rendered":"<p>A Deerhunter Excape Light Trousers REALTREE EXCAPE\u2122 k\u00f6nny\u0171 vad\u00e1sznadr\u00e1g nagy mozg\u00e1sszabads\u00e1got, tart\u00f3s meger\u0151s\u00edt\u00e9sei r\u00e9v\u00e9n pedig megb\u00edzhat\u00f3 v\u00e9delmet ny\u00fajt akt\u00edv vad\u00e1szat k\u00f6zben. Praktikus zsebkialak\u00edt\u00e1sa \u00e9s \u00e1ll\u00edthat\u00f3 sz\u00e1rv\u00e9ge miatt ide\u00e1lis v\u00e1laszt\u00e1s v\u00e1ltozatos terep- \u00e9s id\u0151j\u00e1r\u00e1si k\u00f6r\u00fclm\u00e9nyek k\u00f6z\u00f6tt.<\/p>","protected":false},"featured_media":19646,"template":"","meta":{"_gspb_post_css":""},"product_brand":[],"product_cat":[2369],"product_tag":[2322,2536],"class_list":{"0":"post-19581","1":"product","2":"type-product","3":"status-publish","4":"has-post-thumbnail","6":"product_cat-nohavice","7":"product_tag-deerhunter","8":"product_tag-excape-light-trousers","10":"first","11":"instock","12":"taxable","13":"shipping-taxable","14":"purchasable","15":"product-type-variable","16":"has-default-attributes"},"ct_brands":[],"_links":{"self":[{"href":"https:\/\/zbranebudai.sk\/hu\/wp-json\/wp\/v2\/product\/19581","targetHints":{"allow":["GET"]}}],"collection":[{"href":"https:\/\/zbranebudai.sk\/hu\/wp-json\/wp\/v2\/product"}],"about":[{"href":"https:\/\/zbranebudai.sk\/hu\/wp-json\/wp\/v2\/types\/product"}],"wp:featuredmedia":[{"embeddable":true,"href":"https:\/\/zbranebudai.sk\/hu\/wp-json\/wp\/v2\/media\/19646"}],"wp:attachment":[{"href":"https:\/\/zbranebudai.sk\/hu\/wp-json\/wp\/v2\/media?parent=19581"}],"wp:term":[{"taxonomy":"product_brand","embeddable":true,"href":"https:\/\/zbranebudai.sk\/hu\/wp-json\/wp\/v2\/product_brand?post=19581"},{"taxonomy":"product_cat","embeddable":true,"href":"https:\/\/zbranebudai.sk\/hu\/wp-json\/wp\/v2\/product_cat?post=19581"},{"taxonomy":"product_tag","embeddable":true,"href":"https:\/\/zbranebudai.sk\/hu\/wp-json\/wp\/v2\/product_tag?post=19581"}],"curies":[{"name":"wp","href":"https:\/\/api.w.org\/{rel}","templated":true}]}}