{"id":19580,"date":"2026-01-15T17:49:20","date_gmt":"2026-01-15T15:49:20","guid":{"rendered":"https:\/\/zbranebudai.sk\/?post_type=product&#038;p=19580"},"modified":"2026-01-15T20:00:23","modified_gmt":"2026-01-15T18:00:23","slug":"deerhunter-excape-steppelt-nadrag-realtree-excape-steppelt-nadrag","status":"publish","type":"product","link":"https:\/\/zbranebudai.sk\/hu\/product\/deerhunter-excape-quilted-trousers-realtree-excape-presivane-polovnicke-nohavice\/","title":{"rendered":"Deerhunter Excape Quilted Trousers REALTREE EXCAPE\u2122 steppelt vad\u00e1sznadr\u00e1g"},"content":{"rendered":"<p><strong>Deerhunter Excape Quilted Trousers REALTREE EXCAPE\u2122 steppelt vad\u00e1sznadr\u00e1g<\/strong>\u00a0ide\u00e1lis kieg\u00e9sz\u00edt\u0151je az Excape Quilted kollekci\u00f3nak, \u00e9s v\u00edz\u00e1ll\u00f3 \u00e9s szigetelt kialak\u00edt\u00e1suknak k\u00f6sz\u00f6nhet\u0151en t\u00f6k\u00e9letesen alkalmasak a t\u00e9li id\u0151j\u00e1r\u00e1sban val\u00f3 haszn\u00e1latra. Az el\u00fcls\u0151 cipz\u00e1r pattint\u00f3s z\u00e1r\u00f3d\u00e1ssal, a kontrasztos r\u00e9szeken tal\u00e1lhat\u00f3 elasztikus bet\u00e9tek, valamint a rugalmas der\u00e9kr\u00e9sz \u00e9s szeg\u00e9ly k\u00e9nyelmes \u00e9s biztos illeszked\u00e9st biztos\u00edt.<\/p>\n<div>\n<h2>Term\u00e9k param\u00e9terek<\/h2>\n<\/div>\n<ul>\n<li>Rugalmas kontrasztos bet\u00e9tek a nagyobb k\u00e9nyelem\u00e9rt<\/li>\n<li>Elasztikus der\u00e9kp\u00e1nt<\/li>\n<li>Cipz\u00e1ras z\u00e1r\u00f3d\u00e1s \u00e9s patentok az el\u00fcls\u0151 r\u00e9sz k\u00f6zep\u00e9n<\/li>\n<li>Rugalmas p\u00e1nt a talp alatt<\/li>\n<\/ul>","protected":false},"excerpt":{"rendered":"<p>A Deerhunter Excape Quilted Trousers REALTREE EXCAPE\u2122 steppelt vad\u00e1sznadr\u00e1g meleg, k\u00e9nyelmes viseletet ny\u00fajt hideg, nedves t\u00e9li napokon. Rugalmas bet\u00e9tei \u00e9s \u00e1ll\u00e9kony, v\u00edzleperget\u0151 kivitele r\u00e9v\u00e9n j\u00f3l haszn\u00e1lhat\u00f3 lesvad\u00e1szathoz, cserkel\u00e9shez \u00e9s m\u00e1s t\u00e9li szabadt\u00e9ri tev\u00e9kenys\u00e9gekhez.<\/p>","protected":false},"featured_media":19644,"template":"","meta":{"_gspb_post_css":""},"product_brand":[],"product_cat":[2369],"product_tag":[2322,2535],"class_list":{"0":"post-19580","1":"product","2":"type-product","3":"status-publish","4":"has-post-thumbnail","6":"product_cat-nohavice","7":"product_tag-deerhunter","8":"product_tag-excape-quilted-trousers","10":"first","11":"instock","12":"taxable","13":"shipping-taxable","14":"purchasable","15":"product-type-variable","16":"has-default-attributes"},"ct_brands":[],"_links":{"self":[{"href":"https:\/\/zbranebudai.sk\/hu\/wp-json\/wp\/v2\/product\/19580","targetHints":{"allow":["GET"]}}],"collection":[{"href":"https:\/\/zbranebudai.sk\/hu\/wp-json\/wp\/v2\/product"}],"about":[{"href":"https:\/\/zbranebudai.sk\/hu\/wp-json\/wp\/v2\/types\/product"}],"wp:featuredmedia":[{"embeddable":true,"href":"https:\/\/zbranebudai.sk\/hu\/wp-json\/wp\/v2\/media\/19644"}],"wp:attachment":[{"href":"https:\/\/zbranebudai.sk\/hu\/wp-json\/wp\/v2\/media?parent=19580"}],"wp:term":[{"taxonomy":"product_brand","embeddable":true,"href":"https:\/\/zbranebudai.sk\/hu\/wp-json\/wp\/v2\/product_brand?post=19580"},{"taxonomy":"product_cat","embeddable":true,"href":"https:\/\/zbranebudai.sk\/hu\/wp-json\/wp\/v2\/product_cat?post=19580"},{"taxonomy":"product_tag","embeddable":true,"href":"https:\/\/zbranebudai.sk\/hu\/wp-json\/wp\/v2\/product_tag?post=19580"}],"curies":[{"name":"wp","href":"https:\/\/api.w.org\/{rel}","templated":true}]}}